{"id":219,"date":"2015-08-11T12:51:18","date_gmt":"2015-08-11T12:51:18","guid":{"rendered":"http:\/\/wordpress.leibniz-institut.de\/?page_id=219"},"modified":"2016-03-06T08:58:28","modified_gmt":"2016-03-06T08:58:28","slug":"lk7-detail","status":"publish","type":"page","link":"https:\/\/leibniz-institut.de\/ru\/konferenzen\/konferenz-archiv\/7-leibnizkonferenz-sensorsysteme-2008\/lk7-detail\/","title":{"rendered":"Programm der 7. Leibniz-Konferenz"},"content":{"rendered":"<p><strong>Donnerstag, 16. Oktober 2008<\/strong><\/p>\n<table border=\"0\" width=\"100%\" cellspacing=\"5\" cellpadding=\"5\">\n<tbody>\n<tr align=\"left\" valign=\"top\">\n<td width=\"20%\">09:00 \u2013 10:00<\/td>\n<td>Anmeldung\/Registrierung<\/td>\n<\/tr>\n<tr align=\"left\" valign=\"top\">\n<td>10:00 \u2013 10:30<\/td>\n<td><img decoding=\"async\" src=\"\/images\/pdf_icon.gif\" alt=\"\" \/>  <a href=\"\/Konferenzen\/Sensorsysteme-2008\/junghans_einfuehrung.pdf\" target=\"_blank\"><strong>Begr\u00fc\u00dfung und Er\u00f6ffnung<\/strong><\/a> (PDF, 55kB)<br \/>\nL.-G. Fleischer, B. Junghans<\/td>\n<\/tr>\n<\/tbody>\n<\/table>\n<table border=\"0\" width=\"100%\" cellspacing=\"5\" cellpadding=\"5\">\n<tbody>\n<tr align=\"left\" valign=\"top\">\n<td width=\"20%\">10:30 \u2013 11:15<\/td>\n<td>SMART SYSTEMS<\/td>\n<\/tr>\n<tr align=\"left\" valign=\"top\">\n<td width=\"20%\"><\/td>\n<td>Th. GESSNER (eingeladener Vortrag)<br \/>\nFhG-Einrichtung f\u00fcr Elektronische Nanosysteme (ENAS) und TU Chemnitz, Zentrum f\u00fcr Mikrotechnologien (ZfM), Chemnitz<br \/>\n<img decoding=\"async\" src=\"\/images\/pdf_icon.gif\" alt=\"\" \/> <a href=\"\/Konferenzen\/Sensorsysteme-2008\/gessner_smart_systems_integration.pdf\" target=\"_blank\"><strong>\u201eSmart Systems Integration \u2013 Eine Herausforderung f\u00fcr zu- k\u00fcnftige Mikro- und Nanosysteme\u201c<\/strong><\/a> (PDF, 7.2MB)<\/td>\n<\/tr>\n<\/tbody>\n<\/table>\n<table border=\"0\" width=\"100%\" cellspacing=\"5\" cellpadding=\"5\">\n<tbody>\n<tr align=\"left\" valign=\"top\">\n<td nowrap=\"nowrap\" width=\"20%\">11:15 \u2013 13:15<\/td>\n<td>SENSORSYSTEME<\/td>\n<\/tr>\n<tr align=\"left\" valign=\"top\">\n<td><\/td>\n<td>M. REIMANN<br \/>\nBosch Automotive Sensorentwicklung, Reutlingen<br \/>\n<strong><img decoding=\"async\" src=\"\/images\/pdf_icon.gif\" alt=\"\" \/> <a href=\"\/Konferenzen\/Sensorsysteme-2008\/reimann_mikromechanische_bosch_sensorik.pdf\" target=\"_blank\">\u201eMikromechanische Bosch Sensorik f\u00fcr Sicherheit im KFZ und Consumer-Anwendungen\u201c<\/a><\/strong> (PDF, 11.9MB)<\/td>\n<\/tr>\n<tr align=\"left\" valign=\"top\">\n<td><\/td>\n<td>M. ASHAUER<br \/>\nInstitut f\u00fcr Mikro- und Informationstechnik, Villingen-Schwennigen<br \/>\n<strong><img decoding=\"async\" src=\"\/images\/pdf_icon.gif\" alt=\"\" \/> <a href=\"\/Konferenzen\/Sensorsysteme-2008\/ashauer_thermische%20sensoren.pdf\" target=\"_blank\">\u201eThermische Sensoren zur direkten Bestimmung physikalischer Zustands- und Stoffgr\u00f6\u00dfen\u201c<\/a> <\/strong>(PDF, 2.1MB)<\/td>\n<\/tr>\n<tr align=\"left\" valign=\"top\">\n<td><\/td>\n<td>G. SCH\u00d6NFELDER<br \/>\nPrignitz Mikrosystemtechnik GmbH, Wittenberge<br \/>\n<strong><img decoding=\"async\" src=\"\/images\/pdf_icon.gif\" alt=\"\" \/> <a href=\"\/Konferenzen\/Sensorsysteme-2008\/schoenfelder_flexible_messsysteme.pdf\" target=\"_blank\">\u201eFlexible und energieautarke Me\u00dfsysteme\u201c<\/a><\/strong> (PDF, 932kB)<\/td>\n<\/tr>\n<tr align=\"left\" valign=\"top\">\n<td><\/td>\n<td>St. SCHUBERT<br \/>\nProductivity Engeneering Gesellschaft f\u00fcr IC Design mbH, Kesselsdorf und Dresden<br \/>\n<strong><img decoding=\"async\" src=\"\/images\/pdf_icon.gif\" alt=\"\" \/>  <a href=\"\/Konferenzen\/Sensorsysteme-2008\/schubert_power_supply_efficiency.pdf\" target=\"_blank\">\u201ePower supply efficiency by current and voltage sensing\u201c<\/a><\/strong> (PDF, 3.4MB)<\/td>\n<\/tr>\n<\/tbody>\n<\/table>\n<table border=\"0\" width=\"100%\" cellspacing=\"5\" cellpadding=\"5\">\n<tbody>\n<tr align=\"left\" valign=\"top\">\n<td width=\"20%\">13:15 \u2013 14:15<\/td>\n<td>M I T T A G E S S E N<\/td>\n<\/tr>\n<\/tbody>\n<\/table>\n<table border=\"0\" width=\"100%\" cellspacing=\"5\" cellpadding=\"5\">\n<tbody>\n<tr align=\"left\" valign=\"top\">\n<td nowrap=\"nowrap\" width=\"20%\">14:15 \u201316:45<\/td>\n<td>ANWENDUNG VON SENSORSYSTEMEN F\u00dcR PROZESS- UND ZUSTANDS\u00dcBERWACHUNG (I)<\/td>\n<\/tr>\n<tr align=\"left\" valign=\"top\">\n<td><\/td>\n<td>J. W\u00d6LLENSTEIN<br \/>\nFhG-Institut f\u00fcr Physikalische Messtechnik (IPM), Freiburg<br \/>\n<strong><img decoding=\"async\" src=\"\/images\/pdf_icon.gif\" alt=\"\" \/> <a href=\"\/Konferenzen\/Sensorsysteme-2008\/woellenstein_fuehlende_rifids.pdf\" target=\"_blank\">\u201eF\u00fchlende RFIDs \u2013 Neue Ans\u00e4tze zur RFID-basierten Sensorik\u201c<\/a> <\/strong>(PDF, 1.8MB)<\/td>\n<\/tr>\n<tr align=\"left\" valign=\"top\">\n<td><\/td>\n<td>T. THIEME1), Th. GESSNER2), A. BERTZ3), F. KRIEBEL4),<br \/>\nA. NEBELING5), K. HERBST6)<br \/>\n1)Memsfab, Chemnitz; 2)FhG, Chemnitz; 3)TU Chemnitz; 4)KSW Microtec, Dresden; 5)EMOS, Dortmund; 6)Schenker AG, Dresden<br \/>\n<strong><img decoding=\"async\" src=\"\/images\/pdf_icon.gif\" alt=\"\" \/> <\/strong><a href=\"\/Konferenzen\/Sensorsysteme-2008\/thieme_kombination_mems-sensorik_rif.pdf\" target=\"_blank\"><strong>\u201eEine innovative Kombination von MEMS-Sensorik und RFID-Technik zum Zwecke der Transport\u00fcberwachung in Logistikketten\u201c<\/strong><\/a> (PDF, 2.5MB)<\/td>\n<\/tr>\n<tr align=\"left\" valign=\"top\">\n<td><\/td>\n<td>J. TREBUS1), P. PARUS2)<br \/>\n1)FhG-Anwendungszentrum f\u00fcr Logistiksystemplanung und In-formationssysteme, Cottbus; 2) TU Cottbus, Cottbus<br \/>\n<strong><img decoding=\"async\" src=\"\/images\/pdf_icon.gif\" alt=\"\" \/> <a href=\"\/Konferenzen\/Sensorsysteme-2008\/trebus_tracking_tracing_systeme.pdf\" target=\"_blank\">\u201eTracking &amp; Tracing Systeme in Wertsch\u00f6pfungsnetzwerken \u2013 R\u00fcckverfolgbarkeit mit Hilfe von RFID\u201c<\/a><\/strong> (PDF, 1.8MB)<\/td>\n<\/tr>\n<tr align=\"left\" valign=\"top\">\n<td><\/td>\n<td>F. GRUNERT<br \/>\nMAZeT GmbH, Jena<br \/>\n<strong><img decoding=\"async\" src=\"\/images\/pdf_icon.gif\" alt=\"\" \/> <\/strong><a href=\"\/Konferenzen\/Sensorsysteme-2008\/grunert_sensorsysteme.pdf\" target=\"_blank\"><strong>\u201eHochintegrierte optoelektronische Sensorsysteme f\u00fcr Massenanwendungen in Industrie, Medizin und Umwelt\u201c<\/strong><\/a><strong>  <\/strong>(PDF, 7.2MB)<\/td>\n<\/tr>\n<tr align=\"left\" valign=\"top\">\n<td><\/td>\n<td>R. RIESENBERG<br \/>\nFhG-Institut f\u00fcr Photonische Systeme (IPHT), Jena<br \/>\n<strong>\u201eAnwendungsspezifische Optimierung von spektro-skopischen Sensorsystemen und Auswertungsverfahren\u201c<\/strong><\/td>\n<\/tr>\n<\/tbody>\n<\/table>\n<table border=\"0\" width=\"100%\" cellspacing=\"5\" cellpadding=\"5\">\n<tbody>\n<tr align=\"left\" valign=\"top\">\n<td width=\"20%\">16:45 \u2013 17:00<\/td>\n<td>P A U S E<\/td>\n<\/tr>\n<\/tbody>\n<\/table>\n<table border=\"0\" width=\"100%\" cellspacing=\"5\" cellpadding=\"5\">\n<tbody>\n<tr align=\"left\" valign=\"top\">\n<td nowrap=\"nowrap\" width=\"20%\">17:00 \u2013 19.00<\/td>\n<td>ANWENDUNG VON SENSORSYSTEMEN F\u00dcR PROZESS- UND ZUSTANDS\u00dcBERWACHUNG (II)<\/td>\n<\/tr>\n<tr align=\"left\" valign=\"top\">\n<td><\/td>\n<td>R. KOCH<br \/>\nDiehl BGT Defence GmbH &amp; Co KG, \u00dcberlingen<br \/>\n<strong><img decoding=\"async\" src=\"\/images\/pdf_icon.gif\" alt=\"\" \/> <a href=\"\/Konferenzen\/Sensorsysteme-2008\/koch_sensor_network.pdf\" target=\"_blank\">\u201eSensor Network for Surveillance (SeNSe)\u201c<\/a><\/strong> (PDF, 2.9MB)<\/td>\n<\/tr>\n<tr align=\"left\" valign=\"top\">\n<td><\/td>\n<td>M. RODE<br \/>\nCarl Zeiss Microimaging GmbH, Jena<br \/>\n<strong><img decoding=\"async\" src=\"\/images\/pdf_icon.gif\" alt=\"\" \/> <a href=\"\/Konferenzen\/Sensorsysteme-2008\/rode_sensoren_agrartechnik.pdf\" target=\"_blank\">\u201eSensorsysteme f\u00fcr den agrartechnischen Einsatz\u201c<\/a><\/strong> (PDF, 1.5MB)<\/td>\n<\/tr>\n<tr align=\"left\" valign=\"top\">\n<td><\/td>\n<td>J. SCHREIBER<br \/>\nFhG-Institut f\u00fcr Zerst\u00f6rungsfreie Pr\u00fcfverfahren (IZFP), Dresden<br \/>\n<strong><img decoding=\"async\" src=\"\/images\/pdf_icon.gif\" alt=\"\" \/> <a href=\"\/Konferenzen\/Sensorsysteme-2008\/schreiber_structural_health_monitoring.pdf\" target=\"_blank\">\u201eStructural Health Monitoring an Gro\u00dfanalgen unter Anwendung von Multisensorsystemen und fraktalbasierten Auswertungsverfahren\u201c<\/a><\/strong> (PDF, 3.0MB)<\/td>\n<\/tr>\n<tr align=\"left\" valign=\"top\">\n<td><\/td>\n<td>V. GUDELEV, A. SMIRNOW<br \/>\nAkademie der Wissenschaften Wei\u00dfrusslands B. I. Stepanov-Institut f\u00fcr Physik, Minsk<br \/>\n<strong><img decoding=\"async\" src=\"\/images\/pdf_icon.gif\" alt=\"\" \/> <\/strong><a href=\"\/Konferenzen\/Sensorsysteme-2008\/smirnov_online_monitoring.pdf\" target=\"_blank\"><strong>\u201eFast online monitoring of mechanical stress in mass processing of semiconductor wafers for photovoltaic applications\u201c<\/strong><\/a> (PDF, 2.1MB)<\/td>\n<\/tr>\n<\/tbody>\n<\/table>\n<p><strong>Freitag, 17. Oktober 2008<\/strong><\/p>\n<table border=\"0\" width=\"100%\" cellspacing=\"5\" cellpadding=\"5\">\n<tbody>\n<tr align=\"left\" valign=\"top\">\n<td nowrap=\"nowrap\" width=\"20%\">9:00 \u2013 11:45<\/td>\n<td>AMBIENT ASSISTED LIVING<\/td>\n<\/tr>\n<tr align=\"left\" valign=\"top\">\n<td><\/td>\n<td>G. FINKING (eingeladener Vortrag)<br \/>\nBundesministerium f\u00fcr Bildung und Forschung, Referat Mikrosystemtechnik, Bonn<br \/>\n<strong><img decoding=\"async\" src=\"\/images\/pdf_icon.gif\" alt=\"\" \/> <a href=\"\/Konferenzen\/Sensorsysteme-2008\/finking_ambient_assisted_living.pdf\" target=\"_blank\">\u201eAmbient Assisted Living\u201c<\/a><\/strong> (PDF, 1.9MB)<\/td>\n<\/tr>\n<tr align=\"left\" valign=\"top\">\n<td><\/td>\n<td>W.-J. FISCHER, A. HEING, M. STEINERT<br \/>\nFhG-Institut f\u00fcr Photonische Mikrosysteme (IPMS), Dresden<br \/>\n<strong><img decoding=\"async\" src=\"\/images\/pdf_icon.gif\" alt=\"\" \/> <a href=\"\/Konferenzen\/Sensorsysteme-2008\/fischer_langzeit_bewegungsmonitoring.pdf\" target=\"_blank\">\u201eLangzeit-Bewegungsmonitoring von Personen mittels eines portablen Ger\u00e4tes mit Bluetooth-Schnittstelle\u201d<\/a><\/strong> (PDF, 1.7MB)<\/td>\n<\/tr>\n<tr align=\"left\" valign=\"top\">\n<td><\/td>\n<td>M. GRUNWALD<br \/>\nUniversit\u00e4t Leipzig, Haptik- und EEG-Forschungslabor, Leipzig<br \/>\n<strong><img decoding=\"async\" src=\"\/images\/pdf_icon.gif\" alt=\"\" \/> <a href=\"\/Konferenzen\/Sensorsysteme-2008\/grunwald_tastsinn.pdf\" target=\"_blank\">\u201eDer Tastsinn im Griff der Technikwissenschaften? Herausforderungen und Grenzen aktueller Haptikforschung\u201c<\/a><\/strong> (PDF, 1.2MB)<br \/>\n<img decoding=\"async\" src=\"http:\/\/www.leibniz-institut.de\/cms\/usr_pix\/17_small_icon_wmv.gif\" alt=\"\" \/><strong> <a href=\"\/Konferenzen\/Sensorsysteme-2008\/paramecium.wmv\" target=\"_blank\">Animation paramecium.wmv<\/a><\/strong> (Video zur PDF-Version des Vortrages, WMV, 1.0MB)<\/td>\n<\/tr>\n<tr align=\"left\" valign=\"top\">\n<td><\/td>\n<td>M. BIRKHOLZ<br \/>\nIHP, Frankfurt\/Oder<br \/>\n<strong><img decoding=\"async\" src=\"\/images\/pdf_icon.gif\" alt=\"\" \/> <a href=\"\/Konferenzen\/Sensorsysteme-2008\/birkholz_perspektiven_biomolekuelsensorik.pdf\" target=\"_blank\">\u201ePerspektiven f\u00fcr die Biomolek\u00fclsensorik zwischen Mikro-elektronik und Biotechnologie\u201c<\/a><\/strong> (PDF, 1.4MB)<\/td>\n<\/tr>\n<tr align=\"left\" valign=\"top\">\n<td><\/td>\n<td>J. LEONHARDT<br \/>\nInstitut f\u00fcr Umwelttechnologie GmbH (I.U.T), Berlin<br \/>\n<strong><img decoding=\"async\" src=\"\/images\/pdf_icon.gif\" alt=\"\" \/> <a href=\"\/Konferenzen\/Sensorsysteme-2008\/leonhardt_sensoren_bildgebenden_systeme.pdf\" target=\"_blank\">\u201eSensoren in bildgebenden Systemen der Sicherheitstechnik\u201c<\/a> <\/strong>(PDF, 2.0MB)<\/td>\n<\/tr>\n<\/tbody>\n<\/table>\n<table border=\"0\" width=\"100%\" cellspacing=\"5\" cellpadding=\"5\">\n<tbody>\n<tr align=\"left\" valign=\"top\">\n<td nowrap=\"nowrap\" width=\"20%\">11:45 \u2013 12:15<\/td>\n<td>POSTER SESSION<\/td>\n<\/tr>\n<tr align=\"left\" valign=\"top\">\n<td><\/td>\n<td>H. T\u00d6PFER<br \/>\nInstitut f\u00fcr Mikroelektronik- und Mechatronik-Systeme gGmbH (IMMS), Ilmenau<br \/>\n<strong>\u201eEntwicklung eines mechanischen Energiewandlers zur autarken Energieversorgung von Sensornetzwerkknoten\u201c<\/strong><\/td>\n<\/tr>\n<tr align=\"left\" valign=\"top\">\n<td><\/td>\n<td>W. KATTANEK<br \/>\nInstitut f\u00fcr Mikroelektronik- und Mechatronik-Systeme gGmbH (IMMS), Ilmenau<br \/>\n<strong>\u201eEinsatz drahtloser Sensornetzwerke zur Geb\u00e4udeautomatisierung\u201c<\/strong><\/td>\n<\/tr>\n<tr align=\"left\" valign=\"top\">\n<td><\/td>\n<td>M. TAUBE<br \/>\nTEKO Systemkonzept GmbH, Potsdam<br \/>\n<strong>\u201eSelbstorganisierende Funknetzwerke am Beispiel von Tracking und Tracing von Personen und G\u00fctern am Flughafen\u201c<\/strong><\/td>\n<\/tr>\n<\/tbody>\n<\/table>\n<table border=\"0\" width=\"100%\" cellspacing=\"5\" cellpadding=\"5\">\n<tbody>\n<tr align=\"left\" valign=\"top\">\n<td nowrap=\"nowrap\" width=\"20%\">12:15 \u2013 13:15<\/td>\n<td>DRAHTLOSE SENSORSYSTEME (I)<\/td>\n<\/tr>\n<tr align=\"left\" valign=\"top\">\n<td><\/td>\n<td>T. ROSSBACH<br \/>\nInstitut f\u00fcr Mikroelektronik- und Mechatronik-Systeme gGmbH (IMMS), Ilmenau<br \/>\n<strong><img decoding=\"async\" src=\"\/images\/pdf_icon.gif\" alt=\"\" \/> <a href=\"\/Konferenzen\/Sensorsysteme-2008\/rossbach_topologie_und_routing.pdf\" target=\"_blank\">\u201eTopologie und Routing in Sensornetzwerken und Auswirkungen auf die Energieeffizienz\u201c<\/a><\/strong> (PDF, 663kB)<\/td>\n<\/tr>\n<tr align=\"left\" valign=\"top\">\n<td><\/td>\n<td>B. GROHMANN<br \/>\nZensys Inc, Fremont\/USA<br \/>\n<strong><img decoding=\"async\" src=\"\/images\/pdf_icon.gif\" alt=\"\" \/> <a href=\"\/Konferenzen\/Sensorsysteme-2008\/grohmann_babylonische_spachgewirr.pdf\" target=\"_blank\">\u201eBabylonisches Sprachgewirr \u2013 Trends bei Wireless Standards f\u00fcr kurze Entfernungen\u201c<\/a><\/strong> (PDF, 318kB)<\/td>\n<\/tr>\n<\/tbody>\n<\/table>\n<table border=\"0\" width=\"100%\" cellspacing=\"5\" cellpadding=\"5\">\n<tbody>\n<tr align=\"left\" valign=\"top\">\n<td width=\"20%\">13:15 \u2013 14:15<\/td>\n<td>M I T T A G E S S E N<\/td>\n<\/tr>\n<\/tbody>\n<\/table>\n<table border=\"0\" width=\"100%\" cellspacing=\"5\" cellpadding=\"5\">\n<tbody>\n<tr align=\"left\" valign=\"top\">\n<td nowrap=\"nowrap\" width=\"20%\">14:15 &#8212; 15:45<\/td>\n<td>DRAHTLOSE SENSORSYSTEME (II)<\/td>\n<\/tr>\n<tr align=\"left\" valign=\"top\">\n<td><\/td>\n<td>A. WOLF<br \/>\nDWW GmbH , Berlin<br \/>\n<strong><img decoding=\"async\" src=\"\/images\/pdf_icon.gif\" alt=\"\" \/> <a href=\"\/Konferenzen\/Sensorsysteme-2008\/wolf_sub_1ghz_loesungen.pdf\" target=\"_blank\">\u201eIEEE802.15.4V2006 Sub-1 GHz-L\u00f6sungen f\u00fcr Sensornetzwerke mit optimierter Funkabdeckung\u201c<\/a><\/strong> (PDF, 523kB)<\/td>\n<\/tr>\n<tr align=\"left\" valign=\"top\">\n<td><\/td>\n<td>K. MEYER, D. EGGERT<br \/>\nAtmel Automotive GmbH, Dresden<br \/>\n<strong><img decoding=\"async\" src=\"\/images\/pdf_icon.gif\" alt=\"\" \/> <a href=\"\/Konferenzen\/Sensorsysteme-2008\/meyer_funknetzwerke_niedrigen_datenraten.pdf\" target=\"_blank\">\u201eFunknetzwerke mit niedrigen Datenraten \u2013 L\u00f6sungen f\u00fcr Heute und Morgen\u201c<\/a><\/strong> (PDF, 360kB)<\/td>\n<\/tr>\n<tr align=\"left\" valign=\"top\">\n<td><\/td>\n<td>P. LANGD\u00d6RFER, R. KRAEMER<br \/>\nIHP, Frankfurt\/Oder<br \/>\n<strong><img decoding=\"async\" src=\"\/images\/pdf_icon.gif\" alt=\"\" \/> <a href=\"\/Konferenzen\/Sensorsysteme-2008\/langendoerfer_sicherheitskonzepte.pdf\" target=\"_blank\">\u201eSicherheitskonzepte f\u00fcr drahtlose Sensorsysteme\u201c<\/a><\/strong> (PDF, 2.3MB)<\/td>\n<\/tr>\n<\/tbody>\n<\/table>\n<table border=\"0\" width=\"100%\" cellspacing=\"5\" cellpadding=\"5\">\n<tbody>\n<tr align=\"left\" valign=\"top\">\n<td width=\"20%\">15:45 \u2013 16:15<\/td>\n<td>P A U S E<\/td>\n<\/tr>\n<\/tbody>\n<\/table>\n<table border=\"0\" width=\"100%\" cellspacing=\"5\" cellpadding=\"5\">\n<tbody>\n<tr align=\"left\" valign=\"top\">\n<td nowrap=\"nowrap\" width=\"20%\">16:15 \u2013 18:45<\/td>\n<td>HUMANE UND GESELLSCHAFTLICHE ASPEKTE DES MASSENHAFTEN EINSATZES VON SENSORSYSTEMEN<\/td>\n<\/tr>\n<tr align=\"left\" valign=\"top\">\n<td><\/td>\n<td>A. ROTHKEGEL<br \/>\nTU Chemnitz, Angewandte Sprachwissenschaft<br \/>\n<strong><img decoding=\"async\" src=\"\/images\/pdf_icon.gif\" alt=\"\" \/> <a href=\"\/Konferenzen\/Sensorsysteme-2008\/rothkegel_vermittlung_technikwissen.pdf\" target=\"_blank\">\u201eVermittlung von Technikwissen als Beitrag zur Sicherheitskultur\u201c<\/a><\/strong> (PDF, 286kB)<\/td>\n<\/tr>\n<tr align=\"left\" valign=\"top\">\n<td><\/td>\n<td>G. BANSE<br \/>\nForschungszentrum Karlsruhe GmbH, Institut f\u00fcr Technikfolgenabsch\u00e4tzung und Systemanalyse, Eggenstein-Leopoldshafen<br \/>\n<strong><img decoding=\"async\" src=\"\/images\/pdf_icon.gif\" alt=\"\" \/> <a href=\"\/Konferenzen\/Sensorsysteme-2008\/banse_glaeserner_mensch.pdf\" target=\"_blank\">\u201eDer gl\u00e4serne Mensch\u201c<\/a><\/strong> (PDF, 527kB)<\/td>\n<\/tr>\n<\/tbody>\n<\/table>\n","protected":false},"excerpt":{"rendered":"<p>Donnerstag, 16. Oktober 2008 09:00 \u2013 10:00 Anmeldung\/Registrierung 10:00 \u2013 10:30 Begr\u00fc\u00dfung und Er\u00f6ffnung (PDF, 55kB) L.-G. Fleischer, B. Junghans 10:30 \u2013 11:15 SMART SYSTEMS Th. GESSNER (eingeladener Vortrag) FhG-Einrichtung <a class=\"more-link\" href=\"https:\/\/leibniz-institut.de\/ru\/konferenzen\/konferenz-archiv\/7-leibnizkonferenz-sensorsysteme-2008\/lk7-detail\/\">Weiterlesen \u2192<\/a><\/p>\n","protected":false},"author":2,"featured_media":0,"parent":114,"menu_order":0,"comment_status":"closed","ping_status":"closed","template":"","meta":{"footnotes":""},"class_list":["post-219","page","type-page","status-publish","hentry"],"translation":{"provider":"WPGlobus","version":"3.0.2","language":"ru","enabled_languages":["de","en","ru"],"languages":{"de":{"title":true,"content":true,"excerpt":false},"en":{"title":false,"content":false,"excerpt":false},"ru":{"title":false,"content":false,"excerpt":false}}},"_links":{"self":[{"href":"https:\/\/leibniz-institut.de\/ru\/wp-json\/wp\/v2\/pages\/219","targetHints":{"allow":["GET"]}}],"collection":[{"href":"https:\/\/leibniz-institut.de\/ru\/wp-json\/wp\/v2\/pages"}],"about":[{"href":"https:\/\/leibniz-institut.de\/ru\/wp-json\/wp\/v2\/types\/page"}],"author":[{"embeddable":true,"href":"https:\/\/leibniz-institut.de\/ru\/wp-json\/wp\/v2\/users\/2"}],"replies":[{"embeddable":true,"href":"https:\/\/leibniz-institut.de\/ru\/wp-json\/wp\/v2\/comments?post=219"}],"version-history":[{"count":5,"href":"https:\/\/leibniz-institut.de\/ru\/wp-json\/wp\/v2\/pages\/219\/revisions"}],"predecessor-version":[{"id":502,"href":"https:\/\/leibniz-institut.de\/ru\/wp-json\/wp\/v2\/pages\/219\/revisions\/502"}],"up":[{"embeddable":true,"href":"https:\/\/leibniz-institut.de\/ru\/wp-json\/wp\/v2\/pages\/114"}],"wp:attachment":[{"href":"https:\/\/leibniz-institut.de\/ru\/wp-json\/wp\/v2\/media?parent=219"}],"curies":[{"name":"wp","href":"https:\/\/api.w.org\/{rel}","templated":true}]}}