{"id":2323,"date":"2025-11-23T15:00:03","date_gmt":"2025-11-23T15:00:03","guid":{"rendered":"https:\/\/leibniz-institut.de\/?page_id=2323"},"modified":"2025-12-03T17:10:48","modified_gmt":"2025-12-03T17:10:48","slug":"workshop-darmmikrobiom","status":"publish","type":"page","link":"https:\/\/leibniz-institut.de\/ru\/lifis-akademie\/leibniz-symposia-on-multiomics\/workshop-darmmikrobiom\/","title":{"rendered":"Workshop &#171;Darmmikrobiom&#187;"},"content":{"rendered":"\n<p>Der Workshop fand am 26. November 2025, 15 bis 18 Uhr statt.<\/p>\n\n\n\n<ul class=\"wp-block-list\">\n<li><a href=\"https:\/\/leibniz-institut.de\/WordPress_01\/wp-content\/uploads\/2025-11-26.pdf\">Ank\u00fcndigung<\/a><\/li>\n\n\n\n<li>Premium partner: BIOMES GmbH<\/li>\n\n\n\n<li>Leitvortrag: Darmmikrobiom<\/li>\n\n\n\n<li>Referent: Dr. Paul Hammer, CEO, BIOMES GmbH<\/li>\n\n\n\n<li>Location: Schwartzkopffstra\u00dfe 1, Halle 21, 15745 Wildau<\/li>\n<\/ul>\n\n\n\n<p>Das Darmmikrobiom \u2013 ein faszinierendes Universum aus Milliarden von Bakterien, Pilzen und anderen Mikroorganismen \u2013 ist der Schl\u00fcssel zu mehr Vitalit\u00e4t, innerer Balance und Wohlbefinden. Es unterst\u00fctzt nicht nur unsere Verdauung, sondern st\u00e4rkt auch das Immunsystem und kann sogar unsere Stimmung positiv beeinflussen. In diesem Workshop tauchen wir gemeinsam in die spannende Welt unseres \u201einneren Gartens\u201c ein. Sie erfahren, wie Ern\u00e4hrung, Bewegung und Stressmanagement Ihr Mikrobiom st\u00e4rken \u2013 und wie schon kleine Ver\u00e4nderungen im Alltag gro\u00dfe Wirkung entfalten k\u00f6nnen. Lassen Sie sich inspirieren, Ihre Gesundheit von innen heraus zu f\u00f6rdern und neue Energie zu gewinnen.<\/p>\n\n\n\n<p>Die BIOMES GmbH f\u00fchrte in der Vergangenheit schon \u00fcber 50.000 Mikrobiom-Untersuchungen von Menschen durch. Im Kontext mit anderen Gesundheitsdaten der untersuchten Personen ergeben sich st\u00e4ndig neue Erkenntnisse aus den Ergebnissen dieser Untersuchungen, die weitreichende Bedeutung f\u00fcr die individuelle Gesundheit haben k\u00f6nnen.<\/p>\n","protected":false},"excerpt":{"rendered":"<p>Der Workshop fand am 26. November 2025, 15 bis 18 Uhr statt. Das Darmmikrobiom \u2013 ein faszinierendes Universum aus Milliarden von Bakterien, Pilzen und anderen Mikroorganismen \u2013 ist der Schl\u00fcssel <a class=\"more-link\" href=\"https:\/\/leibniz-institut.de\/ru\/lifis-akademie\/leibniz-symposia-on-multiomics\/workshop-darmmikrobiom\/\">Weiterlesen \u2192<\/a><\/p>\n","protected":false},"author":2,"featured_media":0,"parent":2174,"menu_order":2,"comment_status":"closed","ping_status":"closed","template":"","meta":{"footnotes":""},"class_list":["post-2323","page","type-page","status-publish","hentry"],"translation":{"provider":"WPGlobus","version":"3.0.2","language":"ru","enabled_languages":["de","en","ru"],"languages":{"de":{"title":true,"content":true,"excerpt":false},"en":{"title":false,"content":false,"excerpt":false},"ru":{"title":false,"content":false,"excerpt":false}}},"_links":{"self":[{"href":"https:\/\/leibniz-institut.de\/ru\/wp-json\/wp\/v2\/pages\/2323","targetHints":{"allow":["GET"]}}],"collection":[{"href":"https:\/\/leibniz-institut.de\/ru\/wp-json\/wp\/v2\/pages"}],"about":[{"href":"https:\/\/leibniz-institut.de\/ru\/wp-json\/wp\/v2\/types\/page"}],"author":[{"embeddable":true,"href":"https:\/\/leibniz-institut.de\/ru\/wp-json\/wp\/v2\/users\/2"}],"replies":[{"embeddable":true,"href":"https:\/\/leibniz-institut.de\/ru\/wp-json\/wp\/v2\/comments?post=2323"}],"version-history":[{"count":3,"href":"https:\/\/leibniz-institut.de\/ru\/wp-json\/wp\/v2\/pages\/2323\/revisions"}],"predecessor-version":[{"id":2354,"href":"https:\/\/leibniz-institut.de\/ru\/wp-json\/wp\/v2\/pages\/2323\/revisions\/2354"}],"up":[{"embeddable":true,"href":"https:\/\/leibniz-institut.de\/ru\/wp-json\/wp\/v2\/pages\/2174"}],"wp:attachment":[{"href":"https:\/\/leibniz-institut.de\/ru\/wp-json\/wp\/v2\/media?parent=2323"}],"curies":[{"name":"wp","href":"https:\/\/api.w.org\/{rel}","templated":true}]}}