{"id":2325,"date":"2025-11-23T15:01:18","date_gmt":"2025-11-23T15:01:18","guid":{"rendered":"https:\/\/leibniz-institut.de\/?page_id=2325"},"modified":"2026-02-01T16:18:23","modified_gmt":"2026-02-01T16:18:23","slug":"workshop-spatial","status":"publish","type":"page","link":"https:\/\/leibniz-institut.de\/ru\/lifis-akademie\/leibniz-symposia-on-multiomics\/workshop-spatial\/","title":{"rendered":"Workshop &#171;Spatial Proteomics&#187;"},"content":{"rendered":"\n<p>Der Workshop fand am 10 Dezember 2025 statt.<\/p>\n\n\n\n<ul class=\"wp-block-list\">\n<li>Gemeinsam mit FOM Hochschule Berlin<\/li>\n\n\n\n<li>Premium Partner: AKOYA Biosciences<\/li>\n\n\n\n<li>Leitvortrag: Ultrahigh-Plex and High-Throughput Spatial Biology Solutions: From Discovery to the Clinic<\/li>\n\n\n\n<li>Referent: Dr. Adam Dickinson, Senior Field Application Scientist, Akoya Biosciences<\/li>\n\n\n\n<li>Location: FOM Hochschulzentrum, Bismarckstra\u00dfe 107, 10625 Berlin<\/li>\n<\/ul>\n\n\n\n<p>Spatial Proteomics untersucht die Verteilung und Lokalisation von Proteinen innerhalb von Zellen und Geweben. W\u00e4hrend die klassische Proteomik vor allem die Menge und Art von Proteinen erfasst, f\u00fcgt die r\u00e4umliche Proteomik eine entscheidende Dimension hinzu: Wo sich die Proteine befinden und wie ihre Position ihre Funktion beeinflusst.<\/p>\n\n\n\n<p>Akoya Biosciences ist ein Marktf\u00fchrer auf dem Gebiet der r\u00e4umlichen Proteomik und Biologie f\u00fcr Wissenschaft und Medizin. Die verschiedenen Plattformen des Unternehmens werden weltweit in zahlreichen Laboren genutzt und gelten als ein Schl\u00fcssel f\u00fcr die zuk\u00fcnftige Pr\u00e4zisionsmedizin, da sie ein tieferes Verst\u00e4ndnis von Krankheitsmechanismen \u00fcber die r\u00e4umliche Zuordnung von Zellen oder einzelnen Proteinen erm\u00f6glichen.<\/p>\n","protected":false},"excerpt":{"rendered":"<p>Der Workshop fand am 10 Dezember 2025 statt. Spatial Proteomics untersucht die Verteilung und Lokalisation von Proteinen innerhalb von Zellen und Geweben. W\u00e4hrend die klassische Proteomik vor allem die Menge <a class=\"more-link\" href=\"https:\/\/leibniz-institut.de\/ru\/lifis-akademie\/leibniz-symposia-on-multiomics\/workshop-spatial\/\">Weiterlesen \u2192<\/a><\/p>\n","protected":false},"author":2,"featured_media":0,"parent":2174,"menu_order":3,"comment_status":"closed","ping_status":"closed","template":"","meta":{"footnotes":""},"class_list":["post-2325","page","type-page","status-publish","hentry"],"translation":{"provider":"WPGlobus","version":"3.0.2","language":"ru","enabled_languages":["de","en","ru"],"languages":{"de":{"title":true,"content":true,"excerpt":false},"en":{"title":false,"content":false,"excerpt":false},"ru":{"title":false,"content":false,"excerpt":false}}},"_links":{"self":[{"href":"https:\/\/leibniz-institut.de\/ru\/wp-json\/wp\/v2\/pages\/2325","targetHints":{"allow":["GET"]}}],"collection":[{"href":"https:\/\/leibniz-institut.de\/ru\/wp-json\/wp\/v2\/pages"}],"about":[{"href":"https:\/\/leibniz-institut.de\/ru\/wp-json\/wp\/v2\/types\/page"}],"author":[{"embeddable":true,"href":"https:\/\/leibniz-institut.de\/ru\/wp-json\/wp\/v2\/users\/2"}],"replies":[{"embeddable":true,"href":"https:\/\/leibniz-institut.de\/ru\/wp-json\/wp\/v2\/comments?post=2325"}],"version-history":[{"count":6,"href":"https:\/\/leibniz-institut.de\/ru\/wp-json\/wp\/v2\/pages\/2325\/revisions"}],"predecessor-version":[{"id":2368,"href":"https:\/\/leibniz-institut.de\/ru\/wp-json\/wp\/v2\/pages\/2325\/revisions\/2368"}],"up":[{"embeddable":true,"href":"https:\/\/leibniz-institut.de\/ru\/wp-json\/wp\/v2\/pages\/2174"}],"wp:attachment":[{"href":"https:\/\/leibniz-institut.de\/ru\/wp-json\/wp\/v2\/media?parent=2325"}],"curies":[{"name":"wp","href":"https:\/\/api.w.org\/{rel}","templated":true}]}}