{"id":236,"date":"2015-08-11T13:03:11","date_gmt":"2015-08-11T13:03:11","guid":{"rendered":"http:\/\/wordpress.leibniz-institut.de\/?page_id=236"},"modified":"2016-03-06T08:22:19","modified_gmt":"2016-03-06T08:22:19","slug":"lk10-detail","status":"publish","type":"page","link":"https:\/\/leibniz-institut.de\/ru\/konferenzen\/konferenz-archiv\/10-leibniz-konferenz-sensorsysteme-2010\/lk10-detail\/","title":{"rendered":"Programm der 10. Leibniz-Konferenz"},"content":{"rendered":"<p><strong>Donnerstag, 7. Oktober 2010<\/strong><\/p>\n<table border=\"0\" width=\"100%\" cellspacing=\"5\" cellpadding=\"5\">\n<tbody>\n<tr align=\"left\" valign=\"top\">\n<td width=\"20%\">09:00 \u2013 10:00<\/td>\n<td>Anmeldung\/ Registrierung<\/td>\n<\/tr>\n<tr align=\"left\" valign=\"top\">\n<td>10:00 \u2013 10:10<\/td>\n<td><strong>Begr\u00fc\u00dfung und Er\u00f6ffnung<\/strong><br \/>\nLutz-G\u00fcnther Fleischer und Bernd Junghans<\/td>\n<\/tr>\n<\/tbody>\n<\/table>\n<table border=\"0\" width=\"100%\" cellspacing=\"5\" cellpadding=\"5\">\n<tbody>\n<tr align=\"left\" valign=\"top\">\n<td width=\"20%\">10:10 \u2013 15:00<\/td>\n<td><strong>SENSOREN F\u00dcR INDUSTRIE UND AUTOMATISIERUNG<br \/>\n<\/strong><\/td>\n<\/tr>\n<tr align=\"left\" valign=\"top\">\n<td width=\"20%\">10:10 \u2013 10:50<\/td>\n<td>G. v. B\u00d6GEL, K. SCHERER<br \/>\nFraunhofer-Institut Mikroelektron. Schaltungen u. Systeme, Fraunhofer-inHaus-Zentrum, Duisburg<br \/>\n<img decoding=\"async\" src=\"\/images\/pdf_icon.gif\" alt=\"\" \/><strong> <\/strong><a href=\"\/Konferenzen\/ss2010\/vom_boegel_ambient_intelligence.pdf\" target=\"_blank\"><strong>Ambient Intelligence in R\u00e4umen und Geb\u00e4uden der n\u00e4chsten Generation<\/strong><\/a> (1.7MB)<\/td>\n<\/tr>\n<tr align=\"left\" valign=\"top\">\n<td width=\"20%\">10:50 \u2013 12:30<\/td>\n<td><strong>SENSOREN (I)<\/strong><\/td>\n<\/tr>\n<tr align=\"left\" valign=\"top\">\n<td width=\"20%\">10:45 &#8212; 11:15<\/td>\n<td>P. KRAUSE<br \/>\nFirst Sensor Technology, Berlin<br \/>\n<strong><img decoding=\"async\" src=\"\/images\/pdf_icon.gif\" alt=\"\" \/> <a href=\"\/Konferenzen\/ss2010\/krause_trends_drucksensorik.pdf\" target=\"_blank\">Trends in der Drucksensorik<\/a><\/strong> (1.5MB)H. BUDZIER, G. GERLACH<br \/>\nTU Dresden, Dresden<br \/>\n<strong><img decoding=\"async\" src=\"\/images\/pdf_icon.gif\" alt=\"\" \/> <a href=\"\/Konferenzen\/ss2010\/budzier_thermischer_infrarotsensoren.pdf\" target=\"_blank\">Stand und Tendenzen thermischer Infrarot-Sensoren f\u00fcr die Thermographie<\/a> <\/strong>(1.7MB)C. JIA, M. WIEMER, T. GESSNER<br \/>\nTU Chemnitz, Chemnitz<br \/>\n<strong><img decoding=\"async\" src=\"\/images\/pdf_icon.gif\" alt=\"\" \/> <a href=\"\/Konferenzen\/ss2010\/jia_micromachined_ultarsoncis_transducer.pdf\" target=\"_blank\">Micromachined ultrasonic transducer: Challenges and opportunities<\/a><\/strong> (1.9MB)H. HEUER<br \/>\nFraunhofer-Institut f\u00fcr zerst\u00f6rungsfreie Werkstoffpr\u00fcfung,<br \/>\nDresden<br \/>\n<strong><img decoding=\"async\" src=\"\/images\/pdf_icon.gif\" alt=\"\" \/> <a href=\"\/Konferenzen\/ss2010\/heuer_matrixsensoren.pdf\" target=\"_blank\">Matrixsensoren zur Pr\u00fcfung von Kohlefaserverbundwerkstoffen mit Ultraschall- und Wirbelstromverfahren<\/a> <\/strong>(3.5MB)<\/td>\n<\/tr>\n<tr align=\"left\" valign=\"top\">\n<td width=\"20%\">12:40 &#8212; 13:30<\/td>\n<td>M I T T A G E S S E N<\/td>\n<\/tr>\n<\/tbody>\n<\/table>\n<table border=\"0\" width=\"100%\" cellspacing=\"5\" cellpadding=\"5\">\n<tbody>\n<tr align=\"left\" valign=\"top\">\n<td width=\"20%\">13:30 \u201315:10<\/td>\n<td><strong>SENSOREN (II)<\/strong><\/td>\n<\/tr>\n<tr align=\"left\" valign=\"top\">\n<td width=\"20%\"><\/td>\n<td>B. WILHELMI<br \/>\nLIFIS e.V., Jena<br \/>\n<strong><img decoding=\"async\" src=\"\/images\/pdf_icon.gif\" alt=\"\" \/> <a href=\"\/Konferenzen\/ss2010\/wilhelmi_nano-laser_random-laser.pdf\" target=\"_blank\">Nano-Laser und Random Laser: Potential f\u00fcr neue Sensoren<\/a> <\/strong>(1.9MB)W. MORITZ<br \/>\nHU Berlin, Berlin<br \/>\n<strong><img decoding=\"async\" src=\"\/images\/pdf_icon.gif\" alt=\"\" \/> <a href=\"\/Konferenzen\/ss2010\/moritz_low_energy_nanolayer_sensors.pdf\" target=\"_blank\">Low Energy Nanolayer Sensors<\/a> <\/strong>(0.5MB)F. KERSTAN<br \/>\nZeiss MicroImaging GmbH, Jena<br \/>\n<strong><img decoding=\"async\" src=\"\/images\/pdf_icon.gif\" alt=\"\" \/> <a href=\"\/Konferenzen\/ss2010\/kerstan_spektrometrische_sensoren.pdf\" target=\"_blank\">Spektrometrische Sensoren f\u00fcr die Industrie<\/a> <\/strong>(1.6MB)<\/p>\n<p>V. STAROVOITOV<br \/>\nB. I. Stepanov Institute of Physics, National Academy of Science of Belarus, Minsk\/Wei\u00dfru\u00dfland<br \/>\n<strong>Laser photoacoustic sensors for high-sensitivity gas analysis<\/strong><\/td>\n<\/tr>\n<tr align=\"left\" valign=\"top\">\n<td width=\"20%\">15:30 &#8212; 15:50<\/td>\n<td>P A U S E<\/td>\n<\/tr>\n<tr align=\"left\" valign=\"top\">\n<td width=\"20%\">15:40 \u201317:00<\/td>\n<td><strong>SENSOREN UND SENSORSYSTEME<\/strong><\/td>\n<\/tr>\n<tr align=\"left\" valign=\"top\">\n<td width=\"20%\"><\/td>\n<td>W. SCHMITT<br \/>\nBosch Sensortec GmbH, Reutlingen<br \/>\n<strong><img decoding=\"async\" src=\"\/images\/pdf_icon.gif\" alt=\"\" \/> <a href=\"\/Konferenzen\/ss2010\/schmitt_mems-sensoren.pdf\" target=\"_blank\">MEMS Sensoren in der Consumer Elektronik<\/a><\/strong> (0.9MB)A. SCADE<br \/>\nAnvo-Systems Dresden GmbH, Dresden<br \/>\n<strong><img decoding=\"async\" src=\"\/images\/pdf_icon.gif\" alt=\"\" \/> <a href=\"\/Konferenzen\/ss2010\/scade_nichtfluechtige_sram-speicher.pdf\" target=\"_blank\">Nichtfl\u00fcchtige SRAM-Speicher \u2013 eine innovative L\u00f6sung f\u00fcr verlustleistungsarme autonome Sensorsysteme<\/a><\/strong> (0.5MB)D. KRIESTEN, P. FRIEDRICH, P. WOLF, U. HEINKEL<br \/>\nTU Chemnitz, Chemnitz<br \/>\n<strong><img decoding=\"async\" src=\"\/images\/pdf_icon.gif\" alt=\"\" \/> <a href=\"\/Konferenzen\/ss2010\/kriesten_sensorcom.pdf\" target=\"_blank\">Sensorcom \u2013 ein System zur Kommunikation in verteilten Sensornetzen<\/a> <\/strong>(2.8MB)<\/td>\n<\/tr>\n<tr align=\"left\" valign=\"top\">\n<td width=\"20%\">17:00 \u2013 17:30<\/td>\n<td>P A U S E<\/td>\n<\/tr>\n<tr align=\"left\" valign=\"top\">\n<td width=\"20%\">17:30 \u2013 18:50<\/td>\n<td><strong>FUNK-SENSORSYSTEME<\/strong><\/td>\n<\/tr>\n<tr align=\"left\" valign=\"top\">\n<td width=\"20%\"><\/td>\n<td>Th. WILL<br \/>\ndresden elektronik GmbH, Dresden<br \/>\n<strong><img decoding=\"async\" src=\"\/images\/pdf_icon.gif\" alt=\"\" \/> <a href=\"\/Konferenzen\/ss2010\/will_erfahrungen_ieee_802.15.4.pdf\" target=\"_blank\">Erfahrungen beim Einsatz von IEEE 802.15.4 konformen Funkmodulen<\/a> <\/strong>(0.6MB)L. G\u00d6PFERT<br \/>\nZMDI, Dresden<br \/>\n<strong><img decoding=\"async\" src=\"\/images\/pdf_icon.gif\" alt=\"\" \/> <a href=\"\/Konferenzen\/ss2010\/goepfert_coolsensornet.pdf\" target=\"_blank\">CoolSensornet: Wireless Sensing using Energy Harvesting Technologies<\/a> <\/strong>(0.7MB)H. van LEEUWEN<br \/>\nRoving Networks, Los Gatos\/USA<br \/>\n<strong><img decoding=\"async\" src=\"\/images\/pdf_icon.gif\" alt=\"\" \/> <a href=\"\/Konferenzen\/ss2010\/van_leuwen_sensors_lower_power_wifi.pdf\" target=\"_blank\">Sensors with Lower Power WiFi<\/a> <\/strong>(0.6MB)<\/td>\n<\/tr>\n<tr align=\"left\" valign=\"top\">\n<td width=\"20%\">19:15<\/td>\n<td>E M P F A N G<\/td>\n<\/tr>\n<\/tbody>\n<\/table>\n<p><strong>Freitag, 8. Oktober 2010<\/strong><\/p>\n<table border=\"0\" width=\"100%\" cellspacing=\"5\" cellpadding=\"5\">\n<tbody>\n<tr align=\"left\" valign=\"top\">\n<td width=\"20%\">08:30 \u2013 12:30<\/td>\n<td><strong>SENSOREN F\u00dcR LEBENSWISSENSCHAFTEN<\/strong><\/td>\n<\/tr>\n<tr align=\"left\" valign=\"top\">\n<td width=\"20%\">08:30 \u2013 10.15<\/td>\n<td><strong>SENSOREN (I)<\/strong><\/td>\n<\/tr>\n<tr align=\"left\" valign=\"top\">\n<td width=\"20%\"><\/td>\n<td>H. THIELECKE<br \/>\nFraunhofer-IBMT, St. Ingbert<br \/>\n<strong><img decoding=\"async\" src=\"\/images\/pdf_icon.gif\" alt=\"\" \/> <a href=\"\/Konferenzen\/ss2010\/thielecke_sensorsysteme_charakterisierung.pdf\" target=\"_blank\">Sensorsysteme f\u00fcr die Charakterisierung und das Monitoring von biologischen Zellen und Geweben in der medizinischen Biotechnologie und klinischen Diagnostik<\/a> <\/strong>(1.8MB)<strong><br \/>\n<\/strong><br \/>\nTh. BASMER, M. BIRKHOLZ, O. STECKLINA, P. LANGEND\u00d6RFER<br \/>\nIHP GmbH, Frankfurt\/O.<br \/>\n<strong><img decoding=\"async\" src=\"\/images\/pdf_icon.gif\" alt=\"\" \/> <a href=\"\/Konferenzen\/ss2010\/stecklina_ultra_low_power_sensorsysteme.pdf\" target=\"_blank\">Ultra Low Power Sensor Systems for Medical Applications<\/a><\/strong> (1.6MB)W. FRITZSCHE<br \/>\nIPHT e.V., Jena<br \/>\n<strong><img decoding=\"async\" src=\"\/images\/pdf_icon.gif\" alt=\"\" \/> <a href=\"\/Konferenzen\/ss2010\/fritzsche_single_nanoparticle_biosensorics.pdf\" target=\"_blank\">Single nanoparticle biosensorics<\/a><\/strong> (1.2MB)D. LA\u00dfNER<br \/>\nIKDT GmbH, Berlin<br \/>\n<strong><img decoding=\"async\" src=\"\/images\/pdf_icon.gif\" alt=\"\" \/> <a href=\"\/Konferenzen\/ss2010\/lassner_dna_als_moderner_biosensor.pdf\" target=\"_blank\">Die DNA als moderner Biosensor in den Lebenswissenschaften<\/a> <\/strong>(1.1MB)<\/td>\n<\/tr>\n<tr align=\"left\" valign=\"top\">\n<td width=\"20%\">10:15 \u2013 10:45<\/td>\n<td>PAUSE<\/td>\n<\/tr>\n<\/tbody>\n<\/table>\n<table border=\"0\" width=\"100%\" cellspacing=\"5\" cellpadding=\"5\">\n<tbody>\n<tr align=\"left\" valign=\"top\">\n<td width=\"20%\">10:45 \u2013 12:30<\/td>\n<td><strong>SENSOREN (II)<\/strong><\/td>\n<\/tr>\n<tr align=\"left\" valign=\"top\">\n<td width=\"20%\"><\/td>\n<td>T. DAMM<br \/>\nCarl Zeiss Meditec AG, Jena<br \/>\n<strong><img decoding=\"async\" src=\"\/images\/pdf_icon.gif\" alt=\"\" \/> <a href=\"\/Konferenzen\/ss2010\/damm_sensoren_ophthalmologische_geraete.pdf\" target=\"_blank\">Neue Sensoren f\u00fcr ophthalmologische Ger\u00e4te<\/a> <\/strong>(1.6MB)D. SCHWEITZER<br \/>\nUniversit\u00e4t Jena, Jena<br \/>\n<strong><img decoding=\"async\" src=\"\/images\/pdf_icon.gif\" alt=\"\" \/> <a href=\"\/Konferenzen\/ss2010\/schweitzer_neue_methoden_augendiagnose.pdf\" target=\"_blank\">Neue Fluoreszenz- und OCT-Methoden f\u00fcr Augendiagnostik<\/a> <\/strong>(1.9MB)Th. G\u00d6BEL<br \/>\nSilicon Sensors AG, Berlin<br \/>\n<strong><img decoding=\"async\" src=\"\/images\/pdf_icon.gif\" alt=\"\" \/> <a href=\"\/Konferenzen\/ss2010\/goebel_gamma-pet-probe.pdf\" target=\"_blank\">Gamma-PET-Sonde der dritten Generation<\/a><\/strong> (1.2MB)M. G\u00dcNTHER, G. GERLACH<br \/>\nTU Dresden, Dresden<br \/>\n<strong><img decoding=\"async\" src=\"\/images\/pdf_icon.gif\" alt=\"\" \/> <a href=\"\/Konferenzen\/ss2010\/guenther_piezoresistive_biochemische_sensorarrays.pdf\" target=\"_blank\">Piezoresistive biochemische Sensorarrays f\u00fcr medizinische Anwendungen<\/a> <\/strong>(1.2MB)<\/td>\n<\/tr>\n<tr align=\"left\" valign=\"top\">\n<td width=\"20%\">12:30 \u2013 14:00<\/td>\n<td>M I T T A G E S S E N und <strong>POSTER SESSION<\/strong><\/td>\n<\/tr>\n<tr align=\"left\" valign=\"top\">\n<td width=\"20%\"><\/td>\n<td>O. BRODERSEN, Th. HENNING, A. ALBRECHT<br \/>\nCiS GmbH, Erfurt<br \/>\n<strong><img decoding=\"async\" src=\"\/images\/pdf_icon.gif\" alt=\"\" \/> <a href=\"\/Konferenzen\/ss2010\/brodersen_online-monitor_vitalparameter.pdf\" target=\"_blank\">Online-Monitor f\u00fcr Vitalparameter auf Basis optischer Mikrosysteme, Low-Power-Elektronik und drahtlose Daten\u00fcbertragung<\/a><\/strong> (0.1MB)S. DEMPWOLF, R. KNECHTEL<br \/>\nX-FAB Semiconductor Foundries AG, Erfurt<br \/>\n<strong><img decoding=\"async\" src=\"\/images\/pdf_icon.gif\" alt=\"\" \/> <a href=\"\/Konferenzen\/ss2010\/dempwolf_bonding_processed_cmos_wafers.pdf\" target=\"_blank\">Aspects of Bonding Processed CMOS Wafers<\/a> <\/strong>(0.2MB)J. D\u00d6GE<br \/>\nFraunhofer IIS\/EAS, Dresden<br \/>\n<strong><img decoding=\"async\" src=\"\/images\/pdf_icon.gif\" alt=\"\" \/> <a href=\"\/Konferenzen\/ss2010\/doege_ladungsbasierter_bildsensor.pdf\" target=\"_blank\">Ladungsbasierter Bildsensor mit integrierter analoger Signalverarbeitung<\/a><\/strong> (0.8MB)O. ENGE-ROSENBLATT, P. SCHNEIDER<br \/>\nFraunhofer IIS\/EAS, Dresden<br \/>\n<strong><img decoding=\"async\" src=\"\/images\/pdf_icon.gif\" alt=\"\" \/> <a href=\"\/Konferenzen\/ss2010\/enge-rosenblatt_unterstuetzung_zustandsueberwachung.pdf\" target=\"_blank\">Entwurfsunterst\u00fctzung f\u00fcr Zustands\u00fcberwachungssysteme<\/a><\/strong> (0.5MB)<\/p>\n<p>T. FROSCH<br \/>\nIPHT e.V., Jena<br \/>\n<strong>Spektrokopische Sensorik im Umweltmonitoring<\/strong><\/p>\n<p>D. KRIESTEN, S. KRATZERT, U. HEINKEL<br \/>\nTU Chemnitz, Chemnitz<br \/>\n<strong><img decoding=\"async\" src=\"\/images\/pdf_icon.gif\" alt=\"\" \/> <a href=\"\/Konferenzen\/ss2010\/kriesten_dynamisch_konfigurierbare_eingebette_systeme.pdf\" target=\"_blank\">Dynamisch rekonfigurierbare eingebettete Systeme<\/a><\/strong> (2.1MB)<\/p>\n<p>R. M\u00dcLLER, H.-G. ORTLEPP, O. BRODERSEN<br \/>\nCiS GmbH, Erfurt<br \/>\nE. F\u00d6RSTER<br \/>\nFraunhofer-IOF, Jena<br \/>\n<strong><img decoding=\"async\" src=\"\/images\/pdf_icon.gif\" alt=\"\" \/> <a href=\"\/Konferenzen\/ss2010\/mueller_partikelkonzentrationsmessung_moemsi.pdf\" target=\"_blank\">Partikelkonzentrationsmessung auf Basis von MOEMS<\/a> <\/strong>(0.1MB)<\/p>\n<p>J.-C. PETZOLD<br \/>\nAtalanteMedien, Cottbus<br \/>\n<strong>RFID \u2013 Schnittstelle f\u00fcr Mensch, Technik und Gesellschaft<\/strong><\/p>\n<p>R. RACZ<br \/>\nMelexis AG, Zug\/Schweiz<br \/>\n<strong><img decoding=\"async\" src=\"\/images\/pdf_icon.gif\" alt=\"\" \/> <a href=\"\/Konferenzen\/ss2010\/racz_novel_contactless_current_sensor.pdf\" target=\"_blank\">Novel Contactless Current Sensor for HEV\/EV and Re-newable Energy Application<\/a> <\/strong>(3.2MB)<\/p>\n<p>St. SCHUBERT<br \/>\nPE-Design, Kesselsdorf<br \/>\n<strong><img decoding=\"async\" src=\"\/images\/pdf_icon.gif\" alt=\"\" \/> <a href=\"\/Konferenzen\/ss2010\/schubert_kapazitive_beruehrungssensorik.pdf\" target=\"_blank\">Kapazitive Ber\u00fchrungssensorik am Beispiel eines Spielzeug-Keyboards<\/a><\/strong>(1.6MB)<\/p>\n<p>A. WILDE<br \/>\nFraunhofer IIS\/EAS, Dresden<br \/>\n<strong><img decoding=\"async\" src=\"\/images\/pdf_icon.gif\" alt=\"\" \/> <a href=\"\/Konferenzen\/ss2010\/wilde_sensorsysteme.pdf\" target=\"_blank\">Sensorsysteme zur mehrdimensionalen magnetischen Positionsmessung<\/a> <\/strong>(0.2MB)<\/p>\n<p>P. WOLF, M. PUTSCHE, U. HEINKEL<br \/>\nTU Chemnitz, Chemnitz<br \/>\n<strong><img decoding=\"async\" src=\"\/images\/pdf_icon.gif\" alt=\"\" \/> <a href=\"\/Konferenzen\/ss2010\/wolf_fize-e_strukturueberwachung_echtzeit.pdf\" target=\"_blank\">FiZ-E: Struktur\u00fcberwachung in Echtzeit<\/a> <\/strong>(0.1MB)<\/td>\n<\/tr>\n<tr align=\"left\" valign=\"top\">\n<td width=\"20%\">14:00 \u2013 17:00<\/td>\n<td><strong>ANWENDUNG VON SENSORSYSTEMEN<\/strong><\/td>\n<\/tr>\n<tr align=\"left\" valign=\"top\">\n<td width=\"20%\"><\/td>\n<td>W. SINN<br \/>\nIMMS GmbH, Ilmenau<br \/>\n<strong><img decoding=\"async\" src=\"\/images\/pdf_icon.gif\" alt=\"\" \/> <a href=\"\/Konferenzen\/ss2010\/sinn_konvergenz.pdf\" target=\"_blank\">Konvergenz von Navigation, Identifikation und Sensorik<\/a><\/strong> (2.1MB)R. KOKKOT<br \/>\nBTU Cottbus\/Fraunhofer-ALI, Cottbus<br \/>\n<strong><img decoding=\"async\" src=\"\/images\/pdf_icon.gif\" alt=\"\" \/> <a href=\"\/Konferenzen\/ss2010\/kokkot_echtzeitortungssysteme.pdf\" target=\"_blank\">Echtzeitortungssysteme \u2013 Identifizierung und Lokalisierung zur effizienten Prozessgestaltung<\/a> <\/strong>(1.0MB)C. LORENZ<br \/>\nBTU Cottbus\/Fraunhofer-ALI, Cottbus<br \/>\n<strong><img decoding=\"async\" src=\"\/images\/pdf_icon.gif\" alt=\"\" \/> <a href=\"\/Konferenzen\/ss2010\/lorenz_sensorgestuetzte_personenprofilierung.pdf\" target=\"_blank\">Sensorgest\u00fctzte Personenprofilierung \u2013 Identifizieren, Analysieren und Simulieren von Personenstr\u00f6men<\/a> <\/strong>(1.0MB)<\/td>\n<\/tr>\n<tr align=\"left\" valign=\"top\">\n<td width=\"20%\">15:20 \u2013 15:45<\/td>\n<td>PAUSE<\/td>\n<\/tr>\n<tr align=\"left\" valign=\"top\">\n<td width=\"20%\"><\/td>\n<td>J. SCHREIBER , C. TSCH\u00d6PE<br \/>\nFraunhofer-Institut f\u00fcr zerst\u00f6rungsfreie Werkstoffpr\u00fcfung, Dresden<br \/>\n<strong><img decoding=\"async\" src=\"\/images\/pdf_icon.gif\" alt=\"\" \/> <a href=\"\/Konferenzen\/ss2010\/schreiber__neue_verfahren_signaturanalysen.pdf\" target=\"_blank\">Neue Verfahren der Signaturanalyse zur Zustandsbewertung von Anlagen und Maschinen<\/a> <\/strong>(2.8MB)H.B. KELLER, J. MATTHES, R. SEIFERT<br \/>\nKarlsruhe Institut f\u00fcr Technologie, Eggenstein-Leopoldshafen<br \/>\nK. FRANK, H. KOHLER<br \/>\nHochschule Karlsruhe &#8212; Technik und Wirtschaft<br \/>\n<strong><img decoding=\"async\" src=\"\/images\/pdf_icon.gif\" alt=\"\" \/> <\/strong><a href=\"\/Konferenzen\/ss2010\/keller_innovative_kalibrier-und_auswerteverfahren.pdf\" target=\"_blank\"><strong>Innovative Kalibrier- und Auswerteverfahren zur Gasanalyse mit thermozyklisch betriebenen Metalloxid-Gassensoren<\/strong><\/a> (0.8MB)St. SCHUBERT<br \/>\nPE-Design, Kesselsdorf<br \/>\n<strong><img decoding=\"async\" src=\"\/images\/pdf_icon.gif\" alt=\"\" \/> <a href=\"\/Konferenzen\/ss2010\/schubert_smarte_sensorik_rfid.pdf\" target=\"_blank\">Smarte Sensorik RFID<\/a> <\/strong>(2.8MB)<\/td>\n<\/tr>\n<tr align=\"left\" valign=\"top\">\n<td width=\"20%\">17:00<\/td>\n<td><strong>SCHLUSSWORT<\/strong><\/td>\n<\/tr>\n<\/tbody>\n<\/table>\n","protected":false},"excerpt":{"rendered":"<p>Donnerstag, 7. Oktober 2010 09:00 \u2013 10:00 Anmeldung\/ Registrierung 10:00 \u2013 10:10 Begr\u00fc\u00dfung und Er\u00f6ffnung Lutz-G\u00fcnther Fleischer und Bernd Junghans 10:10 \u2013 15:00 SENSOREN F\u00dcR INDUSTRIE UND AUTOMATISIERUNG 10:10 \u2013 <a class=\"more-link\" href=\"https:\/\/leibniz-institut.de\/ru\/konferenzen\/konferenz-archiv\/10-leibniz-konferenz-sensorsysteme-2010\/lk10-detail\/\">Weiterlesen \u2192<\/a><\/p>\n","protected":false},"author":2,"featured_media":0,"parent":127,"menu_order":0,"comment_status":"closed","ping_status":"closed","template":"","meta":{"footnotes":""},"class_list":["post-236","page","type-page","status-publish","hentry"],"translation":{"provider":"WPGlobus","version":"3.0.2","language":"ru","enabled_languages":["de","en","ru"],"languages":{"de":{"title":true,"content":true,"excerpt":false},"en":{"title":false,"content":false,"excerpt":false},"ru":{"title":false,"content":false,"excerpt":false}}},"_links":{"self":[{"href":"https:\/\/leibniz-institut.de\/ru\/wp-json\/wp\/v2\/pages\/236","targetHints":{"allow":["GET"]}}],"collection":[{"href":"https:\/\/leibniz-institut.de\/ru\/wp-json\/wp\/v2\/pages"}],"about":[{"href":"https:\/\/leibniz-institut.de\/ru\/wp-json\/wp\/v2\/types\/page"}],"author":[{"embeddable":true,"href":"https:\/\/leibniz-institut.de\/ru\/wp-json\/wp\/v2\/users\/2"}],"replies":[{"embeddable":true,"href":"https:\/\/leibniz-institut.de\/ru\/wp-json\/wp\/v2\/comments?post=236"}],"version-history":[{"count":5,"href":"https:\/\/leibniz-institut.de\/ru\/wp-json\/wp\/v2\/pages\/236\/revisions"}],"predecessor-version":[{"id":483,"href":"https:\/\/leibniz-institut.de\/ru\/wp-json\/wp\/v2\/pages\/236\/revisions\/483"}],"up":[{"embeddable":true,"href":"https:\/\/leibniz-institut.de\/ru\/wp-json\/wp\/v2\/pages\/127"}],"wp:attachment":[{"href":"https:\/\/leibniz-institut.de\/ru\/wp-json\/wp\/v2\/media?parent=236"}],"curies":[{"name":"wp","href":"https:\/\/api.w.org\/{rel}","templated":true}]}}