{"id":2374,"date":"2026-02-28T16:59:10","date_gmt":"2026-02-28T16:59:10","guid":{"rendered":"https:\/\/leibniz-institut.de\/?page_id=2374"},"modified":"2026-03-05T08:58:38","modified_gmt":"2026-03-05T08:58:38","slug":"workshop-epigenetische-darmkrebs-diagnostik","status":"publish","type":"page","link":"https:\/\/leibniz-institut.de\/ru\/lifis-akademie\/leibniz-symposia-on-multiomics\/workshop-epigenetische-darmkrebs-diagnostik\/","title":{"rendered":"Workshop \u201eEpigenetische Darmkrebs-Diagnostik\u201c\u00a0"},"content":{"rendered":"\n<p>Der Workshop findet am 12. M\u00e4rz 2026 statt.<\/p>\n\n\n\n<ul class=\"wp-block-list\">\n<li><a href=\"https:\/\/leibniz-institut.de\/WordPress_01\/wp-content\/uploads\/2026-03-12.pdf\">Ank\u00fcndigung<\/a><\/li>\n\n\n\n<li>Premium Partner: DHS &#8212; Diagnostic HealthCare Solutions GmbH<\/li>\n\n\n\n<li>Leitvortrag: K\u00f6nnen epigenetische Stuhlteste die Darmkrebsvorsorge revolutionieren?<\/li>\n\n\n\n<li>Referent: Dr. Julian Kamhieh-Milz, CEO und Gr\u00fcnder DHS<\/li>\n\n\n\n<li>Location: Japanisch-Deutsches Zentrum Berlin (JDZB), Saargem\u00fcnder Stra\u00dfe 2, 14195 Berlin<\/li>\n<\/ul>\n\n\n\n<p>Erobern Sie mit uns die n\u00e4chste Dimension der klinischen Diagnostik. Die epigenetische Diagnostik analysiert chemische Modifikationen (meist DNA-Methylierung) am Erbgut, um indirekt Genaktivit\u00e4ten zu bestimmen. Sie dient der Fr\u00fcherkennung von Krankheiten (Krebs), der Bestimmung des biologischen Alters und der \u00dcberwachung von Lebensstileinfl\u00fcssen. Die Analyse basiert oft auf der Untersuchung zellfreier DNA in Blutproben oder anderen leicht zug\u00e4nglichem Probenmaterial wie Schleimabstriche oder Stuhlproben. Folgen Sie uns bitte und diskutieren Sie gern mit unserem Gastredner die neuen M\u00f6glichkeiten in der Biomedizin.<\/p>\n\n\n\n<p>Die epigenetische Diagnostik von Darmerkrankungen ist ein aufstrebendes Feld, das darauf abzielt, krankheitsspezifische Ver\u00e4nderungen der Genaktivit\u00e4t zu identifizieren, ohne die DNA-Sequenz selbst zu ver\u00e4ndern. Sie bietet vielversprechende, nicht-invasive M\u00f6glichkeiten f\u00fcr die Fr\u00fcherkennung, Diagnose und Prognose von chronisch entz\u00fcndlichen Darmerkrankungen (CED) und Darmkrebs (CRC). Die Vorteile liegen in der nicht-invasiven Probengewinnung (Stuhl\/Blut), auch gut f\u00fcr den Hausgebrauch geeignet, die fr\u00fchzeitige Erkennung von Krankheitsmarkern und dem Potenzial zur personalisierten Therapie (Pharmacoepigenetik). Die Limitationen liegen oft noch in der Sensitivit\u00e4t und Spezifit\u00e4t vieler Marker. Diese m\u00fcssen f\u00fcr den klinischen Einsatz noch weiter optimiert werden. Oft ist die Methylierungsfrequenz noch zu niedrig.<\/p>\n","protected":false},"excerpt":{"rendered":"<p>Der Workshop findet am 12. M\u00e4rz 2026 statt. Erobern Sie mit uns die n\u00e4chste Dimension der klinischen Diagnostik. Die epigenetische Diagnostik analysiert chemische Modifikationen (meist DNA-Methylierung) am Erbgut, um indirekt <a class=\"more-link\" href=\"https:\/\/leibniz-institut.de\/ru\/lifis-akademie\/leibniz-symposia-on-multiomics\/workshop-epigenetische-darmkrebs-diagnostik\/\">Weiterlesen \u2192<\/a><\/p>\n","protected":false},"author":2,"featured_media":0,"parent":2174,"menu_order":5,"comment_status":"closed","ping_status":"closed","template":"","meta":{"footnotes":""},"class_list":["post-2374","page","type-page","status-publish","hentry"],"translation":{"provider":"WPGlobus","version":"3.0.2","language":"ru","enabled_languages":["de","en","ru"],"languages":{"de":{"title":true,"content":true,"excerpt":false},"en":{"title":false,"content":false,"excerpt":false},"ru":{"title":false,"content":false,"excerpt":false}}},"_links":{"self":[{"href":"https:\/\/leibniz-institut.de\/ru\/wp-json\/wp\/v2\/pages\/2374","targetHints":{"allow":["GET"]}}],"collection":[{"href":"https:\/\/leibniz-institut.de\/ru\/wp-json\/wp\/v2\/pages"}],"about":[{"href":"https:\/\/leibniz-institut.de\/ru\/wp-json\/wp\/v2\/types\/page"}],"author":[{"embeddable":true,"href":"https:\/\/leibniz-institut.de\/ru\/wp-json\/wp\/v2\/users\/2"}],"replies":[{"embeddable":true,"href":"https:\/\/leibniz-institut.de\/ru\/wp-json\/wp\/v2\/comments?post=2374"}],"version-history":[{"count":4,"href":"https:\/\/leibniz-institut.de\/ru\/wp-json\/wp\/v2\/pages\/2374\/revisions"}],"predecessor-version":[{"id":2390,"href":"https:\/\/leibniz-institut.de\/ru\/wp-json\/wp\/v2\/pages\/2374\/revisions\/2390"}],"up":[{"embeddable":true,"href":"https:\/\/leibniz-institut.de\/ru\/wp-json\/wp\/v2\/pages\/2174"}],"wp:attachment":[{"href":"https:\/\/leibniz-institut.de\/ru\/wp-json\/wp\/v2\/media?parent=2374"}],"curies":[{"name":"wp","href":"https:\/\/api.w.org\/{rel}","templated":true}]}}