{"id":24,"date":"2015-02-08T13:35:26","date_gmt":"2015-02-08T13:35:26","guid":{"rendered":"http:\/\/eastpress.de\/lifis\/?page_id=24"},"modified":"2025-04-02T16:56:49","modified_gmt":"2025-04-02T16:56:49","slug":"partner","status":"publish","type":"page","link":"https:\/\/leibniz-institut.de\/ru\/startseite\/partner\/","title":{"rendered":"Partner"},"content":{"rendered":"\n<p>Das interdisziplin\u00e4re bzw. fach\u00fcbergreifende Anliegen des LIFIS bedingt eine enge Zusammenarbeit mit Partnern disziplin\u00e4rer bzw. fachspezifischer Kompetenz aus Wissenschaft und Wirtschaft \u2013 mittel- und langfristig angelegt sowie auf ausgew\u00e4hlte Projekte bezogen. Derzeit sind dies:<\/p>\n\n\n\n<p>&nbsp;<\/p>\n\n\n\n<figure class=\"wp-block-table logos\"><table><tbody><tr><td><figure><img decoding=\"async\" src=\"https:\/\/leibniz-institut.de\/images\/9_logo_ls.gif\" alt=\"Leibniz-Soziet\u00e4t\" style=\"\"><\/figure><\/td><td>Leibniz-Soziet\u00e4t der Wissenschaften zu Berlin e.V., Berlin<br><a href=\"http:\/\/leibnizsozietaet.de\/\" target=\"_blank\" rel=\"noopener noreferrer\">leibnizsozietaet.de<\/a><\/td><\/tr><tr><td><figure><img decoding=\"async\" src=\"https:\/\/leibniz-institut.de\/images\/25_logo_adlershof.jpg\" alt=\"WISTA-MANAGEMENT\"><\/figure><\/td><td>WISTA-MANAGEMENT GmbH, Berlin-Adlershof<br><a href=\"http:\/\/www.adlershof.de\" target=\"_blank\" rel=\"noopener noreferrer\">www.adlershof.de<\/a><\/td><\/tr><tr><td>&nbsp;<figure><img loading=\"lazy\" decoding=\"async\" src=\"https:\/\/leibniz-institut.de\/images\/26_logo_adt.jpg\" alt=\"ADT\" width=\"60\" height=\"60\"><\/figure><\/td><td>Bundesverband Deutscher Innovations-, Technologie- und Gr\u00fcnderzentren e.V., Berlin<br><a href=\"https:\/\/www.innovationszentren.de\/\">www.innovationszentren.de<\/a><\/td><\/tr><tr><td>&nbsp;<figure><img decoding=\"async\" src=\"https:\/\/leibniz-institut.de\/images\/31_biocon.jpg\" alt=\"BioCon Valley\"><\/figure><\/td><td>BioCon Valley e.V., Greifswald<br><a href=\"http:\/\/www.bcv.org\" target=\"_blank\" rel=\"noopener noreferrer\">www.bcv.org<\/a><\/td><\/tr><tr><td><figure><img loading=\"lazy\" decoding=\"async\" class=\"\" src=\"http:\/\/www.kulturakademie-dresden.de\/images\/logo_470.gif\" alt=\"Kulturakademie Dresden\" width=\"60\" height=\"60\"><\/figure><\/td><td>Kulturakademie Dresden<br><a href=\"http:\/\/www.kulturakademie-dresden.de\/\">www.kulturakademie-dresden.de<\/a><\/td><\/tr><tr><td><figure><img decoding=\"async\" src=\"https:\/\/leibniz-institut.de\/images\/6_logo_ifg.gif\" alt=\"IFG Adlershof\" style=\"\"><\/figure><\/td><td>Institute for Scientific Instruments&nbsp;GmbH, Berlin<br><a href=\"http:\/\/www.ifg-adlershof.de\">www.ifg-adlershof.de<\/a><\/td><\/tr><tr><td><figure><img decoding=\"async\" src=\"https:\/\/leibniz-institut.de\/images\/28_logo_eurosolar.jpg\" alt=\"EuroSolar\"><\/figure><\/td><td>The European Association for Renewable Energy, Bonn<br><a href=\"http:\/\/www.eurosolar.org\">www.eurosolar.org<\/a><\/td><\/tr><tr><td>&nbsp;<figure><img decoding=\"async\" src=\"https:\/\/leibniz-institut.de\/images\/29_logo_gfww.jpg\" alt=\"GFWW\"><\/figure><\/td><td>Gesellschaft zur F\u00f6rderung von Wissenschaft und<br>Wirtschaft e.V., Frankfurt (Oder)<br><a href=\"http:\/\/www.gfww.de\">www.gfww.de<\/a><\/td><\/tr><tr><td>&nbsp;<\/td><td>Silicon Saxony e.V.<br><a href=\"https:\/\/www.silicon-saxony.de\/home\/\">www.silicon-saxony.de<\/a><\/td><\/tr><tr><td>&nbsp;<\/td><td>Universit\u00e4t f\u00fcr innere Sicherheit (WSBW) \u0141odz (Polen)<\/td><\/tr><tr><td>&nbsp;<\/td><td>Staatliche Architektur- und Bau-Universit\u00e4t St. Petersburg (Russland)<\/td><\/tr><tr><td>&nbsp;<\/td><td>Altshuller Institute (USA)<\/td><\/tr><tr><td>&nbsp;<\/td><td>Technische Universit\u00e4t Cherson (Ukraine)<\/td><\/tr><tr><td>&nbsp;<\/td><td>Akademie f\u00fcr Bankwesen und Finanzen (Usbekistan)<\/td><\/tr><tr><td>&nbsp;<\/td><td>Bau-Universit\u00e4t Sofia (Bulgarien)<\/td><\/tr><tr><td>&nbsp;<\/td><td>Internationale Akademie f\u00fcr Personalmanagement (MAUP) Kiev (Ukraine)<\/td><\/tr><tr><td>&nbsp;<\/td><td>Spielemuseum Chemnitz<\/td><\/tr><\/tbody><\/table><\/figure>\n\n\n\n<p><\/p>\n","protected":false},"excerpt":{"rendered":"<p>Das interdisziplin\u00e4re bzw. fach\u00fcbergreifende Anliegen des LIFIS bedingt eine enge Zusammenarbeit mit Partnern disziplin\u00e4rer bzw. fachspezifischer Kompetenz aus Wissenschaft und Wirtschaft \u2013 mittel- und langfristig angelegt sowie auf ausgew\u00e4hlte Projekte <a class=\"more-link\" href=\"https:\/\/leibniz-institut.de\/ru\/startseite\/partner\/\">Weiterlesen \u2192<\/a><\/p>\n","protected":false},"author":1,"featured_media":0,"parent":39,"menu_order":3,"comment_status":"closed","ping_status":"closed","template":"","meta":{"footnotes":""},"class_list":["post-24","page","type-page","status-publish","hentry"],"translation":{"provider":"WPGlobus","version":"3.0.2","language":"ru","enabled_languages":["de","en","ru"],"languages":{"de":{"title":true,"content":true,"excerpt":false},"en":{"title":false,"content":false,"excerpt":false},"ru":{"title":false,"content":false,"excerpt":false}}},"_links":{"self":[{"href":"https:\/\/leibniz-institut.de\/ru\/wp-json\/wp\/v2\/pages\/24","targetHints":{"allow":["GET"]}}],"collection":[{"href":"https:\/\/leibniz-institut.de\/ru\/wp-json\/wp\/v2\/pages"}],"about":[{"href":"https:\/\/leibniz-institut.de\/ru\/wp-json\/wp\/v2\/types\/page"}],"author":[{"embeddable":true,"href":"https:\/\/leibniz-institut.de\/ru\/wp-json\/wp\/v2\/users\/1"}],"replies":[{"embeddable":true,"href":"https:\/\/leibniz-institut.de\/ru\/wp-json\/wp\/v2\/comments?post=24"}],"version-history":[{"count":30,"href":"https:\/\/leibniz-institut.de\/ru\/wp-json\/wp\/v2\/pages\/24\/revisions"}],"predecessor-version":[{"id":2151,"href":"https:\/\/leibniz-institut.de\/ru\/wp-json\/wp\/v2\/pages\/24\/revisions\/2151"}],"up":[{"embeddable":true,"href":"https:\/\/leibniz-institut.de\/ru\/wp-json\/wp\/v2\/pages\/39"}],"wp:attachment":[{"href":"https:\/\/leibniz-institut.de\/ru\/wp-json\/wp\/v2\/media?parent=24"}],"curies":[{"name":"wp","href":"https:\/\/api.w.org\/{rel}","templated":true}]}}