{"id":246,"date":"2015-08-11T13:10:24","date_gmt":"2015-08-11T13:10:24","guid":{"rendered":"http:\/\/wordpress.leibniz-institut.de\/?page_id=246"},"modified":"2016-03-06T08:27:21","modified_gmt":"2016-03-06T08:27:21","slug":"lk12-detail","status":"publish","type":"page","link":"https:\/\/leibniz-institut.de\/ru\/konferenzen\/konferenz-archiv\/12-leibniz-konferenz-kognitionstechnologien-2011\/lk12-detail\/","title":{"rendered":"Programm der 12. Leibniz-Konferenz"},"content":{"rendered":"<p><strong>07. Dezember 2011<\/strong><\/p>\n<table border=\"0\" width=\"100%\" cellspacing=\"5\" cellpadding=\"5\">\n<tbody>\n<tr align=\"left\" valign=\"top\">\n<td width=\"20%\">10:00 &#8212; 10:20<\/td>\n<td><strong>Begr\u00fc\u00dfung und Er\u00f6ffnung<br \/>\n<\/strong><br \/>\n<strong><img decoding=\"async\" src=\"\/images\/pdf_icon.gif\" alt=\"\" \/> <a href=\"\/Konferenzen\/kt2011\/fleischer_kognitionstechnologien.pdf\" target=\"_blank\">Kognitionstechnologien als emerging technologies \u2013 Ein Interpretationsversuch<\/a><\/strong> (195KB)<br \/>\nLutz-G\u00fcnther FLEISCHER<br \/>\nLeibniz-Soziet\u00e4t der Wissenschaften zu Berlin<br \/>\nLeibniz-Institut f\u00fcr interdisziplin\u00e4re Studien (LIFIS)<\/td>\n<\/tr>\n<tr align=\"left\" valign=\"top\">\n<td>10:20 &#8212; 11:00<\/td>\n<td><strong><img decoding=\"async\" src=\"\/images\/pdf_icon.gif\" alt=\"\" \/> <a href=\"\/Konferenzen\/kt2011\/coy_turing_test_maschinellen_intelligenz.pdf\" target=\"_blank\">Key Note<br \/>\nTuring Test der maschinellen Intelligenz \u2013 revisited<\/a><\/strong> (2.3MB)<br \/>\nWolfgang COY<br \/>\nHumboldt-Universit\u00e4t zu Berlin<br \/>\nLeibniz-Soziet\u00e4t der Wissenschaften zu Berlin<\/td>\n<\/tr>\n<\/tbody>\n<\/table>\n<table border=\"0\" width=\"100%\" cellspacing=\"5\" cellpadding=\"5\">\n<tbody>\n<tr align=\"left\" valign=\"top\">\n<td width=\"20%\">Moderation<\/td>\n<td><em>L.-G. Fleischer<\/em><\/td>\n<\/tr>\n<tr align=\"left\" valign=\"top\">\n<td width=\"20%\">11:00 &#8212; 11:30<\/td>\n<td><strong><img decoding=\"async\" src=\"\/images\/pdf_icon.gif\" alt=\"\" \/> <a href=\"\/Konferenzen\/kt2011\/doerner_denken_und_intelligenz.pdf\" target=\"_blank\">Denken und Intelligenz: Eine notwendige Begriffskl\u00e4rung<\/a><\/strong> (250KB)<br \/>\nDietrich D\u00d6RNER<br \/>\nOtto-Friedrich-Universit\u00e4t Bamberg<\/td>\n<\/tr>\n<tr align=\"left\" valign=\"top\">\n<td width=\"20%\">11:30 &#8212; 12:00<\/td>\n<td><strong><img decoding=\"async\" src=\"\/images\/pdf_icon.gif\" alt=\"\" \/> <a href=\"\/Konferenzen\/kt2011\/hoerz_beherrschen_wir_die_neuen_gestaltungsmittel.pdf\" target=\"_blank\">Beherrschen wir die neuen Gestaltungsmittel? \u2013 Philosophisches zur Beziehung von menschlicher und k\u00fcnstlicher Intelligenz<\/a><\/strong> (100KB)<br \/>\nHerbert H\u00d6RZ<br \/>\nLeibniz-Soziet\u00e4t der Wissenschaften zu Berlin<\/td>\n<\/tr>\n<tr align=\"left\" valign=\"top\">\n<td width=\"20%\">12:00 &#8212; 12:30<\/td>\n<td><strong><img decoding=\"async\" src=\"\/images\/pdf_icon.gif\" alt=\"\" \/> <a href=\"\/Konferenzen\/kt2011\/bodrow_kognitionswissenschaft_wissensvermittlung.pdf\" target=\"_blank\">Kognitionswissenschaft und Wissensvisualisierung<\/a><\/strong> (1.0MB)<br \/>\nWladimir BODROW<br \/>\nHochschule f\u00fcr Technik und Wirtschaft (HTW) Berlin<br \/>\nAndrej BODROW<strong><img decoding=\"async\" src=\"\/images\/pdf_icon.gif\" alt=\"\" \/> <a href=\"\/Konferenzen\/kt2011\/fuchs-kittowski_kognitionswissenschaft_kognitionstechnologie.pdf\" target=\"_blank\">Kognitionswissenschaft und Kognitionstechnologien<\/a><\/strong> (900KB)<br \/>\n(Diskussionbeitrag)<br \/>\nKlaus FUCHS-KITTOWSKI<br \/>\nLeibniz-Soziet\u00e4t der Wissenschaften zu Berlin<br \/>\nLeibniz-Institut f\u00fcr interdisziplin\u00e4re Studien (LIFIS)<\/td>\n<\/tr>\n<\/tbody>\n<\/table>\n<table border=\"0\" width=\"100%\" cellspacing=\"5\" cellpadding=\"5\">\n<tbody>\n<tr align=\"left\" valign=\"top\">\n<td width=\"20%\">Moderation<\/td>\n<td><em>H.H\u00f6rz<\/em><\/td>\n<\/tr>\n<tr align=\"left\" valign=\"top\">\n<td width=\"20%\">12:30 &#8212; 13:00<\/td>\n<td><strong><img decoding=\"async\" src=\"\/images\/pdf_icon.gif\" alt=\"\" \/> <a href=\"\/Konferenzen\/kt2011\/schmid_inductive_rule_learning.pdf\" target=\"_blank\">Inductive Rule Learning on the Knowledge Level<\/a> <\/strong>(515KB)<br \/>\nUte SCHMID<br \/>\nFaculty Information Systems and Applied Computer Science, University of Bamberg<br \/>\nEmanuel KITZELMANN<br \/>\nInternational Computer Science Institute (ICSI), Berkeley, CA, USA<\/td>\n<\/tr>\n<tr align=\"left\" valign=\"top\">\n<td width=\"20%\">13:00 &#8212; 13:45<\/td>\n<td>M i t t a g s p a u s e<\/td>\n<\/tr>\n<tr align=\"left\" valign=\"top\">\n<td width=\"20%\">13:45 &#8212; 14:15<\/td>\n<td><strong><img decoding=\"async\" src=\"\/images\/pdf_icon.gif\" alt=\"\" \/> <a href=\"\/Konferenzen\/kt2011\/krause_w_neue_messgroessen_fuer_geistige_prozesse_und_leistung.pdf\" target=\"_blank\">Neue Messgr\u00f6\u00dfen f\u00fcr geistige Prozesse und Leistungen aus der Elementaranalyse der menschlichen Informationsverarbeitung<\/a><\/strong> (421KB)<br \/>\nWerner KRAUSE<br \/>\nFriedrich-Schiller-Universit\u00e4t Jena<br \/>\nLeibniz-Soziet\u00e4t der Wissenschaften zu Berlin<\/td>\n<\/tr>\n<tr align=\"left\" valign=\"top\">\n<td width=\"20%\">14:15 &#8212; 14:30<\/td>\n<td> <img decoding=\"async\" src=\"\/images\/pdf_icon.gif\" alt=\"\" \/> <strong><a href=\"\/Konferenzen\/kt2011\/sommerfeld_menschliche_informationsverarbeitung.pdf\" target=\"_blank\">Menschliche Informationsverarbeitung \u2013 interdisziplin\u00e4re Elementaranalyse und Praxisrelevanz<\/a><\/strong> (Diskussionsbeitrag) (59KB)<br \/>\nErdmute SOMMERFELD<br \/>\nUniversit\u00e4t Leipzig<br \/>\nLeibniz-Soziet\u00e4t der Wissenschaften zu Berlin<\/td>\n<\/tr>\n<tr align=\"left\" valign=\"top\">\n<td width=\"20%\">Moderation<\/td>\n<td><em>W.Krause<\/em><\/td>\n<\/tr>\n<tr align=\"left\" valign=\"top\">\n<td width=\"20%\">14:30 &#8212; 15:00<\/td>\n<td><strong><img decoding=\"async\" src=\"\/images\/pdf_icon.gif\" alt=\"\" \/> <a href=\"\/Konferenzen\/kt2011\/lueer_problem_kognitiver_invarianten.pdf\" target=\"_blank\">Das Problem kognitiver Invarianten bei der Diagnose geistiger Leistungen<\/a><\/strong> (103KB)<br \/>\nGerd L\u00dcER und Uta LASS<br \/>\nGeorg-August-Universit\u00e4t G\u00f6ttingen<\/td>\n<\/tr>\n<tr align=\"left\" valign=\"top\">\n<td width=\"20%\">15:00 &#8212; 15:15<\/td>\n<td><strong><img decoding=\"async\" src=\"\/images\/pdf_icon.gif\" alt=\"\" \/> <a href=\"\/Konferenzen\/kt2011\/krause_b_bedingungen_und_formen_kognitives_lernen.pdf\" target=\"_blank\">Bedingungen und Formen des kognitiven Lernens<\/a><\/strong> (Diskussionsbeitrag) (661KB)<br \/>\nBodo KRAUSE<br \/>\nLeibniz-Soziet\u00e4t der Wissenschaften zu Berlin<\/td>\n<\/tr>\n<tr align=\"left\" valign=\"top\">\n<td width=\"20%\">15:15 &#8212; 15:45<\/td>\n<td><strong><img decoding=\"async\" src=\"\/images\/pdf_icon.gif\" alt=\"\" \/> <a href=\"\/Konferenzen\/kt2011\/wysotzki_modellierung_assoziatives_gedaechtnisses.pdf\" target=\"_blank\">Modellierung des Assoziativen Ged\u00e4chtnisses auf der Basis von beobachteten Traummechanismen<\/a><\/strong> (2.8MB)<br \/>\nFritz WYSOTZKI<br \/>\nTechnische Universit\u00e4t Berlin<\/td>\n<\/tr>\n<tr align=\"left\" valign=\"top\">\n<td width=\"20%\">15:45 &#8212; 16:00<\/td>\n<td><strong>Schlussbemerkungen<br \/>\n<\/strong>Gerhard BANSE<br \/>\nLeibniz-Soziet\u00e4t der Wissenschaften zu Berlin<br \/>\nLeibniz-Institut f\u00fcr interdisziplin\u00e4re Studien (LIFIS)<\/td>\n<\/tr>\n<\/tbody>\n<\/table>\n","protected":false},"excerpt":{"rendered":"<p>07. Dezember 2011 10:00 &#8212; 10:20 Begr\u00fc\u00dfung und Er\u00f6ffnung Kognitionstechnologien als emerging technologies \u2013 Ein Interpretationsversuch (195KB) Lutz-G\u00fcnther FLEISCHER Leibniz-Soziet\u00e4t der Wissenschaften zu Berlin Leibniz-Institut f\u00fcr interdisziplin\u00e4re Studien (LIFIS) 10:20 <a class=\"more-link\" href=\"https:\/\/leibniz-institut.de\/ru\/konferenzen\/konferenz-archiv\/12-leibniz-konferenz-kognitionstechnologien-2011\/lk12-detail\/\">Weiterlesen \u2192<\/a><\/p>\n","protected":false},"author":2,"featured_media":0,"parent":149,"menu_order":0,"comment_status":"closed","ping_status":"closed","template":"","meta":{"footnotes":""},"class_list":["post-246","page","type-page","status-publish","hentry"],"translation":{"provider":"WPGlobus","version":"3.0.2","language":"ru","enabled_languages":["de","en","ru"],"languages":{"de":{"title":true,"content":true,"excerpt":false},"en":{"title":false,"content":false,"excerpt":false},"ru":{"title":false,"content":false,"excerpt":false}}},"_links":{"self":[{"href":"https:\/\/leibniz-institut.de\/ru\/wp-json\/wp\/v2\/pages\/246","targetHints":{"allow":["GET"]}}],"collection":[{"href":"https:\/\/leibniz-institut.de\/ru\/wp-json\/wp\/v2\/pages"}],"about":[{"href":"https:\/\/leibniz-institut.de\/ru\/wp-json\/wp\/v2\/types\/page"}],"author":[{"embeddable":true,"href":"https:\/\/leibniz-institut.de\/ru\/wp-json\/wp\/v2\/users\/2"}],"replies":[{"embeddable":true,"href":"https:\/\/leibniz-institut.de\/ru\/wp-json\/wp\/v2\/comments?post=246"}],"version-history":[{"count":3,"href":"https:\/\/leibniz-institut.de\/ru\/wp-json\/wp\/v2\/pages\/246\/revisions"}],"predecessor-version":[{"id":485,"href":"https:\/\/leibniz-institut.de\/ru\/wp-json\/wp\/v2\/pages\/246\/revisions\/485"}],"up":[{"embeddable":true,"href":"https:\/\/leibniz-institut.de\/ru\/wp-json\/wp\/v2\/pages\/149"}],"wp:attachment":[{"href":"https:\/\/leibniz-institut.de\/ru\/wp-json\/wp\/v2\/media?parent=246"}],"curies":[{"name":"wp","href":"https:\/\/api.w.org\/{rel}","templated":true}]}}