{"id":249,"date":"2015-08-11T13:14:01","date_gmt":"2015-08-11T13:14:01","guid":{"rendered":"http:\/\/wordpress.leibniz-institut.de\/?page_id=249"},"modified":"2022-03-06T07:59:35","modified_gmt":"2022-03-06T07:59:35","slug":"13-leibniz-konferenz-nanoscience-2012","status":"publish","type":"page","link":"https:\/\/leibniz-institut.de\/ru\/konferenzen\/konferenz-archiv\/13-leibniz-konferenz-nanoscience-2012\/","title":{"rendered":"13. Leibniz-Konferenz Nanoscience 2012"},"content":{"rendered":"<h1>Nanoscience 2012<\/h1>\n<p>26. &#8212; 27. April 2012<br \/>\nBest Western Hotel am Schlosspark, 09577 Lichtenwalde (Sachsen), Deutschland<\/p>\n<h2>Veranstalter:<\/h2>\n<p>LEIBNIZ-INSTITUT f\u00fcr interdisziplin\u00e4re Studien e.V. (LIFIS)<br \/>\nSchloss Lichtenwalde<\/p>\n<p>gemeinsam mit<br \/>\nGesellschaft zur F\u00f6rderung von Wissenschaft und Wirtschaft e.V. (GFWW)<br \/>\nFrankfurt (Oder)<\/p>\n<h2>Programminhalte:<\/h2>\n<p>Die Nanotechnologie ist eine der f\u00fcnf Key Enabling Technologies (KETs), die die Europ\u00e4ische Kommission f\u00fcr den n\u00e4chsten Zeitraum identifiziert hat. Nanotechnologien finden heute in einer sehr breiten Palette von Produkten Eingang und f\u00fchren h\u00e4ufig zu gravierenden Verbesserungen der technischen und \u00f6konomischen Parameter traditioneller Produkte sowie zur Schaffung v\u00f6llig neuer Produkte, die ohne die Nanotechnologien nicht denkbar w\u00e4ren. Gegenw\u00e4rtige Hauptanwendungen der Nanowissenschaften liegen auf den Gebieten der Medizin, Elektronik und Energietechnik. In gemeinsamer Beratung zwischen Vertretern aus Wissenschaft, Wirtschaft und Politik soll auf ausgew\u00e4hlten Themenfeldern diskutiert werden, wie Ergebnisse aus der Forschung m\u00f6glichst effektiv und schnell zur Anwendung gebracht werden k\u00f6nnen. Dazu sollen Vorschl\u00e4ge und Beispiele herangezogen werden sowie der interdisziplin\u00e4re Dialog als eine der Triebfedern f\u00fcr Innovationen bef\u00f6rdert werden.<\/p>\n<h2>Programmschwerpunkte:<\/h2>\n<p>Keynote-Vortrag: \u201eNanotechnologie im Rahmen des FP 8 (Horizon 2020)\u201c<\/p>\n<ol>\n<li>Nanomaterialien (Metalle; Oxide; Komposite; Halbleiter, inkl. kohlenstoffbasierte Halbleiter)\n<ol>\n<li>Herstellung: Top-down (Strukturierung), Botton-up (Synthese), Selbstorganisation<\/li>\n<li>Eigenschaften: Strukturelle Eigenschaften nanoskalierter Materialien und neuartige optische Eigenschaften<\/li>\n<li>Charakterisierung &#8212; Nanoanalytik &#8212; In-situ Experimente<\/li>\n<\/ol>\n<\/li>\n<li>Nanotechniken, Nanostrukturen, Nanosysteme- Herstellung von Nanostrukturen- (Nanopunkte, Nanodr\u00e4hte, Nanor\u00f6hrchen,\u2026)- Strukturelle und elektrische Eigenschaften nanostrukturierter Systeme- (Adsorption, elelktrischer Transport,\u2026)<\/li>\n<li>Anwendung von Nanomaterialien, Nanostrukturen und Nanosystemen\n<ol>\n<li>Energie\/Mobilit\u00e4t:- Energieumwandlung- Energiespeicherung- Energienutzung<\/li>\n<li>Gesundheit:- Nano-Bio-Applikation- Wirkstofftr\u00e4ger- biofunktionelle Nanosysteme<\/li>\n<li>Sicherheit (k\u00fcnstliche DNA, \u2026)<\/li>\n<\/ol>\n<\/li>\n<li>Gesellschaftliche Akzeptanz und Probleme der Nanotechnologien\n<ol>\n<li>Sicherheit von Nanomaterialien entlang der Wertsch\u00f6pfungskette und Lebenszyklen\/Nano-Toxikologie<\/li>\n<li>Rechtsrahmen und Regelungen<\/li>\n<li>\u00dcbertragung von Forschungsergebnissen in Innovationen\/Studieng\u00e4nge<\/li>\n<\/ol>\n<\/li>\n<\/ol>\n<h2>Programmkomitee:<\/h2>\n<ul>\n<li>Hans Richter, GFWW e.V., Frankfurt (Oder) \u2013 (richter@gfww.de)<\/li>\n<li>Hermann Grimmeiss, Universit\u00e4t Lund\/Schweden<\/li>\n<li>Bernd Junghans, LIFIS e.V., Dresden<\/li>\n<li>Michael K\u00f6hler; TU Ilmenau<\/li>\n<li>Bernd Michel, ENAS Chemnitz<\/li>\n<li>Wolfgang Sch\u00fctt, Donau-Universit\u00e4t Krems\/\u00d6sterreich<\/li>\n<li>J\u00f6rg Vienken, Fresenius Medical Care, Bad Homburg<\/li>\n<li>Gert Wangermann, LIFIS e.V., Berlin<\/li>\n<\/ul>\n<h2>Weitere Informationen und Downloads<\/h2>\n<ul>\n<li><a href=\"http:\/\/www.leibniz-institut.de\/usr_files\/52_nanoscience2012.pdf\" target=\"_blank\" rel=\"noopener\"><strong>Ank\u00fcndigung <\/strong><\/a>(90KB, PDF-Format)<\/li>\n<li><a href=\"http:\/\/www.leibniz-institut.de\/usr_files\/61_nanoscience2012_programm.pdf\" target=\"_blank\" rel=\"noopener\"><strong>Programm <\/strong><\/a>(126KB, PDF-Format)<\/li>\n<li><a href=\"http:\/\/www.leibniz-institut.de\/usr_files\/64_nanoscience2012_abstracts.pdf\" target=\"_blank\" rel=\"noopener\"><strong>Abstracts <\/strong><\/a>(284KB, PDF-Format)<\/li>\n<li><a href=\"http:\/\/www.leibniz-institut.de\/usr_files\/65_nanoscience2012_teilnehmer.pdf\" target=\"_blank\" rel=\"noopener\"><strong>Teilnehmer <\/strong><\/a>(85KB, PDF-Format)<\/li>\n<li><a href=\"http:\/\/leibniz-institut.de\/lk13-detail\/\"><strong>Programm mit Downloadoption der Vortr\u00e4ge<\/strong><\/a><\/li>\n<\/ul>\n","protected":false},"excerpt":{"rendered":"<p>Nanoscience 2012 26. &#8212; 27. April 2012 Best Western Hotel am Schlosspark, 09577 Lichtenwalde (Sachsen), Deutschland Veranstalter: LEIBNIZ-INSTITUT f\u00fcr interdisziplin\u00e4re Studien e.V. (LIFIS) Schloss Lichtenwalde gemeinsam mit Gesellschaft zur F\u00f6rderung <a class=\"more-link\" href=\"https:\/\/leibniz-institut.de\/ru\/konferenzen\/konferenz-archiv\/13-leibniz-konferenz-nanoscience-2012\/\">Weiterlesen \u2192<\/a><\/p>\n","protected":false},"author":2,"featured_media":0,"parent":315,"menu_order":13,"comment_status":"closed","ping_status":"closed","template":"","meta":{"footnotes":""},"class_list":["post-249","page","type-page","status-publish","hentry"],"translation":{"provider":"WPGlobus","version":"3.0.2","language":"ru","enabled_languages":["de","en","ru"],"languages":{"de":{"title":true,"content":true,"excerpt":false},"en":{"title":false,"content":false,"excerpt":false},"ru":{"title":false,"content":false,"excerpt":false}}},"_links":{"self":[{"href":"https:\/\/leibniz-institut.de\/ru\/wp-json\/wp\/v2\/pages\/249","targetHints":{"allow":["GET"]}}],"collection":[{"href":"https:\/\/leibniz-institut.de\/ru\/wp-json\/wp\/v2\/pages"}],"about":[{"href":"https:\/\/leibniz-institut.de\/ru\/wp-json\/wp\/v2\/types\/page"}],"author":[{"embeddable":true,"href":"https:\/\/leibniz-institut.de\/ru\/wp-json\/wp\/v2\/users\/2"}],"replies":[{"embeddable":true,"href":"https:\/\/leibniz-institut.de\/ru\/wp-json\/wp\/v2\/comments?post=249"}],"version-history":[{"count":7,"href":"https:\/\/leibniz-institut.de\/ru\/wp-json\/wp\/v2\/pages\/249\/revisions"}],"predecessor-version":[{"id":1574,"href":"https:\/\/leibniz-institut.de\/ru\/wp-json\/wp\/v2\/pages\/249\/revisions\/1574"}],"up":[{"embeddable":true,"href":"https:\/\/leibniz-institut.de\/ru\/wp-json\/wp\/v2\/pages\/315"}],"wp:attachment":[{"href":"https:\/\/leibniz-institut.de\/ru\/wp-json\/wp\/v2\/media?parent=249"}],"curies":[{"name":"wp","href":"https:\/\/api.w.org\/{rel}","templated":true}]}}