{"id":257,"date":"2015-08-11T13:25:05","date_gmt":"2015-08-11T13:25:05","guid":{"rendered":"http:\/\/wordpress.leibniz-institut.de\/?page_id=257"},"modified":"2016-03-06T08:30:01","modified_gmt":"2016-03-06T08:30:01","slug":"lk13-detail","status":"publish","type":"page","link":"https:\/\/leibniz-institut.de\/ru\/konferenzen\/konferenz-archiv\/13-leibniz-konferenz-nanoscience-2012\/lk13-detail\/","title":{"rendered":"Programm der 13. Leibniz-Konferenz"},"content":{"rendered":"<p><strong>Donnerstag, 26. April 2012<\/strong><\/p>\n<table border=\"0\" width=\"100%\" cellspacing=\"5\" cellpadding=\"5\">\n<tbody>\n<tr align=\"left\" valign=\"top\">\n<td width=\"20%\">08:30 \u2013 09:45<\/td>\n<td>Anmeldung\/ Registrierung<\/td>\n<\/tr>\n<tr align=\"left\" valign=\"top\">\n<td>09:45 \u2013 10:00<\/td>\n<td>Begr\u00fc\u00dfung und Er\u00f6ffnung<br \/>\n<strong>B. Junghans, H. Richter<\/strong><\/td>\n<\/tr>\n<\/tbody>\n<\/table>\n<table border=\"0\" width=\"100%\" cellspacing=\"5\" cellpadding=\"5\">\n<tbody>\n<tr align=\"left\" valign=\"top\">\n<td width=\"20%\">10:15 \u2013 12:00<\/td>\n<td><strong>PLENARSITZUNG<\/strong><\/p>\n<ul>\n<li>Nachhaltigkeit und \u00f6kologische Chancen der Nanotechnologie<br \/>\n<strong>R. Nonninger<\/strong>, <em>Deutscher Verband f\u00fcr Nanotechnologie, Saarbr\u00fccken<br \/>\n<img decoding=\"async\" src=\"\/images\/pdf_icon.gif\" alt=\"\" \/><\/em> <strong><a href=\"\/Konferenzen\/ns2012\/nonninger_nachhaltigkeit_und_oekologische_chancen.pdf\" target=\"_blank\">PDF-Download<\/a><\/strong> (1.6MB)<\/li>\n<li>EUCEMAN \u2013 the European Center on MicroNanoReliability<br \/>\n<strong>B. Michel, T. Winkler<\/strong>, <em>Berliner Nanotest u. Design GmbH, Berlin<br \/>\n<img decoding=\"async\" src=\"\/images\/pdf_icon.gif\" alt=\"\" \/><\/em> <strong><a href=\"\/Konferenzen\/ns2012\/michel_euceman-european_center_on_micronanoreliability.pdf\" target=\"_blank\">PDF-Download<\/a><\/strong> (0.6MB)<\/li>\n<li>Some Results on Micro- and Nanoscience at Res. Inst. Tech. Phys. and Matl. Sci., MFA<br \/>\n<strong>J. Gyalai<\/strong>, <em>KFKI, Budapest<br \/>\n<img decoding=\"async\" src=\"\/images\/pdf_icon.gif\" alt=\"\" \/><\/em> <strong><a href=\"\/Konferenzen\/ns2012\/gyulai_some_results_on_micro-_and_nanoscience.pdf\" target=\"_blank\">PDF-Download<\/a><\/strong> (4.9MB)<\/li>\n<\/ul>\n<\/td>\n<\/tr>\n<tr align=\"left\" valign=\"top\">\n<td width=\"20%\">12:00 \u2013 13:00<\/td>\n<td><strong>NANOMATERIALIEN<\/strong><\/td>\n<\/tr>\n<tr align=\"left\" valign=\"top\">\n<td width=\"20%\"><\/td>\n<td>\n<ul>\n<li>Untersuchungen zur Aufhebung der Schwerkraft im Mikro-Nano-\u00dcbergangsbereich<br \/>\n<strong>B. Michel<\/strong>, <em>Fraunhofer ENAS, Chemnitz und Berlin<\/em><\/li>\n<li>Thermal Interface Characterization in the Micro-Nano Region<br \/>\n<strong>M. Abo Ras<\/strong>, <em>MicroMaterials Center Berlin<br \/>\n<img decoding=\"async\" src=\"\/images\/pdf_icon.gif\" alt=\"\" \/><\/em> <strong><a href=\"\/Konferenzen\/ns2012\/abo_ras_thermal_interface_characterization_micro-nano.pdf\" target=\"_blank\">PDF-Download<\/a><\/strong> (2.0MB)<\/li>\n<li>Noble metal nanoparticles as window into the nanoworld<br \/>\n<strong>W. Fritzsche<\/strong>, <em>IPHT Jena<br \/>\n<img decoding=\"async\" src=\"\/images\/pdf_icon.gif\" alt=\"\" \/><\/em> <strong><a href=\"\/Konferenzen\/ns2012\/fritzsche_noble_metal_nanoparticles_as_window_into_the_nanoworld.pdf\" target=\"_blank\">PDF-Download<\/a><\/strong> (1.2MB)<\/li>\n<\/ul>\n<\/td>\n<\/tr>\n<tr align=\"left\" valign=\"top\">\n<td width=\"20%\">13:00 &#8212; 14:00<\/td>\n<td>M I T T A G E S S E N<\/td>\n<\/tr>\n<\/tbody>\n<\/table>\n<table border=\"0\" width=\"100%\" cellspacing=\"5\" cellpadding=\"5\">\n<tbody>\n<tr align=\"left\" valign=\"top\">\n<td width=\"20%\">14:00 &#8212; 16:00<\/td>\n<td><strong>NANOTECHNIKEN, NANOSTRUKTUREN, NANOSYSTEME <\/strong><\/td>\n<\/tr>\n<tr align=\"left\" valign=\"top\">\n<td width=\"20%\"><\/td>\n<td>\n<ul>\n<li>Grundlagenforschung und Anwendungskonzepte im Bereich der Synthese und Charakterisierung hochfrequenztauglicher ferromagnetischer Nanokompositschichten<br \/>\n<strong>K. M. Seemann<\/strong>, <em>Karlsruher Institut f\u00fcr Technologie KIT, Institut f\u00fcr Angewandte Materialien (IAM) &#8212; Angewandte Werkstoffphysik (AWP)<br \/>\n<img decoding=\"async\" src=\"\/images\/pdf_icon.gif\" alt=\"\" \/><\/em> <strong><a href=\"\/Konferenzen\/ns2012\/seemann_grundlagenforschung_und_anwendungskonzepte.pdf\" target=\"_blank\">PDF-Download<\/a><\/strong> (1.6MB)<\/li>\n<li>Semiconductor Nanowires for Photovoltaics and Electronics<br \/>\n<strong>M. T. Borgstr\u00f6m<\/strong>, <em>Lund University, Sweden<br \/>\n<img decoding=\"async\" src=\"\/images\/pdf_icon.gif\" alt=\"\" \/><\/em> <strong><a href=\"\/Konferenzen\/ns2012\/borgstroem_semiconductor_nanowires.pdf\" target=\"_blank\">PDF-Download<\/a><\/strong> (1.9MB)<\/li>\n<li>Lattice mismatched semiconductor integration for Si micro- and nanoelectronics<br \/>\n<strong>T. Schroeder, G. Kozlowski, A. Bauer, P. Zaumseil, Y. Yamamoto, and B. Tillack<\/strong>,  <em>IHP Frankfurt (Oder)<br \/>\n<img decoding=\"async\" src=\"\/images\/pdf_icon.gif\" alt=\"\" \/><\/em> <strong><a href=\"\/Konferenzen\/ns2012\/schroeder_lattice_mismatched_semiconductors.pdf\" target=\"_blank\">PDF-Download<\/a><\/strong> (2.5MB)<\/li>\n<li>Quantenbeschreibung der Kennlinien von Nanotransistoren: Theorie und Experiment<br \/>\n<strong>U.  Wulf, M. Krahlisch<\/strong>, <em>BTU Cottbus und<\/em> <strong>H. Richter<\/strong> <em>GFWW e.V. Frankfurt (Oder)\/BTU Cottbus<br \/>\n<img decoding=\"async\" src=\"\/images\/pdf_icon.gif\" alt=\"\" \/><\/em> <strong><a href=\"\/Konferenzen\/ns2012\/wulf_quantenbeschreibung_der_kennlinien_von_nanotransistoren.pdf\" target=\"_blank\">PDF-Download<\/a><\/strong> (0.8MB)<\/li>\n<\/ul>\n<\/td>\n<\/tr>\n<tr align=\"left\" valign=\"top\">\n<td width=\"20%\">16:00 &#8212; 16:30<\/td>\n<td>P A U S E<\/td>\n<\/tr>\n<tr align=\"left\" valign=\"top\">\n<td width=\"20%\">16:30 &#8212; 18:00<\/td>\n<td><strong>P A N E L  D I S C U S S I O N<\/strong><\/td>\n<\/tr>\n<tr align=\"left\" valign=\"top\">\n<td width=\"20%\"><\/td>\n<td>\u201eChancen f\u00fcr den Einzug der Nanotechnologie in konservative Gesch\u00e4ftsfelder\u201c<br \/>\nModeration und Einf\u00fchrung: <strong>H. Grimmeiss<\/strong>, <em>University of Lund, Schweden<\/em><\/td>\n<\/tr>\n<tr align=\"left\" valign=\"top\">\n<td width=\"20%\">19:00<\/td>\n<td><strong>E M P F A N G<\/strong><\/td>\n<\/tr>\n<\/tbody>\n<\/table>\n<p><strong>Freitag, 27. April 2012<\/strong><\/p>\n<table border=\"0\" width=\"100%\" cellspacing=\"5\" cellpadding=\"5\">\n<tbody>\n<tr align=\"left\" valign=\"top\">\n<td width=\"20%\">09:00 &#8212; 10:30<\/td>\n<td><strong>ANWENDUNG VON NANOMATERIALIEN, NANOSTRUKTUREN UND NANOSYSTEMEN (I) <\/strong><\/td>\n<\/tr>\n<tr align=\"left\" valign=\"top\">\n<td width=\"20%\"><\/td>\n<td>\n<ul>\n<li>Charakterisierung von Kombinationswirkungen in Nanoliter-Fluidsegmenten und Anwendung auf die Bewertung toxischer Effekte durch Silber-Nanopartikel<br \/>\n<strong>J. Cao, A. Funfak, D. K\u00fcrsten und J. M. K\u00f6hler<\/strong>, <em><em>Technische Universit\u00e4t Ilmenau<\/em><\/em>&nbsp;<\/li>\n<li>Anwendung der Mikrofluidsegmenttechnik zur Pr\u00e4paration von plasmonischen Nanopartikeln<br \/>\n<strong>A. Knauer, J. M. K\u00f6hler<\/strong>,<em> Technische Universit\u00e4t Ilmenau<br \/>\n<\/em><\/li>\n<li>Biofunctional Materials \u2013 Towards Biomedical Devices via Nanotechnological Modification Methods<br \/>\n<strong>J. Storsberg, C. Schmidt, E. Wischerhoff, A. Laschewsky<\/strong>, <em>Fraunhofer IAP, Potsdam-Golm<br \/>\n<\/em><\/li>\n<\/ul>\n<\/td>\n<\/tr>\n<tr align=\"left\" valign=\"top\">\n<td width=\"20%\">10:30 &#8212; 11:00<\/td>\n<td>P A U S E<\/td>\n<\/tr>\n<\/tbody>\n<\/table>\n<table border=\"0\" width=\"100%\" cellspacing=\"5\" cellpadding=\"5\">\n<tbody>\n<tr align=\"left\" valign=\"top\">\n<td width=\"20%\">11:00 &#8212; 12:30<\/td>\n<td><strong>ANWENDUNG VON NANOMATERIALIEN,<br \/>\nNANOSTRUKTUREN UND NANOSYSTEMEN (II)<\/strong><\/td>\n<\/tr>\n<tr align=\"left\" valign=\"top\">\n<td width=\"20%\"><\/td>\n<td>\n<ul>\n<li>Konstruieren mit DNS<br \/>\n<strong>M. Mertig<\/strong>, <em>TU Dresden<br \/>\n<img decoding=\"async\" src=\"\/images\/pdf_icon.gif\" alt=\"\" \/><\/em> <strong><a href=\"\/Konferenzen\/ns2012\/mertig_konstruieren_mit_dns.pdf\" target=\"_blank\">PDF-Download<\/a><\/strong> (6.1MB)<\/li>\n<li>Nano-strukturierte Materialien f\u00fcr die Blutentgiftung<br \/>\n<strong>D. Falkenhagen<\/strong>, <em>Donau Universit\u00e4t Krems, \u00d6sterreich<br \/>\n<\/em><\/li>\n<li>Anwendungen von Magnetteilchen in der biomedizinischen Forschung und Klinik<br \/>\n<strong>W. Sch\u00fctt<\/strong>, <em>IMC Fachhochschule Krems, \u00d6sterreich<\/em><\/li>\n<\/ul>\n<\/td>\n<\/tr>\n<tr align=\"left\" valign=\"top\">\n<td width=\"20%\">12:30 &#8212; 13:30<\/td>\n<td>M I T T A G E S S E N<\/td>\n<\/tr>\n<tr align=\"left\" valign=\"top\">\n<td width=\"20%\">13:30 &#8212; 15:30<\/td>\n<td><strong>GESELLSCHAFTLICHE AKZEPTANZ UND PROBLEME DER NANOTECHNOLOGIE<\/strong><\/td>\n<\/tr>\n<tr align=\"left\" valign=\"top\">\n<td width=\"20%\"><\/td>\n<td>\n<ul>\n<li>Gesellschaftliche Herausforderungen im Umgang mit der Nanotechnologie<br \/>\n<strong>W. Luther<\/strong>, <em>VDI Technologiezentrum GmbH, D\u00fcsseldorf<br \/>\n<img decoding=\"async\" src=\"\/images\/pdf_icon.gif\" alt=\"\" \/><\/em> <strong><a href=\"\/Konferenzen\/ns2012\/luther_gesellschaftiche_herausforderungen.pdf\" target=\"_blank\">PDF-Download<\/a><\/strong> (1.0MB)<\/li>\n<li>Zur rechtlichen Haftung f\u00fcr sch\u00e4dliche Folgen des Einsatzes von Nanomaterialien \u2013 ein Neuland unter rechtstheoretischer Betrachtung<br \/>\n<strong>F. Peters<\/strong>,<em> BTU Cottbus<br \/>\n<\/em><\/li>\n<li>Nanoproducts in medical application: Risks on the cellular level<br \/>\n<strong>J. Vienken<\/strong>, <em>Fresenius Medical Care Deutschland GmbH<br \/>\nBad Homburg v.d.H.<br \/>\n<img decoding=\"async\" src=\"\/images\/pdf_icon.gif\" alt=\"\" \/><\/em> <strong><a href=\"\/Konferenzen\/ns2012\/vienken_nanoproducts_in_medical_application_-_risks_on_the_cellular_level.pdf\" target=\"_blank\">PDF-Download<\/a><\/strong> (2.0MB)<\/li>\n<li>Soziale Implikationen der Nanotechnologie<br \/>\n<strong>G. Banse<\/strong>, <em>Leibniz-Soziet\u00e4t der Wissenschaften zu Berlin<\/em><\/li>\n<\/ul>\n<\/td>\n<\/tr>\n<tr align=\"left\" valign=\"top\">\n<td width=\"20%\">15:30<\/td>\n<td><strong>SCHLUSSWORT<\/strong><\/td>\n<\/tr>\n<\/tbody>\n<\/table>\n","protected":false},"excerpt":{"rendered":"<p>Donnerstag, 26. April 2012 08:30 \u2013 09:45 Anmeldung\/ Registrierung 09:45 \u2013 10:00 Begr\u00fc\u00dfung und Er\u00f6ffnung B. Junghans, H. Richter 10:15 \u2013 12:00 PLENARSITZUNG Nachhaltigkeit und \u00f6kologische Chancen der Nanotechnologie R. <a class=\"more-link\" href=\"https:\/\/leibniz-institut.de\/ru\/konferenzen\/konferenz-archiv\/13-leibniz-konferenz-nanoscience-2012\/lk13-detail\/\">Weiterlesen \u2192<\/a><\/p>\n","protected":false},"author":2,"featured_media":0,"parent":249,"menu_order":0,"comment_status":"closed","ping_status":"closed","template":"","meta":{"footnotes":""},"class_list":["post-257","page","type-page","status-publish","hentry"],"translation":{"provider":"WPGlobus","version":"3.0.2","language":"ru","enabled_languages":["de","en","ru"],"languages":{"de":{"title":true,"content":true,"excerpt":false},"en":{"title":false,"content":false,"excerpt":false},"ru":{"title":false,"content":false,"excerpt":false}}},"_links":{"self":[{"href":"https:\/\/leibniz-institut.de\/ru\/wp-json\/wp\/v2\/pages\/257","targetHints":{"allow":["GET"]}}],"collection":[{"href":"https:\/\/leibniz-institut.de\/ru\/wp-json\/wp\/v2\/pages"}],"about":[{"href":"https:\/\/leibniz-institut.de\/ru\/wp-json\/wp\/v2\/types\/page"}],"author":[{"embeddable":true,"href":"https:\/\/leibniz-institut.de\/ru\/wp-json\/wp\/v2\/users\/2"}],"replies":[{"embeddable":true,"href":"https:\/\/leibniz-institut.de\/ru\/wp-json\/wp\/v2\/comments?post=257"}],"version-history":[{"count":3,"href":"https:\/\/leibniz-institut.de\/ru\/wp-json\/wp\/v2\/pages\/257\/revisions"}],"predecessor-version":[{"id":486,"href":"https:\/\/leibniz-institut.de\/ru\/wp-json\/wp\/v2\/pages\/257\/revisions\/486"}],"up":[{"embeddable":true,"href":"https:\/\/leibniz-institut.de\/ru\/wp-json\/wp\/v2\/pages\/249"}],"wp:attachment":[{"href":"https:\/\/leibniz-institut.de\/ru\/wp-json\/wp\/v2\/media?parent=257"}],"curies":[{"name":"wp","href":"https:\/\/api.w.org\/{rel}","templated":true}]}}