{"id":280,"date":"2015-08-11T14:59:26","date_gmt":"2015-08-11T14:59:26","guid":{"rendered":"http:\/\/wordpress.leibniz-institut.de\/?page_id=280"},"modified":"2016-03-06T08:47:46","modified_gmt":"2016-03-06T08:47:46","slug":"lk17-detail","status":"publish","type":"page","link":"https:\/\/leibniz-institut.de\/ru\/konferenzen\/konferenz-archiv\/17-leibniz-konferenz-life-science-day-2013\/lk17-detail\/","title":{"rendered":"Programm der 17. Leibniz-Konferenz"},"content":{"rendered":"<p><strong>Donnerstag, 24. Oktober 2013<\/strong><\/p>\n<table border=\"0\" width=\"100%\" cellspacing=\"5\" cellpadding=\"5\">\n<tbody>\n<tr align=\"left\" valign=\"top\">\n<td width=\"20%\">08:00 \u2013 09:30<\/td>\n<td>Anmeldung\/ Registrierung<\/td>\n<\/tr>\n<tr align=\"left\" valign=\"top\">\n<td>09:30 \u2013 10:30<\/td>\n<td><strong>Podiumsdiskussion zum Life Science Day 2013<\/strong><br \/>\nModeration: B\u00e4rbel Petersen<\/td>\n<\/tr>\n<tr align=\"left\" valign=\"top\">\n<td><\/td>\n<td><strong>Prof. Peter-Andr\u00e9 Alt<\/strong><br \/>\nPr\u00e4sident Freie Universit\u00e4t Berlin<br \/>\n<strong>Guido Beermann<\/strong><br \/>\nStaatssekret\u00e4r Senatsverwaltung f\u00fcr Wirtschaft, Technologie und Forschung<br \/>\n<strong>Ulf Fink<\/strong><br \/>\nSenator a.D., Vorstandsvorsitzender Gesundheitsstadt Berlin e.V.<br \/>\n<strong>Nicolas Zimmer<\/strong><br \/>\nVorstandsvorsitzender TSB Technologiestiftung Berlin<br \/>\n<strong>Dr. Steffen Kammradt<\/strong><br \/>\nSprecher der Gesch\u00e4ftsf\u00fchrung ZukunftsAgentur Brandenburg GmbH (ZAB)<\/td>\n<\/tr>\n<\/tbody>\n<\/table>\n<table border=\"0\" width=\"100%\" cellspacing=\"5\" cellpadding=\"5\">\n<tbody>\n<tr align=\"left\" valign=\"top\">\n<td width=\"20%\">10:30 \u2013 10:40<\/td>\n<td valign=\"top\"><strong>Er\u00f6ffnung der 17. Leibnizkonferenz<\/strong><br \/>\nB. JUNGHANS<br \/>\nLeibniz-Institut f\u00fcr interdisziplin\u00e4re Studien, Berlin<br \/>\n<img decoding=\"async\" src=\"\/images\/pdf_icon.gif\" alt=\"\" \/> <a href=\"\/Konferenzen\/lsd2013\/junghans_eroffnung_der_17leibniz-konferenz.pdf\" target=\"_blank\"><strong>PDF-Download<\/strong><\/a> (0.3MB)<\/td>\n<\/tr>\n<tr>\n<td valign=\"top\" width=\"20%\">10:40 \u2013 12:30<\/td>\n<td valign=\"top\"><strong>Session 1<br \/>\nDIE VIELFALT DER DNA<\/strong><\/td>\n<\/tr>\n<tr align=\"left\" valign=\"top\">\n<td width=\"20%\">10:40 \u2013 11:00<\/td>\n<td valign=\"top\">D. LASSNER<br \/>\nIKDT Institut Kardiale  Diagnostik and Therapie GmbH und Leibniz-Institut f\u00fcr interdisziplin\u00e4re Studien, Berlin<br \/>\n<strong>\u201e60 Jahre DNA \u2013 die ganze Welt in einem Molek\u00fcl\u201c<\/strong><br \/>\n<img decoding=\"async\" src=\"\/images\/pdf_icon.gif\" alt=\"\" \/> <a href=\"\/Konferenzen\/lsd2013\/lassner_60_jahre_dna_-_die_ganze_welt_in_einem_molekul.pdf\" target=\"_blank\"><strong>PDF-Download<\/strong><\/a> (1.3MB)<\/td>\n<\/tr>\n<tr align=\"left\" valign=\"top\">\n<td width=\"20%\">11:00 \u2013 11:30<\/td>\n<td valign=\"top\">F. SIMMEL<br \/>\nTechnische Universit\u00e4t M\u00fcnchen<br \/>\n<strong>\u201eDNA-Nanotechnologie: Nanostrukturen und molekulare Maschinen aus DNA\u201c<\/strong><br \/>\n<img decoding=\"async\" src=\"\/images\/pdf_icon.gif\" alt=\"\" \/> <a href=\"\/Konferenzen\/lsd2013\/simmel_dna-nanotechnologie_nanostrukturen.pdf\" target=\"_blank\"><strong>PDF-Download<\/strong><\/a> (6.9MB)<\/td>\n<\/tr>\n<tr align=\"left\" valign=\"top\">\n<td width=\"20%\">11:30 \u2013 12:00<\/td>\n<td valign=\"top\">J. KURRECK<br \/>\nTechnische Universit\u00e4t  und Freie Universit\u00e4t Berlin<br \/>\n<strong>\u201eDie RNA \u2013 vom kleinen Bruder der DNA zum Multitalent\u201c <\/strong><br \/>\n<img decoding=\"async\" src=\"\/images\/pdf_icon.gif\" alt=\"\" \/> <a href=\"\/Konferenzen\/lsd2013\/kurreck_die_rna_-_vom_kleinen_bruder_der_dna_zum_multitalent.pdf\" target=\"_blank\"><strong>PDF-Download<\/strong><\/a> (3.2MB)<\/td>\n<\/tr>\n<tr align=\"left\" valign=\"top\">\n<td>12:00 \u2013 12:30<\/td>\n<td valign=\"top\">N. RAJEWSKY<br \/>\nBerlin Institute for Medical Systems Biology and<br \/>\nMDC Berlin-Buch<br \/>\n<strong>\u201eZirkulare RNAs\u201c<\/strong><\/td>\n<\/tr>\n<tr align=\"left\" valign=\"top\">\n<td>12:30 \u201313:00<\/td>\n<td valign=\"top\">MITTAGSPAUSE<\/td>\n<\/tr>\n<tr align=\"left\" valign=\"top\">\n<td>13:00 \u201314:00<\/td>\n<td valign=\"top\"><strong>POSTER SESSION und PRODUKTSCHAU<\/strong><strong>POSTER<\/strong><\/p>\n<p>J. BURGER (1,2), J. HOFFMANN (2), M. TROTTLER (2,3), N. KILB (1), G. ROTH (1,2)<br \/>\n1 Laboratory for Microarray Copying, ZBSA,  Albert-<br \/>\nLudwigs-University Freiburg<br \/>\n2 Laboratory for MEMS Applications, Department of Microsystems Engineering &#8212; IMTEK, Albert-Ludwigs-University Freiburg<br \/>\n3 HSG-IMIT, Villingen-Schwenningen<br \/>\n<strong>\u201eMicroarray Copying \u2013 on the way to Next Generation Microarrays\u201c<\/strong><br \/>\n<img decoding=\"async\" src=\"\/images\/pdf_icon.gif\" alt=\"\" \/> <a href=\"\/Konferenzen\/lsd2013\/burger_microarray%20_copying.pdf\" target=\"_blank\"><strong>PDF-Download<\/strong><\/a> (0.8MB)<\/p>\n<p>P. HOLZL\u00d6HNER, E. SCHLIEBS, N. MAIER, F.PFISTER, J. F\u00dcNER, B. MICHEEL,<br \/>\nK. HANACK<br \/>\nUniversit\u00e4t Potsdam<br \/>\n<strong>\u201eMonoclonal mouse antibodies against Camel Immunoglobulins\u201c<\/strong><br \/>\n<img decoding=\"async\" src=\"\/images\/pdf_icon.gif\" alt=\"\" \/> <a href=\"\/Konferenzen\/lsd2013\/holzlohner_monoclonal_mouse_antibodies_against_camel_immunoglobulins.pdf\" target=\"_blank\"><strong>PDF-Download<\/strong><\/a> (0.3MB)<\/p>\n<p>S. K\u00d6PKE, T. BUHRKE, A.LAMPEN<br \/>\nFederal Institute for Risk Assessment (BfR), Berlin<br \/>\n<strong>\u201eEffects of trans-fatty acids on the microRNA expression in human colon cancer cells\u201c<\/strong><br \/>\n<img decoding=\"async\" src=\"\/images\/pdf_icon.gif\" alt=\"\" \/> <a href=\"\/Konferenzen\/lsd2013\/kopke_effects_of_trans-fetty_acids_on_the_mikcrorna_expression.pdf\" target=\"_blank\"><strong>PDF-Download<\/strong><\/a> (0.5MB)<\/p>\n<p>A. LUDWIG<br \/>\nLeibniz-Institute for Zoo- and Wildlife Research, Berlin<br \/>\n<strong>\u201eVom Knochen zum Ph\u00e4notyp \u2013 Wie die Analyse fossiler DNS die Historie der Fellfarben von Pferden aufdecken hilft\u201c<\/strong><br \/>\n<img decoding=\"async\" src=\"\/images\/pdf_icon.gif\" alt=\"\" \/> <a href=\"\/Konferenzen\/lsd2013\/ludwig_vom_knochen_zum_phanotyp_-_analyse_fossiler_dns.pdf\" target=\"_blank\"><strong>PDF-Download<\/strong><\/a> (2.0MB)<\/p>\n<p>K. MESSERSCHMIDT,  M. NEUMANN-SCHAAL, K. HANACK<br \/>\nUniversit\u00e4t Potsdam<br \/>\n<strong>\u201eUse of antibody gene library for the isolation of  specific single chain antibodies by ampicillin-antigen conjugates\u201c<\/strong><br \/>\n<img decoding=\"async\" src=\"\/images\/pdf_icon.gif\" alt=\"\" \/> <a href=\"\/Konferenzen\/lsd2013\/messerschmidt_use_of_antibody_gene_library_for_the_isolation.pdf\" target=\"_blank\"><strong>PDF-Download<\/strong><\/a> (0.4MB)<\/p>\n<p>C. REBLE (1,2), I. GERSONDE (1), C. DRESSLER (1), J. SCHLEUSENER (1),<br \/>\nJ. HELFMANN (1), H. EICHLER (1,2)<br \/>\n1 Laser- und Medizin- Technologie Berlin (LMTB)<br \/>\n2 Technische Universit\u00e4t Berlin<br \/>\n<strong>\u201eEntwicklung einer Raman-spektroskopischen Plattform f\u00fcr die instrumentelle Analytik\u201c<\/strong><br \/>\n<img decoding=\"async\" src=\"\/images\/pdf_icon.gif\" alt=\"\" \/> <a href=\"\/Konferenzen\/lsd2013\/reble_entwicklung_raman-spektroskopischen_plattform.pdf\" target=\"_blank\"><strong>PDF-Download<\/strong><\/a> (1.8MB)<\/p>\n<p>S. R\u00d6DIGER (1), U. FR\u00d6MMEL (1), W. LEHMANN (2), A. B\u00d6HM (1), J. NITSCHKE (1), M. BURDUKIEWICZ (3), C. SCHR\u00d6DER (1), R. DANGLA (4), M. DRONIOU (4),<br \/>\nP. SCHIERACK (1)<br \/>\n1 BTU Cottbus-Senftenberg, Germany<br \/>\n2 Attomol GmbH, Bronkow, Germany<br \/>\n3 Wroc\u0142aw University, Poland<br \/>\n4 Stilla Technologies, Orsay, France<br \/>\n<strong>\u201eThe Modi Operandi of the VideoScan Platform for the Detection and Analysis of Nucleic Acids\u201c<\/strong><br \/>\n<img decoding=\"async\" src=\"\/images\/pdf_icon.gif\" alt=\"\" \/> <a href=\"\/Konferenzen\/lsd2013\/roediger_the_modi_operandi_of_the_videoscan_platform.pdf\" target=\"_blank\"><strong>PDF-Download<\/strong><\/a> (2.4MB)<\/p>\n<p>C. SIEGISMUND (1), M. ROHDE (1), F. ESCHER (2), U. GROSS (1), H.-P. SCHULTHEISS (2), U. K\u00dcHL (2), D. LASSNER (1)<br \/>\n1 Institut Kardiale Diagnostik und Therapie GmbH, Berlin<br \/>\n2 Med. Klinik II, Charit\u00e9 Universit\u00e4tsmedizin Benjamin Franklin, Berlin<br \/>\n<strong>\u201eIndividualisierte Medizin bei Kardiomyopathien mittels miRNA-Profiling\u201c<\/strong><br \/>\n<img decoding=\"async\" src=\"\/images\/pdf_icon.gif\" alt=\"\" \/> <a href=\"\/Konferenzen\/lsd2013\/siegismund_individualisierte_medizin_bei_kardiomyopathien_mittels.pdf\" target=\"_blank\"><strong>PDF-Download<\/strong><\/a> (1.0MB)<\/p>\n<p>J. STEHR (1), C. SIEGISMUND (1), M. ROHDE (1), J. ZENKER (2), B. L\u00d6FFLER (2), P. SEIBEL (2), U. K\u00dcHL (3), H.-P. SCHULTHEISS (3), D. LASSNER (1)<br \/>\n1 Institut Kardiale Diagnostik und Therapie GmbH, Berlin<br \/>\n2 Biotechnological-Biomedical Centre (BBZ) der Universit\u00e4t Leipzig<br \/>\n3 Med. Klinik II, Charit\u00e9 Universit\u00e4tsmedizin Benjamin Franklin, Berlin<br \/>\n<strong>\u201eAssoziation von mitochondrialen DNA-Mutationen mit Kardiomyophatien\u201c<\/strong><br \/>\n<img decoding=\"async\" src=\"\/images\/pdf_icon.gif\" alt=\"\" \/> <a href=\"\/Konferenzen\/lsd2013\/stehr_assoziation_von_mitochondrialen_dna-mutationen_mit.pdf\" target=\"_blank\"><strong>PDF-Download<\/strong><\/a> (0.7MB)<\/p>\n<p>C. WOLF-BRANDSTETTER (1), J. REICHERT (1), J. MICHAEL (2), B. SCHWENZER (2), D. SCHARNWEBER (1)<br \/>\n1 Institut f\u00fcr Werkstoffwissenschaft, Technische Universit\u00e4t  Dresden<br \/>\n2 Professur f\u00fcr Allgemeine Biochemie, Technische  Universit\u00e4t  Dresden<br \/>\n<strong>\u201eModulares selbstorganisierendes Immobilisierungssystem zum Biosurface-Engineering enossaler Implantatmaterialien\u201c<\/strong><br \/>\n<img decoding=\"async\" src=\"\/images\/pdf_icon.gif\" alt=\"\" \/> <a href=\"\/Konferenzen\/lsd2013\/wolf-brandstetter_modulares_selbstorganisierendes_immobilisierungssystem.pdf\" target=\"_blank\"><strong>PDF-Download<\/strong><\/a> (1.1MB)<\/td>\n<\/tr>\n<tr align=\"left\" valign=\"top\">\n<td>14:00 \u201316:30<\/td>\n<td valign=\"top\"><strong>Session 2<br \/>\nHUMANES GENOMPROJEKT<\/strong><\/td>\n<\/tr>\n<tr align=\"left\" valign=\"top\">\n<td>14:00 \u2013 14:30<\/td>\n<td valign=\"top\">A. ROSENTHAL<br \/>\nSignature Diagnostics, Potsdam<br \/>\n<strong>\u201eDa Ultra-deep sequencing of circulating free DNA in the plasma of patients with advanced colorectal cancer \u2013 From chromosome 21 sequencing to translational oncology\u201c<\/strong><\/td>\n<\/tr>\n<tr align=\"left\" valign=\"top\">\n<td>14:30 \u201315:00<\/td>\n<td valign=\"top\">H. LEHRACH<br \/>\nMax-Planck-Institut f\u00fcr Molekulare Genetik, Berlin,<br \/>\n<strong>\u201eFrom the Genomic Project to -omics Medicine: a key component in personalising therapie\u201c<\/strong><br \/>\n<img decoding=\"async\" src=\"\/images\/pdf_icon.gif\" alt=\"\" \/> <a href=\"\/Konferenzen\/lsd2013\/lehrach_from_the_genomic_projekt_to_-omics_medicine2.pdf\" target=\"_blank\"><strong>PDF-Download<\/strong><\/a> (1.7MB)<\/td>\n<\/tr>\n<tr align=\"left\" valign=\"top\">\n<td>15:00 \u201315:30<\/td>\n<td valign=\"top\">H. ASCHE<br \/>\nGesellschaft f\u00fcr Erdkunde, Berlin<br \/>\n<strong>\u201eDas Genographic Project aus raumwissenschaftlicher Perspektive\u201c<\/strong><br \/>\n<img decoding=\"async\" src=\"\/images\/pdf_icon.gif\" alt=\"\" \/> <a href=\"\/Konferenzen\/lsd2013\/asche_das_genographic_projekt_aus_raumwissenschaftlicher_perspektive.pdf\" target=\"_blank\"><strong>PDF-Download<\/strong><\/a> (2.2MB)<\/td>\n<\/tr>\n<tr align=\"left\" valign=\"top\">\n<td>15:30 \u201316:00<\/td>\n<td valign=\"top\">P. SEIBEL<br \/>\nUniversit\u00e4t Leipzig<br \/>\n<strong>\u201eFunktionen und Manipulationen der mitochondrialen DNA\u201c<\/strong><\/td>\n<\/tr>\n<tr align=\"left\" valign=\"top\">\n<td>16:00 \u201316:45<\/td>\n<td valign=\"top\">P A U S E und <strong>PRODUKTSCHAU<\/strong><\/td>\n<\/tr>\n<tr align=\"left\" valign=\"top\">\n<td>16:45 \u2013 17:30<\/td>\n<td valign=\"top\"><strong><em>\u201eDie Melodie des Genoms &#8212; ein musikalischer Ausblick\u201c \u2013 Ein wissenschaftliches Konzert<\/em><\/strong><\/td>\n<\/tr>\n<tr align=\"left\" valign=\"top\">\n<td>17:30 \u201319:00<\/td>\n<td valign=\"top\"><strong>Session 3<br \/>\nMEDIZINISCHE DNA-TECHNOLOGIE<\/strong><\/td>\n<\/tr>\n<tr align=\"left\" valign=\"top\">\n<td>17:30 \u201318:00<\/td>\n<td valign=\"top\">F. BIER<br \/>\nFraunhofer-Institut f\u00fcr Biomedizinische Technik, Potsdam<br \/>\n<strong>\u201eMiniaturisierung der DNA-Nachweistechniken\u201c<\/strong><br \/>\n<img decoding=\"async\" src=\"\/images\/pdf_icon.gif\" alt=\"\" \/> <a href=\"\/Konferenzen\/lsd2013\/bier_miniaturisierung_der_dna-nachweistechniken.pdf\" target=\"_blank\"><strong>PDF-Download<\/strong><\/a> (7.0MB)<\/td>\n<\/tr>\n<tr align=\"left\" valign=\"top\">\n<td>18:00 \u201318:30<\/td>\n<td valign=\"top\">D. ROGGENBUCK,<br \/>\nMedipan, Dahlewitz<br \/>\n<strong>\u201eMultiparametrische Diagnostik von Reparaturmechanismen der DNA in der individualisierten Medizin\u201c<\/strong><br \/>\n<img decoding=\"async\" src=\"\/images\/pdf_icon.gif\" alt=\"\" \/> <a href=\"\/Konferenzen\/lsd2013\/roggenbuck_multiparametrische_diagnostik_von_reparaturmechanismen.pdf\" target=\"_blank\"><strong>PDF-Download<\/strong><\/a> (2.4MB)<\/td>\n<\/tr>\n<tr align=\"left\" valign=\"top\">\n<td>18:30 \u201319:00<\/td>\n<td valign=\"top\">V. ERDMANN<br \/>\nFreie Universit\u00e4t Berlin<br \/>\n<strong>\u201eNeueste Entwicklungen auf dem Gebiet der RNA-Technologien\u201c<\/strong><\/td>\n<\/tr>\n<tr align=\"left\" valign=\"top\">\n<td>19:00<\/td>\n<td valign=\"top\"><strong>VERLEIHUNG DER POSTERPREISE<\/strong><\/td>\n<\/tr>\n<tr align=\"left\" valign=\"top\">\n<td>19:15<\/td>\n<td valign=\"top\"><strong>Science Slam zum Thema DNA<\/strong><\/td>\n<\/tr>\n<tr align=\"left\" valign=\"top\">\n<td>20:00<\/td>\n<td valign=\"top\"><strong>GET-TOGETHER<\/strong><\/td>\n<\/tr>\n<\/tbody>\n<\/table>\n","protected":false},"excerpt":{"rendered":"<p>Donnerstag, 24. Oktober 2013 08:00 \u2013 09:30 Anmeldung\/ Registrierung 09:30 \u2013 10:30 Podiumsdiskussion zum Life Science Day 2013 Moderation: B\u00e4rbel Petersen Prof. Peter-Andr\u00e9 Alt Pr\u00e4sident Freie Universit\u00e4t Berlin Guido Beermann <a class=\"more-link\" href=\"https:\/\/leibniz-institut.de\/ru\/konferenzen\/konferenz-archiv\/17-leibniz-konferenz-life-science-day-2013\/lk17-detail\/\">Weiterlesen \u2192<\/a><\/p>\n","protected":false},"author":2,"featured_media":0,"parent":277,"menu_order":0,"comment_status":"closed","ping_status":"closed","template":"","meta":{"footnotes":""},"class_list":["post-280","page","type-page","status-publish","hentry"],"translation":{"provider":"WPGlobus","version":"3.0.2","language":"ru","enabled_languages":["de","en","ru"],"languages":{"de":{"title":true,"content":true,"excerpt":false},"en":{"title":false,"content":false,"excerpt":false},"ru":{"title":false,"content":false,"excerpt":false}}},"_links":{"self":[{"href":"https:\/\/leibniz-institut.de\/ru\/wp-json\/wp\/v2\/pages\/280","targetHints":{"allow":["GET"]}}],"collection":[{"href":"https:\/\/leibniz-institut.de\/ru\/wp-json\/wp\/v2\/pages"}],"about":[{"href":"https:\/\/leibniz-institut.de\/ru\/wp-json\/wp\/v2\/types\/page"}],"author":[{"embeddable":true,"href":"https:\/\/leibniz-institut.de\/ru\/wp-json\/wp\/v2\/users\/2"}],"replies":[{"embeddable":true,"href":"https:\/\/leibniz-institut.de\/ru\/wp-json\/wp\/v2\/comments?post=280"}],"version-history":[{"count":3,"href":"https:\/\/leibniz-institut.de\/ru\/wp-json\/wp\/v2\/pages\/280\/revisions"}],"predecessor-version":[{"id":498,"href":"https:\/\/leibniz-institut.de\/ru\/wp-json\/wp\/v2\/pages\/280\/revisions\/498"}],"up":[{"embeddable":true,"href":"https:\/\/leibniz-institut.de\/ru\/wp-json\/wp\/v2\/pages\/277"}],"wp:attachment":[{"href":"https:\/\/leibniz-institut.de\/ru\/wp-json\/wp\/v2\/media?parent=280"}],"curies":[{"name":"wp","href":"https:\/\/api.w.org\/{rel}","templated":true}]}}