{"id":293,"date":"2015-08-11T15:09:19","date_gmt":"2015-08-11T15:09:19","guid":{"rendered":"http:\/\/wordpress.leibniz-institut.de\/?page_id=293"},"modified":"2015-08-17T08:05:32","modified_gmt":"2015-08-17T08:05:32","slug":"lk19-detail","status":"publish","type":"page","link":"https:\/\/leibniz-institut.de\/ru\/konferenzen\/konferenz-archiv\/19-leibniz-konferenz-digitale-revolution-und-industrie-4-0\/lk19-detail\/","title":{"rendered":"Programm der 19. Leibniz-Konferenz"},"content":{"rendered":"<h2>Abstracts der Konferenzbeitr\u00e4ge<\/h2>\n<h3>Beitr\u00e4ge<\/h3><div class=\"talks\">\n<div itemscope itemtype=\"http:\/\/schema.org\/CreativeWork\" class=\"talk\">\n  <h4 itemprop=\"title\" class=\"talktitle\">Begr\u00fc\u00dfung und Er\u00f6ffnung<\/h4>\n  <div class=\"referent\"><p><strong>Autor(en):<\/strong> <span itemprop=\"creator\">Bernd Junghans<\/span><\/p><\/div>\n  <div class=\"slides\"> <img decoding=\"async\" alt=\"\" src=\"https:\/\/www.leibniz-institut.de\/images\/13_icon_pdf.gif\" width=\"18px\"\/>&nbsp;<a href=\"http:\/\/leibniz-institut.de\/Konferenzen\/Megaspeicher-2015\/LK19-Junghans-Opening.pdf\">Vortragsfolien<\/a> <\/div>\n<\/div> <!-- end class talk -->\n<div itemscope itemtype=\"http:\/\/schema.org\/CreativeWork\" class=\"talk\">\n  <h4 itemprop=\"title\" class=\"talktitle\">Digitale Revolution und gesellschaftlicher Fortschritt<\/h4>\n  <div class=\"referent\"><p><strong>Autor(en):<\/strong> <span itemprop=\"creator\">Bernd Junghans<\/span><\/p><\/div>\n  <div class=\"slides\"> <img decoding=\"async\" alt=\"\" src=\"https:\/\/www.leibniz-institut.de\/images\/13_icon_pdf.gif\" width=\"18px\"\/>&nbsp;<a href=\"http:\/\/leibniz-institut.de\/Konferenzen\/Megaspeicher-2015\/LK19-Junghans.pdf\">Vortragsfolien<\/a> <\/div>\n<\/div> <!-- end class talk -->\n<div itemscope itemtype=\"http:\/\/schema.org\/CreativeWork\" class=\"talk\">\n  <h4 itemprop=\"title\" class=\"talktitle\">Entwicklung des Megabitspeichers U61000 1986 bis 1990<\/h4>\n  <div class=\"referent\"><p><strong>Autor(en):<\/strong> <span itemprop=\"creator\">Jens Knobloch<\/span><\/p><\/div>\n  <div class=\"slides\"> <img decoding=\"async\" alt=\"\" src=\"https:\/\/www.leibniz-institut.de\/images\/13_icon_pdf.gif\" width=\"18px\"\/>&nbsp;<a href=\"http:\/\/leibniz-institut.de\/Konferenzen\/Megaspeicher-2015\/LK19-Knobloch.pdf\">Vortragsfolien<\/a> <\/div>\n<\/div> <!-- end class talk -->\n<div itemscope itemtype=\"http:\/\/schema.org\/CreativeWork\" class=\"talk\">\n  <h4 itemprop=\"title\" class=\"talktitle\">Maskentechnik - die Strukturerzeugung als entscheidendes Werkzeug zwischen Entwurf und Fertigung<\/h4>\n  <div class=\"referent\"><p><strong>Autor(en):<\/strong> <span itemprop=\"creator\">Hermann Wolf<\/span><\/p><\/div>\n  <div class=\"slides\"> <img decoding=\"async\" alt=\"\" src=\"https:\/\/www.leibniz-institut.de\/images\/13_icon_pdf.gif\" width=\"18px\"\/>&nbsp;<a href=\"http:\/\/leibniz-institut.de\/Konferenzen\/Megaspeicher-2015\/LK19-Wolf.pdf\">Vortragsfolien<\/a> <\/div>\n<\/div> <!-- end class talk -->\n<div itemscope itemtype=\"http:\/\/schema.org\/CreativeWork\" class=\"talk\">\n  <h4 itemprop=\"title\" class=\"talktitle\">Technologie der Mikroelektronik der Schl\u00fcssel f\u00fcr die digitale Revolution<\/h4>\n  <div class=\"referent\"><p><strong>Autor(en):<\/strong> <span itemprop=\"creator\">Michael Raab<\/span><\/p><\/div>\n  <div class=\"slides\"> <img decoding=\"async\" alt=\"\" src=\"https:\/\/www.leibniz-institut.de\/images\/13_icon_pdf.gif\" width=\"18px\"\/>&nbsp;<a href=\"http:\/\/leibniz-institut.de\/Konferenzen\/Megaspeicher-2015\/LK19-Raab.pdf\">Vortragsfolien<\/a> <\/div>\n<\/div> <!-- end class talk -->\n<div itemscope itemtype=\"http:\/\/schema.org\/CreativeWork\" class=\"talk\">\n  <h4 itemprop=\"title\" class=\"talktitle\">Speicherchip-Packaging &ndash; die Technologielokomotive f\u00fcr das Back-end<\/h4>\n  <div class=\"referent\"><p><strong>Autor(en):<\/strong> <span itemprop=\"creator\">J\u00f6rg Ludewig<\/span><\/p><\/div>\n  <div class=\"slides\"> <img decoding=\"async\" alt=\"\" src=\"https:\/\/www.leibniz-institut.de\/images\/13_icon_pdf.gif\" width=\"18px\"\/>&nbsp;<a href=\"http:\/\/leibniz-institut.de\/Konferenzen\/Megaspeicher-2015\/LK19-Ludewig.pdf\">Vortragsfolien<\/a> <\/div>\n<\/div> <!-- end class talk -->\n<div itemscope itemtype=\"http:\/\/schema.org\/CreativeWork\" class=\"talk\">\n  <h4 itemprop=\"title\" class=\"talktitle\">Das Dresden MEGA-Projekt. Eine der Wurzeln des Silicon Saxony<\/h4>\n  <div class=\"referent\"><p><strong>Autor(en):<\/strong> <span itemprop=\"creator\">Dieter Landgraf-Dietz<\/span><\/p><\/div>\n  <div class=\"slides\"> <img decoding=\"async\" alt=\"\" src=\"https:\/\/www.leibniz-institut.de\/images\/13_icon_pdf.gif\" width=\"18px\"\/>&nbsp;<a href=\"http:\/\/leibniz-institut.de\/Konferenzen\/Megaspeicher-2015\/LK19-LandgrafDietz.pdf\">Vortragsfolien<\/a> <\/div>\n<\/div> <!-- end class talk -->\n<div itemscope itemtype=\"http:\/\/schema.org\/CreativeWork\" class=\"talk\">\n  <h4 itemprop=\"title\" class=\"talktitle\">Dresdner Mikroelektronik &ndash; gestern, heute, morgen im europ\u00e4ischen Kontext<\/h4>\n  <div class=\"referent\"><p><strong>Autor(en):<\/strong> <span itemprop=\"creator\">Hubert Lakner<\/span><\/p><\/div>\n  <div class=\"slides\"> <img decoding=\"async\" alt=\"\" src=\"https:\/\/www.leibniz-institut.de\/images\/13_icon_pdf.gif\" width=\"18px\"\/>&nbsp;<a href=\"http:\/\/leibniz-institut.de\/Konferenzen\/Megaspeicher-2015\/LK19-Lakner.pdf\">Vortragsfolien<\/a> <\/div>\n<\/div> <!-- end class talk -->\n<div itemscope itemtype=\"http:\/\/schema.org\/CreativeWork\" class=\"talk\">\n  <h4 itemprop=\"title\" class=\"talktitle\">Einf\u00fchrung zur Podiumsdiskussion<\/h4>\n  <div class=\"referent\"><p><strong>Autor(en):<\/strong> <span itemprop=\"creator\">Jens Drews<\/span><\/p><\/div>\n  <div class=\"slides\"> <img decoding=\"async\" alt=\"\" src=\"https:\/\/www.leibniz-institut.de\/images\/13_icon_pdf.gif\" width=\"18px\"\/>&nbsp;<a href=\"http:\/\/leibniz-institut.de\/Konferenzen\/Megaspeicher-2015\/LK19-Drews.pdf\">Vortragsfolien<\/a> <\/div>\n<\/div> <!-- end class talk -->\n<div itemscope itemtype=\"http:\/\/schema.org\/CreativeWork\" class=\"talk\">\n  <h4 itemprop=\"title\" class=\"talktitle\">Podiumsdiskussion<\/h4>\n  <div class=\"referent\"><p><strong>Autor(en):<\/strong> <span itemprop=\"creator\">Jens Drews<\/span>, <span itemprop=\"creator\">J\u00fcrgen Berger<\/span>, <span itemprop=\"creator\">Hans-J\u00fcrgen Straub<\/span>, <span itemprop=\"creator\">Andreas Wild<\/span>, <span itemprop=\"creator\">Hubert Lakner<\/span><\/p><\/div>\n<\/div> <!-- end class talk -->\n<\/div> <!-- end class talks --><h3>Referenten<\/h3>\n<div class=\"people\">\n<div itemscope itemtype=\"http:\/\/schema.org\/Person\" class=\"creator\"><p><span itemprop=\"name\" class=\"foaf:name\">J\u00fcrgen Berger<\/span><br\/><span itemprop=\"affiliation\" class=\"foaf:affil\">Bereichsleiter VDI\/VDE Innovation + Technik GmbH, Berlin<\/span><\/p><\/div>\n<div itemscope itemtype=\"http:\/\/schema.org\/Person\" class=\"creator\"><p><span itemprop=\"name\" class=\"foaf:name\">Jens Drews<\/span><br\/><span itemprop=\"affiliation\" class=\"foaf:affil\">GlobalFoundries, Dresden<\/span><\/p><\/div>\n<div itemscope itemtype=\"http:\/\/schema.org\/Person\" class=\"creator\"><p><span itemprop=\"name\" class=\"foaf:name\">Bernd Junghans<\/span><br\/><span itemprop=\"affiliation\" class=\"foaf:affil\">LIFIS e.V., Dresden<\/span><\/p><\/div>\n<div itemscope itemtype=\"http:\/\/schema.org\/Person\" class=\"creator\"><p><span itemprop=\"name\" class=\"foaf:name\">Jens Knobloch<\/span><br\/><span itemprop=\"affiliation\" class=\"foaf:affil\">FhG-IPMS, Dresden<\/span><\/p><\/div>\n<div itemscope itemtype=\"http:\/\/schema.org\/Person\" class=\"creator\"><p><span itemprop=\"name\" class=\"foaf:name\">Hubert Lakner<\/span><br\/><span itemprop=\"affiliation\" class=\"foaf:affil\">Insitutsleiter FhG-IPMS, Dresden<\/span><\/p><\/div>\n<div itemscope itemtype=\"http:\/\/schema.org\/Person\" class=\"creator\"><p><span itemprop=\"name\" class=\"foaf:name\">Dieter Landgraf-Dietz<\/span><br\/><span itemprop=\"affiliation\" class=\"foaf:affil\">Silicon Saxony e.V., Dresden<\/span><\/p><\/div>\n<div itemscope itemtype=\"http:\/\/schema.org\/Person\" class=\"creator\"><p><span itemprop=\"name\" class=\"foaf:name\">J\u00f6rg Ludewig<\/span><br\/><span itemprop=\"affiliation\" class=\"foaf:affil\">vormals MPD, Dresden<\/span><\/p><\/div>\n<div itemscope itemtype=\"http:\/\/schema.org\/Person\" class=\"creator\"><p><span itemprop=\"name\" class=\"foaf:name\">Michael Raab<\/span><br\/><span itemprop=\"affiliation\" class=\"foaf:affil\">GlobalFoundries, Dresden<\/span><\/p><\/div>\n<div itemscope itemtype=\"http:\/\/schema.org\/Person\" class=\"creator\"><p><span itemprop=\"name\" class=\"foaf:name\">Hans-J\u00fcrgen Straub<\/span><br\/><span itemprop=\"affiliation\" class=\"foaf:affil\">Aufsichtsrat X-FAB, Erfurt<\/span><\/p><\/div>\n<div itemscope itemtype=\"http:\/\/schema.org\/Person\" class=\"creator\"><p><span itemprop=\"name\" class=\"foaf:name\">Andreas Wild<\/span><br\/><span itemprop=\"affiliation\" class=\"foaf:affil\">Excecutive Director ECSEL, Br\u00fcssel<\/span><\/p><\/div>\n<div itemscope itemtype=\"http:\/\/schema.org\/Person\" class=\"creator\"><p><span itemprop=\"name\" class=\"foaf:name\">Hermann Wolf<\/span><br\/><span itemprop=\"affiliation\" class=\"foaf:affil\">Photronics, Dresden<\/span><\/p><\/div>\n<\/div> <!-- end class people -->\n","protected":false},"excerpt":{"rendered":"<p>Abstracts der Konferenzbeitr\u00e4ge<\/p>\n","protected":false},"author":2,"featured_media":0,"parent":289,"menu_order":0,"comment_status":"closed","ping_status":"closed","template":"","meta":{"footnotes":""},"class_list":["post-293","page","type-page","status-publish","hentry"],"translation":{"provider":"WPGlobus","version":"3.0.2","language":"ru","enabled_languages":["de","en","ru"],"languages":{"de":{"title":true,"content":true,"excerpt":false},"en":{"title":false,"content":false,"excerpt":false},"ru":{"title":false,"content":false,"excerpt":false}}},"_links":{"self":[{"href":"https:\/\/leibniz-institut.de\/ru\/wp-json\/wp\/v2\/pages\/293","targetHints":{"allow":["GET"]}}],"collection":[{"href":"https:\/\/leibniz-institut.de\/ru\/wp-json\/wp\/v2\/pages"}],"about":[{"href":"https:\/\/leibniz-institut.de\/ru\/wp-json\/wp\/v2\/types\/page"}],"author":[{"embeddable":true,"href":"https:\/\/leibniz-institut.de\/ru\/wp-json\/wp\/v2\/users\/2"}],"replies":[{"embeddable":true,"href":"https:\/\/leibniz-institut.de\/ru\/wp-json\/wp\/v2\/comments?post=293"}],"version-history":[{"count":5,"href":"https:\/\/leibniz-institut.de\/ru\/wp-json\/wp\/v2\/pages\/293\/revisions"}],"predecessor-version":[{"id":301,"href":"https:\/\/leibniz-institut.de\/ru\/wp-json\/wp\/v2\/pages\/293\/revisions\/301"}],"up":[{"embeddable":true,"href":"https:\/\/leibniz-institut.de\/ru\/wp-json\/wp\/v2\/pages\/289"}],"wp:attachment":[{"href":"https:\/\/leibniz-institut.de\/ru\/wp-json\/wp\/v2\/media?parent=293"}],"curies":[{"name":"wp","href":"https:\/\/api.w.org\/{rel}","templated":true}]}}