{"id":34,"date":"2015-02-08T21:52:40","date_gmt":"2015-02-08T21:52:40","guid":{"rendered":"http:\/\/eastpress.de\/lifis\/?page_id=34"},"modified":"2025-10-25T15:53:07","modified_gmt":"2025-10-25T15:53:07","slug":"kontakt","status":"publish","type":"page","link":"https:\/\/leibniz-institut.de\/ru\/startseite\/kontakt\/","title":{"rendered":"Kontakt"},"content":{"rendered":"\n<p><strong>LEIBNIZ-INSTITUT f\u00fcr interdisziplin\u00e4re Studien e.V. (LIFIS)<\/strong><br>&#8212; Sitz und Gesch\u00e4ftsstelle Berlin &#8212;<br>Albert-Einstein-Str. 16<br>D \u2013 12489 Berlin-Adlershof<br>Fon: +49 (0)30 6392-80180<br>Fax:&nbsp;&nbsp; +49 (0)30 6392-80182<br>E-Mail: <a href=\"mailto:post@leibniz-institut.de\">post@leibniz-institut.de<br><\/a><a href=\"http:\/\/www.leibniz-institut.de\">http:\/\/www.leibniz-institut.de<\/a><br>________________________________<br>&#8212; Gesch\u00e4ftsstelle Chemnitz &#8212;<br>Neefestra\u00dfe 88<br>D &#8212; 09116 Chemnitz<br>Fon: +49 (0)371 852027<br>Fax:&nbsp;&nbsp; +49 (0)371 27836983<br>________________________________<\/p>\n\n\n\n<p>AG Berlin-Charlottenburg<br>VR 31624 B<br>St.-Nr. 27\/640\/61631<br>________________________________<\/p>\n\n\n\n<p><strong>Bankverbindung: <\/strong><br>LIFIS e.V.<br>Berliner Volksbank eG<br>IBAN: DE91 1009 0000 2357 1110 08<br>BIC: BEVODEBB<br>________________________________<\/p>\n\n\n\n<p><strong>LIFIS ONLINE<\/strong><br>Prof. Dr. Hans-Gert Gr\u00e4be<br>Herwigstra\u00dfe 30<br>D \u2013 04279 Leipzig<br>Fon: +49 (0)341 3338 639<br>E-Mail: <a href=\"mailto:hgg@hg-graebe.de\">hgg@hg-graebe.de<\/a><\/p>\n\n\n\n<p>________________________________<\/p>\n\n\n\n<p><strong>B\u00fcro Dresden<\/strong><br>Prof. Dr. Bernd Junghans<br>Theresienstra\u00dfe 9d<br>D &#8212; 01097 Dresden<br>E-Mail: <a href=\"mailto:bernd.junghans@leibniz-institut.de\">bernd.junghans@leibniz-institut.de<\/a><\/p>\n\n\n\n<p>&nbsp;<\/p>\n","protected":false},"excerpt":{"rendered":"<p>LEIBNIZ-INSTITUT f\u00fcr interdisziplin\u00e4re Studien e.V. (LIFIS)&#8212; Sitz und Gesch\u00e4ftsstelle Berlin &#8212;Albert-Einstein-Str. 16D \u2013 12489 Berlin-AdlershofFon: +49 (0)30 6392-80180Fax:&nbsp;&nbsp; +49 (0)30 6392-80182E-Mail: post@leibniz-institut.dehttp:\/\/www.leibniz-institut.de________________________________&#8212; Gesch\u00e4ftsstelle Chemnitz &#8212;Neefestra\u00dfe 88D &#8212; 09116 ChemnitzFon: +49 <a class=\"more-link\" href=\"https:\/\/leibniz-institut.de\/ru\/startseite\/kontakt\/\">Weiterlesen \u2192<\/a><\/p>\n","protected":false},"author":2,"featured_media":0,"parent":39,"menu_order":7,"comment_status":"closed","ping_status":"closed","template":"","meta":{"footnotes":""},"class_list":["post-34","page","type-page","status-publish","hentry"],"translation":{"provider":"WPGlobus","version":"3.0.2","language":"ru","enabled_languages":["de","en","ru"],"languages":{"de":{"title":true,"content":true,"excerpt":false},"en":{"title":false,"content":false,"excerpt":false},"ru":{"title":false,"content":false,"excerpt":false}}},"_links":{"self":[{"href":"https:\/\/leibniz-institut.de\/ru\/wp-json\/wp\/v2\/pages\/34","targetHints":{"allow":["GET"]}}],"collection":[{"href":"https:\/\/leibniz-institut.de\/ru\/wp-json\/wp\/v2\/pages"}],"about":[{"href":"https:\/\/leibniz-institut.de\/ru\/wp-json\/wp\/v2\/types\/page"}],"author":[{"embeddable":true,"href":"https:\/\/leibniz-institut.de\/ru\/wp-json\/wp\/v2\/users\/2"}],"replies":[{"embeddable":true,"href":"https:\/\/leibniz-institut.de\/ru\/wp-json\/wp\/v2\/comments?post=34"}],"version-history":[{"count":11,"href":"https:\/\/leibniz-institut.de\/ru\/wp-json\/wp\/v2\/pages\/34\/revisions"}],"predecessor-version":[{"id":2213,"href":"https:\/\/leibniz-institut.de\/ru\/wp-json\/wp\/v2\/pages\/34\/revisions\/2213"}],"up":[{"embeddable":true,"href":"https:\/\/leibniz-institut.de\/ru\/wp-json\/wp\/v2\/pages\/39"}],"wp:attachment":[{"href":"https:\/\/leibniz-institut.de\/ru\/wp-json\/wp\/v2\/media?parent=34"}],"curies":[{"name":"wp","href":"https:\/\/api.w.org\/{rel}","templated":true}]}}