{"id":39,"date":"2015-02-13T20:19:04","date_gmt":"2015-02-13T20:19:04","guid":{"rendered":"http:\/\/eastpress.de\/lifis\/?page_id=39"},"modified":"2018-10-03T19:05:54","modified_gmt":"2018-10-03T19:05:54","slug":"startseite","status":"publish","type":"page","link":"https:\/\/leibniz-institut.de\/ru\/","title":{"rendered":"Willkommen auf der Seite des LIFIS!"},"content":{"rendered":"<h3>Das LIFIS<\/h3>\n<p>Das am 3. Mai 2002 gegr\u00fcndete Leibniz-Institut f\u00fcr interdisziplin\u00e4re Studien e.V. (kurz LIFIS) initiiert, organisiert und f\u00f6rdert aktiv \u2013 <em>nomen est omen<\/em> \u2013 den disziplin- bzw. fach\u00fcbergreifenden Dialog innerhalb der Wissenschaft, insbesondere aber zwischen Wissenschaft, Wirtschaft und Politik. Die LEIBNIZ-KONFERENZEN sowie die Internet-Zeitschrift LIFIS ONLINE sind dabei zwei wesentliche Mittel zum produktiven Zweck.<\/p>\n<div class=\"teaserwrapper\">\n<div class=\"teaserimage\"><a href=\"ueber-uns\/\"><img loading=\"lazy\" decoding=\"async\" class=\"alignleft\" src=\"\/images\/14_teaser_lifis.jpg\" alt=\"Das Leibniz-Institut\" width=\"91\" height=\"91\" border=\"0\" \/><\/a><\/div>\n<div class=\"teasertext\">\n<h4>Das LIFIS<\/h4>\n<p align=\"justify\">Erfahren Sie mehr \u00fcber das Leibniz-Institut f\u00fcr interdisziplin\u00e4re Studien e.V., seine Herkunft, grenz\u00fcberschreitenden Absichten, die Zielgruppen, Methoden und aktuellen Themen-Schwerpunkte.<\/p>\n<p align=\"right\"><a href=\"ueber-uns\/\"><strong>&#8230; weiter lesen<\/strong><\/a><\/p>\n<\/div>\n<\/div>\n<div class=\"teaserwrapper\">\n<div class=\"teaserimage\"><a href=\"konferenzen\/\"><img decoding=\"async\" src=\"\/images\/15_teaser_konferenzen.jpg\" alt=\"\" border=\"0\" \/><\/a><\/div>\n<div class=\"teasertext\">\n<h4>Die Leibniz-Konferenzen<\/h4>\n<p align=\"justify\">Das LIFIS will Br\u00fccken schlagen zwischen Wissenschaft und Wirtschaft, zwischen diesen und der Politik \u2013 auf Gebieten, die f\u00fcr die Zukunft der Gesellschaft von wesentlicher Bedeutung sind. Die Leibniz-Konferenzen sollen dazu ein disziplin- bzw. fach\u00fcbergreifendes Forum gegenseitiger Verst\u00e4ndigung sowie Stimulus produktiver Zusammenarbeit sein.<\/p>\n<p align=\"right\"><a title=\"Die Leibniz-Konferenzen\" href=\"konferenzen\/\"><strong>&#8230; weiter lesen<\/strong><\/a><\/p>\n<\/div>\n<\/div>\n<div class=\"teaserwrapper\">\n<div class=\"teaserimage\"><a href=\"lifis-online\/\"><img decoding=\"async\" src=\"\/images\/16_teaser_lifisonline.jpg\" alt=\"\" border=\"0\" \/><\/a><\/div>\n<div class=\"teasertext\">\n<h4>Die Internetzeitschrift LIFIS ONLINE<\/h4>\n<p align=\"justify\">Neue Ideen, Probleml\u00f6sungen, die im Rahmen der Leibniz-Konferenzen und anderer Aktivit\u00e4ten des LIFIS initiiert und beraten werden, bed\u00fcrfen im Allgemeinen weiterf\u00fchrender Er\u00f6rterungen. LIFIS ONLINE soll dazu ein Forum der \u00f6ffentlichen Information und Diskussion sein \u2013 ohne den Zeitverzug konventioneller Medien.<\/p>\n<p align=\"right\"><a title=\"Lifis Online\" href=\"http:\/\/wordpress.leibniz-institut.de\/lifis-online\/\"><strong>&#8230; weiter lesen<\/strong><\/a><\/p>\n<\/div>\n<\/div>\n","protected":false},"excerpt":{"rendered":"<p>Das LIFIS Das am 3. Mai 2002 gegr\u00fcndete Leibniz-Institut f\u00fcr interdisziplin\u00e4re Studien e.V. (kurz LIFIS) initiiert, organisiert und f\u00f6rdert aktiv \u2013 nomen est omen \u2013 den disziplin- bzw. fach\u00fcbergreifenden Dialog <a class=\"more-link\" href=\"https:\/\/leibniz-institut.de\/ru\/\">Weiterlesen \u2192<\/a><\/p>\n","protected":false},"author":2,"featured_media":0,"parent":0,"menu_order":0,"comment_status":"closed","ping_status":"closed","template":"","meta":{"footnotes":""},"class_list":["post-39","page","type-page","status-publish","hentry"],"translation":{"provider":"WPGlobus","version":"3.0.2","language":"ru","enabled_languages":["de","en","ru"],"languages":{"de":{"title":true,"content":true,"excerpt":false},"en":{"title":true,"content":true,"excerpt":false},"ru":{"title":false,"content":false,"excerpt":false}}},"_links":{"self":[{"href":"https:\/\/leibniz-institut.de\/ru\/wp-json\/wp\/v2\/pages\/39","targetHints":{"allow":["GET"]}}],"collection":[{"href":"https:\/\/leibniz-institut.de\/ru\/wp-json\/wp\/v2\/pages"}],"about":[{"href":"https:\/\/leibniz-institut.de\/ru\/wp-json\/wp\/v2\/types\/page"}],"author":[{"embeddable":true,"href":"https:\/\/leibniz-institut.de\/ru\/wp-json\/wp\/v2\/users\/2"}],"replies":[{"embeddable":true,"href":"https:\/\/leibniz-institut.de\/ru\/wp-json\/wp\/v2\/comments?post=39"}],"version-history":[{"count":23,"href":"https:\/\/leibniz-institut.de\/ru\/wp-json\/wp\/v2\/pages\/39\/revisions"}],"predecessor-version":[{"id":983,"href":"https:\/\/leibniz-institut.de\/ru\/wp-json\/wp\/v2\/pages\/39\/revisions\/983"}],"wp:attachment":[{"href":"https:\/\/leibniz-institut.de\/ru\/wp-json\/wp\/v2\/media?parent=39"}],"curies":[{"name":"wp","href":"https:\/\/api.w.org\/{rel}","templated":true}]}}