{"id":564,"date":"2016-08-21T13:05:32","date_gmt":"2016-08-21T13:05:32","guid":{"rendered":"http:\/\/leibniz-institut.de\/?page_id=564"},"modified":"2021-05-30T08:16:50","modified_gmt":"2021-05-30T08:16:50","slug":"sensorsysteme","status":"publish","type":"page","link":"https:\/\/leibniz-institut.de\/ru\/schwerpunktthemen\/weitere-themen\/sensorsysteme\/","title":{"rendered":"Sensorsysteme"},"content":{"rendered":"\n<p><a href=\"https:\/\/leibniz-institut.de\/schwerpunktthemen\/sensorsysteme\/\"><strong>\u0421\u0435\u043d\u0441\u043e\u0440\u043d\u044b\u0435 \u0441\u0438\u0441\u0442\u0435\u043c\u044b<\/strong><\/a><\/p>\n\n\n\n<p><strong>\u041a\u043e\u043e\u0440\u0434\u0438\u043d\u0430\u0442\u043e\u0440<\/strong><strong>:<\/strong> <a href=\"http:\/\/leibniz-institut.de\/startseite\/mitglieder\/\">\u043f\u0440\u043e\u0444. \u0411\u0435\u0440\u043d\u0434 \u042e\u043d\u0433\u0445\u0430\u043d\u0441<\/a><\/p>\n\n\n\n<p><strong>\u041f\u0440\u0435\u0434\u043f\u043e\u0441\u044b\u043b\u043a\u0438<\/strong><\/p>\n\n\n\n<p>\u0421\u0435\u043d\u0441\u043e\u0440\u043d\u044b\u0435 \u0441\u0438\u0441\u0442\u0435\u043c\u044b \u043f\u0440\u0435\u0434\u0441\u0442\u0430\u0432\u043b\u044f\u044e\u0442 \u0441\u043e\u0431\u043e\u0439 \u044f\u0434\u0440\u043e \u0442\u0435\u0445\u043d\u043e\u043b\u043e\u0433\u0438\u0447\u0435\u0441\u043a\u043e\u0439 \u0440\u0435\u0432\u043e\u043b\u044e\u0446\u0438\u0438, \u043e\u0431\u043e\u0437\u043d\u0430\u0447\u0430\u0435\u043c\u043e\u0439 \u043a\u0430\u043a <em>\u043f\u0440\u043e\u043c\u044b\u0448\u043b\u0435\u043d\u043d\u043e\u0441\u0442\u044c 4.0<\/em>, \u0438 \u043d\u0435\u0432\u043e\u0437\u043c\u043e\u0436\u043d\u043e \u043f\u0435\u0440\u0435\u043e\u0446\u0435\u043d\u0438\u0442\u044c \u0438\u0445 \u0432\u0441\u0435\u043e\u0445\u0432\u0430\u0442\u044b\u0432\u0430\u044e\u0449\u0435\u0435 \u0432\u043b\u0438\u044f\u043d\u0438\u0435 \u043d\u0430 \u043f\u0440\u043e\u0438\u0441\u0445\u043e\u0434\u044f\u0449\u0438\u0435 \u0432 \u043e\u0431\u0449\u0435\u0441\u0442\u0432\u0435 \u0438\u0437\u043c\u0435\u043d\u0435\u043d\u0438\u044f, \u043d\u0430 \u0442\u043e, \u043a\u0430\u043a \u043c\u044b \u0440\u0430\u0431\u043e\u0442\u0430\u0435\u043c, \u0434\u0435\u0439\u0441\u0442\u0432\u0443\u0435\u043c, \u0436\u0438\u0432\u0451\u043c.<\/p>\n\n\n\n<p>\u041f\u0440\u043e\u0432\u0435\u0434\u0435\u043d\u043d\u044b\u0435 \u043d\u0430\u043c\u0438 \u043a\u043e\u043d\u0444\u0435\u0440\u0435\u043d\u0446\u0438\u0438 \u043f\u043e \u0441\u0435\u043d\u0441\u043e\u0440\u043d\u044b\u043c \u0441\u0438\u0441\u0442\u0435\u043c\u0430\u043c \u0441\u043f\u043e\u0441\u043e\u0431\u0441\u0442\u0432\u043e\u0432\u0430\u043b\u0438 \u043c\u0435\u0436\u0434\u0438\u0441\u0446\u0438\u043f\u043b\u0438\u043d\u0430\u0440\u043d\u043e\u043c\u0443 \u0434\u0438\u0430\u043b\u043e\u0433\u0443 \u043f\u043e \u044d\u0442\u043e\u0439 \u0442\u0435\u043c\u0435 \u0431\u0443\u0434\u0443\u0449\u0435\u0433\u043e \u0438 \u0432\u044b\u0437\u0432\u0430\u043b\u0438 \u0436\u0438\u0432\u043e\u0439 \u0438\u043d\u0442\u0435\u0440\u0435\u0441 \u043a\u0430\u043a \u0443 \u0443\u0447\u0430\u0441\u0442\u043d\u0438\u043a\u043e\u0432, \u0442\u0430\u043a \u0438 \u0432 \u0431\u043e\u043b\u0435\u0435 \u0448\u0438\u0440\u043e\u043a\u0438\u0445 \u043a\u0440\u0443\u0433\u0430\u0445.<\/p>\n\n\n\n<p>\u041c\u044b \u0443\u0431\u0435\u0434\u0438\u0442\u0435\u043b\u044c\u043d\u043e, \u043d\u0430 \u043c\u043d\u043e\u0433\u043e\u0447\u0438\u0441\u043b\u0435\u043d\u043d\u044b\u0445 \u043f\u0440\u0438\u043c\u0435\u0440\u0430\u0445 \u0437\u0430\u0434\u043e\u043a\u0443\u043c\u0435\u043d\u0442\u0438\u0440\u043e\u0432\u0430\u043b\u0438 \u0441\u0442\u0440\u0435\u043c\u0438\u0442\u0435\u043b\u044c\u043d\u043e\u0435 \u0440\u0430\u0437\u0432\u0438\u0442\u0438\u0435 \u0441\u0435\u043d\u0441\u043e\u0440\u043d\u044b\u0445 \u0441\u0438\u0441\u0442\u0435\u043c \u0432 \u043d\u0430\u043f\u0440\u0430\u0432\u043b\u0435\u043d\u0438\u0438 \u043c\u0438\u043d\u0438\u0430\u0442\u044e\u0440\u0438\u0437\u0430\u0446\u0438\u0438, \u043f\u043e\u0432\u044b\u0448\u0435\u043d\u0438\u044f \u043f\u0440\u043e\u0438\u0437\u0432\u043e\u0434\u0438\u0442\u0435\u043b\u044c\u043d\u043e\u0441\u0442\u0438, \u043d\u043e\u0432\u044b\u0445 \u043f\u0440\u0438\u043d\u0446\u0438\u043f\u043e\u0432 \u0434\u0435\u0439\u0441\u0442\u0432\u0438\u044f, \u0438\u043d\u0442\u0435\u0440\u043a\u043e\u043d\u043d\u0435\u043a\u0442\u0438\u0432\u043d\u043e\u0441\u0442\u0438 \u0438 \u043c\u043d\u043e\u0433\u043e\u043e\u0431\u0440\u0430\u0437\u043d\u043e\u0433\u043e \u043f\u0440\u0438\u043c\u0435\u043d\u0435\u043d\u0438\u044f. \u0412\u043e \u0432\u0441\u0435 \u0431\u043e\u043b\u044c\u0448\u0435\u043c \u0447\u0438\u0441\u043b\u0435 \u043e\u0431\u043b\u0430\u0441\u0442\u0435\u0439 \u0447\u0435\u043b\u043e\u0432\u0435\u0447\u0435\u0441\u043a\u043e\u0439 \u0434\u0435\u044f\u0442\u0435\u043b\u044c\u043d\u043e\u0441\u0442\u0438, \u0442\u0430\u043a\u0438\u0445 \u043a\u0430\u043a \u0430\u0432\u0442\u043e\u043c\u0430\u0442\u0438\u0437\u0430\u0446\u0438\u044f \u0437\u0434\u0430\u043d\u0438\u0439, \u0442\u0440\u0430\u043d\u0441\u043f\u043e\u0440\u0442\u0430 \u0438 \u043f\u0440\u043e\u0438\u0437\u0432\u043e\u0434\u0441\u0442\u0432\u0430, \u0432 \u043c\u0435\u0434\u0438\u0446\u0438\u043d\u0441\u043a\u043e\u0439 \u0442\u0435\u0445\u043d\u0438\u043a\u0435, \u043b\u043e\u0433\u0438\u0441\u0442\u0438\u043a\u0435, \u0432 \u043e\u0431\u043b\u0430\u0441\u0442\u0438 \u0431\u0435\u0437\u043e\u043f\u0430\u0441\u043d\u043e\u0441\u0442\u0438, \u0432\u043e\u0435\u043d\u043d\u043e\u0439 \u0442\u0435\u0445\u043d\u0438\u043a\u0438, \u0432 \u0442\u0435\u0445\u043d\u043e\u043b\u043e\u0433\u0438\u044f\u0445 \u043c\u043e\u043d\u0438\u0442\u043e\u0440\u0438\u043d\u0433\u0430 \u0438 \u043e\u0445\u0440\u0430\u043d\u044b \u043f\u0440\u0438\u0440\u043e\u0434\u044b, \u0430 \u0442\u0430\u043a\u0436\u0435 \u0432 \u043f\u0440\u0435\u0446\u0438\u0437\u0438\u043e\u043d\u043d\u043e\u043c \u0441\u0435\u043b\u044c\u0441\u043a\u043e\u043c \u0445\u043e\u0437\u044f\u0439\u0441\u0442\u0432\u0435, \u044d\u0442\u0438 \u0442\u0435\u0445\u043d\u0438\u0447\u0435\u0441\u043a\u0438\u0435 \u00ab\u043e\u0440\u0433\u0430\u043d\u044b \u0447\u0443\u0432\u0441\u0442\u0432\u00bb \u043f\u0440\u0438\u0432\u043e\u0434\u044f\u0442 \u043a \u043a\u043e\u043b\u043e\u0441\u0441\u0430\u043b\u044c\u043d\u043e\u043c\u0443 \u0440\u043e\u0441\u0442\u0443 \u043f\u0440\u043e\u0438\u0437\u0432\u043e\u0434\u0438\u0442\u0435\u043b\u044c\u043d\u043e\u0441\u0442\u0438, \u0443\u043b\u0443\u0447\u0448\u0435\u043d\u0438\u044e \u043a\u0430\u0447\u0435\u0441\u0442\u0432\u0430, \u0441\u043d\u0438\u0436\u0435\u043d\u0438\u044e \u0441\u0442\u043e\u0438\u043c\u043e\u0441\u0442\u0438 \u0438, \u043e\u0442\u0447\u0430\u0441\u0442\u0438, \u043a \u043f\u043e\u044f\u0432\u043b\u0435\u043d\u0438\u044e \u0441\u043e\u0432\u0435\u0440\u0448\u0435\u043d\u043d\u043e \u043d\u043e\u0432\u044b\u0445 \u0440\u0435\u0448\u0435\u043d\u0438\u0439 \u043a\u043e\u043c\u043f\u043b\u0435\u043a\u0441\u043d\u044b\u0445 \u043f\u0440\u043e\u0431\u043b\u0435\u043c \u0440\u0430\u0437\u0432\u0438\u0442\u0438\u044f. \u0412 \u044d\u0442\u043e\u0439 \u0441\u0432\u044f\u0437\u0438 \u0432 <a href=\"http:\/\/leibniz-institut.de\/lifis-online\/\">LIFIS-Online<\/a> \u0442\u0430\u043a\u0436\u0435 \u0431\u044b\u043b \u043e\u043f\u0443\u0431\u043b\u0438\u043a\u043e\u0432\u0430\u043d \u0440\u044f\u0434 \u0432\u0435\u0441\u044c\u043c\u0430 \u0438\u043d\u0442\u0435\u0440\u0435\u0441\u043d\u044b\u0445 \u043c\u0430\u0442\u0435\u0440\u0438\u0430\u043b\u043e\u0432.<\/p>\n\n\n\n<p>\u0420\u044b\u043d\u043e\u043a \u0441\u0435\u043d\u0441\u043e\u0440\u043d\u044b\u0445 \u0441\u0438\u0441\u0442\u0435\u043c \u043e\u0441\u0442\u0430\u0435\u0442\u0441\u044f \u0444\u0430\u043a\u0442\u043e\u0440\u043e\u043c \u0440\u043e\u0441\u0442\u0430 \u0434\u043b\u044f \u043e\u0442\u0440\u0430\u0441\u043b\u0435\u0439 \u0441 \u0442\u0435\u043c\u043f\u0430\u043c\u0438 \u0440\u0430\u0437\u0432\u0438\u0442\u0438\u044f, \u043d\u0430\u043c\u043d\u043e\u0433\u043e \u0432\u044b\u0448\u0435 \u0441\u0440\u0435\u0434\u043d\u0438\u0445 \u043f\u043e\u043a\u0430\u0437\u0430\u0442\u0435\u043b\u0435\u0439. \u042d\u043a\u043e\u043d\u043e\u043c\u0438\u0447\u0435\u0441\u043a\u0438\u0435, \u044e\u0440\u0438\u0434\u0438\u0447\u0435\u0441\u043a\u0438\u0435 \u0438 \u044d\u0442\u0438\u0447\u0435\u0441\u043a\u0438\u0435 \u043f\u0440\u043e\u0431\u043b\u0435\u043c\u044b, \u0432\u043e\u0437\u043d\u0438\u043a\u0430\u044e\u0449\u0438\u0435 \u0432 \u0441\u0432\u044f\u0437\u0438 \u0441 \u0440\u0430\u0441\u0448\u0438\u0440\u044f\u044e\u0449\u0438\u043c\u0441\u044f \u043f\u0440\u0438\u043c\u0435\u043d\u0435\u043d\u0438\u0435\u043c \u0432\u0441\u0451 \u0431\u043e\u043b\u0435\u0435 \u043c\u043e\u0449\u043d\u044b\u0445 \u0441\u0435\u043d\u0441\u043e\u0440\u043d\u044b\u0445 \u0441\u0438\u0441\u0442\u0435\u043c \u043d\u0430 \u043c\u0430\u0441\u0441\u043e\u0432\u043e\u043c \u0440\u044b\u043d\u043a\u0435, \u0434\u043e\u043b\u0436\u043d\u044b \u0441\u0432\u043e\u0435\u0432\u0440\u0435\u043c\u0435\u043d\u043d\u043e \u043e\u0431\u0441\u0443\u0436\u0434\u0430\u0442\u044c\u0441\u044f, \u0438 \u0434\u043b\u044f \u043d\u0438\u0445 \u0434\u043e\u043b\u0436\u0435\u043d \u0432\u0435\u0441\u0442\u0438\u0441\u044c \u043f\u043e\u0438\u0441\u043a \u0440\u0435\u0448\u0435\u043d\u0438\u0439.<\/p>\n\n\n\n<p>\u0428\u0438\u0440\u043e\u0442\u0430 \u0438 \u043c\u043d\u043e\u0433\u043e\u043e\u0431\u0440\u0430\u0437\u0438\u0435 \u0432\u043e\u0437\u043c\u043e\u0436\u043d\u043e\u0441\u0442\u0435\u0439 \u0438\u0441\u043f\u043e\u043b\u044c\u0437\u043e\u0432\u0430\u043d\u0438\u044f \u0441\u0435\u043d\u0441\u043e\u0440\u043d\u044b\u0445 \u0441\u0438\u0441\u0442\u0435\u043c \u043e\u0447\u0435\u043d\u044c \u0432\u0435\u043b\u0438\u043a\u0438 \u0438 \u043f\u043e\u0441\u0442\u043e\u044f\u043d\u043d\u043e \u0432\u043e\u0437\u0440\u0430\u0441\u0442\u0430\u044e\u0442. \u042d\u0442\u043e \u043e\u0442\u043a\u0440\u044b\u0432\u0430\u0435\u0442 \u0448\u0438\u0440\u043e\u043a\u043e\u0435 \u043f\u043e\u043b\u0435 \u0434\u043b\u044f \u0438\u043d\u043d\u043e\u0432\u0430\u0446\u0438\u0439, \u0432 \u0447\u0430\u0441\u0442\u043d\u043e\u0441\u0442\u0438 \u043d\u0430 \u0441\u0442\u044b\u043a\u0430\u0445 \u0440\u0430\u0437\u043b\u0438\u0447\u043d\u044b\u0445 \u0434\u0438\u0441\u0446\u0438\u043f\u043b\u0438\u043d. \u0418\u043d\u0438\u0446\u0438\u0438\u0440\u043e\u0432\u0430\u043d\u0438\u0435 \u0438 \u043f\u043e\u0434\u0434\u0435\u0440\u0436\u043a\u0430 \u0442\u0430\u043a\u043e\u0439 \u0434\u0435\u044f\u0442\u0435\u043b\u044c\u043d\u043e\u0441\u0442\u0438 \u044f\u0432\u043b\u044f\u0435\u0442\u0441\u044f \u043e\u0441\u043d\u043e\u0432\u043d\u043e\u0439 \u0446\u0435\u043b\u044c\u044e \u0440\u0430\u0437\u0440\u0430\u0431\u043e\u0442\u043a\u0438 \u0434\u0430\u043d\u043d\u043e\u0439 \u043a\u043b\u044e\u0447\u0435\u0432\u043e\u0439 \u0442\u0435\u043c\u044b.<\/p>\n\n\n\n<p><strong>\u041b\u0435\u0439\u0431\u043d\u0438\u0446\u0435\u0432\u0441\u043a\u0438\u0435 \u0442\u0435\u043c\u0430\u0442\u0438\u0447\u0435\u0441\u043a\u0438\u0435 \u043a\u043e\u043d\u0444\u0435\u0440\u0435\u043d\u0446\u0438\u0438<\/strong><\/p>\n\n\n\n<ul class=\"wp-block-list\"><li><a href=\"http:\/\/leibniz-institut.de\/konferenzen\/3-leibniz-konferenz-sensorsysteme-2006\/\">3. Leibniz-Konferenz Sensorsysteme 2006<\/a><\/li><li><a href=\"http:\/\/leibniz-institut.de\/konferenzen\/7-leibnizkonferenz-sensorsysteme-2008\/\">7. Leibniz-Konferenz Sensorsysteme 2008<\/a><\/li><li><a href=\"http:\/\/leibniz-institut.de\/konferenzen\/4-leibniz-konferenz-intelligente-logistik-2009\/\">4. Leibniz-Konferenz Intelligente Logistik 2009<\/a><\/li><li><a href=\"http:\/\/leibniz-institut.de\/konferenzen\/10-leibniz-konferenz-sensorsysteme-2010\/\">10. Leibniz-Konferenz Sensorsysteme 2010<\/a><\/li><li><a href=\"http:\/\/leibniz-institut.de\/konferenzen\/14-leibniz-konferenz-sensorsysteme-2012\/\">14. Leibniz-Konferenz Sensorsysteme 2012<\/a><\/li><li><a href=\"http:\/\/leibniz-institut.de\/konferenzen\/18-leibniz-konferenz-sensorsysteme-2014\/\">18. Leibniz-Konferenz Sensorsysteme 2014<\/a><\/li><\/ul>\n\n\n\n<p><strong>\u041f\u0443\u0431\u043b\u0438\u043a\u0430\u0446\u0438\u0438 \u043f\u043e \u0442\u0435\u043c\u0435 \u0432 \u0438\u043d\u0442\u0435\u0440\u043d\u0435\u0442-\u0436\u0443\u0440\u043d\u0430\u043b\u0435 <\/strong><strong>LIFIS<\/strong><strong>&#8212;<\/strong><strong>Online<\/strong><strong> (\u0432 \u043e\u0431\u0440\u0430\u0442\u043d\u043e\u043c \u0445\u0440\u043e\u043d\u043e\u043b\u043e\u0433\u0438\u0447\u0435\u0441\u043a\u043e\u043c \u043f\u043e\u0440\u044f\u0434\u043a\u0435)<\/strong><\/p>\n\n\n\n<p>\u0421\u0435\u043d\u0441\u043e\u0440\u043d\u044b\u0435 \u0441\u0438\u0441\u0442\u0435\u043c\u044b \u0438 \u0441\u0438\u0441\u0442\u0435\u043c\u044b \u0438\u0441\u043f\u043e\u043b\u043d\u0438\u0442\u0435\u043b\u044c\u043d\u044b\u0445 \u043c\u0435\u0445\u0430\u043d\u0438\u0437\u043c\u043e\u0432 \/ \u043f\u043e\u0432\u0441\u0435\u043c\u0435\u0441\u0442\u043d\u043e\u0435 \u0440\u0430\u0441\u043f\u0440\u043e\u0441\u0442\u0440\u0430\u043d\u0435\u043d\u0438\u0435 \u044d\u043b\u0435\u043a\u0442\u0440\u043e\u043d\u0438\u043a\u0438<\/p>\n\n\n<div class=\"lifis-paper\"><div class=\"author\">Kempe, Volker<\/div>\n<div class=\"title\">Inertial MEMS - Winzlinge messen Tr\u00e4gheit<\/div>\n<div class=\"issued\">Eingereicht am 09.10.2013<\/div>\n<div class=\"cat\">Themenbereich: Sensor- und Aktorsysteme \/ Ubiquit\u00e4re Elektronik<\/div>\n<div class=\"doi\">DOI: <a href=\"http:\/\/dx.doi.org\/10.14625\/KXP:1786295121\">http:\/\/dx.doi.org\/10.14625\/KXP:1786295121<\/a><\/div>\n<div class=\"url\">Lokale URL: <a href=\"http:\/\/leibniz-institut.de\/archiv\/kempe_09_10_13.pdf\">http:\/\/leibniz-institut.de\/archiv\/kempe_09_10_13.pdf<\/a><\/div>\n<\/div>\n\n<div class=\"lifis-paper\"><div class=\"author\">Renneberg, Reinhard<\/div>\n<div class=\"title\">Biosensoren - Eine \u00dcbersicht<\/div>\n<div class=\"issued\">Eingereicht am 31.05.2013<\/div>\n<div class=\"cat\">Themenbereich: Sensor- und Aktorsysteme \/ Ubiquit\u00e4re Elektronik<\/div>\n<div class=\"doi\">DOI: <a href=\"http:\/\/dx.doi.org\/10.14625\/KXP:1786295288\">http:\/\/dx.doi.org\/10.14625\/KXP:1786295288<\/a><\/div>\n<div class=\"url\">Lokale URL: <a href=\"http:\/\/leibniz-institut.de\/archiv\/renneberg_31_05_13.pdf\">http:\/\/leibniz-institut.de\/archiv\/renneberg_31_05_13.pdf<\/a><\/div>\n<\/div>\n\n<div class=\"lifis-paper\"><div class=\"author\">Krause, Peter; Michels, Hendrik; Varma, Gyaneshwar<\/div>\n<div class=\"title\">Trends of Piezoresistive Sensor Technology<\/div>\n<div class=\"issued\">Eingereicht am 25.05.2011<\/div>\n<div class=\"cat\">Themenbereich: Sensor- und Aktorsysteme \/ Ubiquit\u00e4re Elektronik<\/div>\n<div class=\"doi\">DOI: <a href=\"http:\/\/dx.doi.org\/10.14625\/KXP:1786297329\">http:\/\/dx.doi.org\/10.14625\/KXP:1786297329<\/a><\/div>\n<div class=\"url\">Lokale URL: <a href=\"http:\/\/leibniz-institut.de\/archiv\/krause_p_25_05_11.pdf\">http:\/\/leibniz-institut.de\/archiv\/krause_p_25_05_11.pdf<\/a><\/div>\n<\/div>\n\n<div class=\"lifis-paper\"><div class=\"author\">Budzier, Helmut; Gerhard, Gerald<\/div>\n<div class=\"title\">Infrarot-Sensoren f\u00fcr die Thermografie - Stand und Tendenzen<\/div>\n<div class=\"issued\">Eingereicht am 22.03.2011<\/div>\n<div class=\"cat\">Themenbereich: Sensor- und Aktorsysteme \/ Ubiquit\u00e4re Elektronik<\/div>\n<div class=\"doi\">DOI: <a href=\"http:\/\/dx.doi.org\/10.14625\/KXP:1786303167\">http:\/\/dx.doi.org\/10.14625\/KXP:1786303167<\/a><\/div>\n<div class=\"url\">Lokale URL: <a href=\"http:\/\/leibniz-institut.de\/archiv\/budzier_22_03_11.pdf\">http:\/\/leibniz-institut.de\/archiv\/budzier_22_03_11.pdf<\/a><\/div>\n<\/div>\n\n<div class=\"lifis-paper\"><div class=\"author\">Junghans, Bernd<\/div>\n<div class=\"title\">Inter- und Transdisziplinarit\u00e4t als Voraussetzungen f\u00fcr den wissenschaftlichen und technischen Fortschritt<\/div>\n<div class=\"issued\">Eingereicht am 11.07.2010<\/div>\n<div class=\"cat\">Themenbereich: Sensor- und Aktorsysteme \/ Ubiquit\u00e4re Elektronik<\/div>\n<div class=\"doi\">DOI: <a href=\"http:\/\/dx.doi.org\/10.14625\/KXP:1786304600\">http:\/\/dx.doi.org\/10.14625\/KXP:1786304600<\/a><\/div>\n<div class=\"url\">Lokale URL: <a href=\"http:\/\/leibniz-institut.de\/archiv\/junghans_11_07_10.pdf\">http:\/\/leibniz-institut.de\/archiv\/junghans_11_07_10.pdf<\/a><\/div>\n<\/div>\n\n<div class=\"lifis-paper\"><div class=\"author\">Fischer, Wolf-Joachim; Heinig, Andreas; Steinert, Marian<\/div>\n<div class=\"title\">Langzeit-Bewegungsmonitoring und Energieumsatzbestimmung mittels eines portablen Diagnoseger\u00e4tes<\/div>\n<div class=\"issued\">Eingereicht am 28.05.2009<\/div>\n<div class=\"cat\">Themenbereich: Sensor- und Aktorsysteme \/ Ubiquit\u00e4re Elektronik<\/div>\n<div class=\"doi\">DOI: <a href=\"http:\/\/dx.doi.org\/10.14625\/KXP:1786320207\">http:\/\/dx.doi.org\/10.14625\/KXP:1786320207<\/a><\/div>\n<div class=\"url\">Lokale URL: <a href=\"http:\/\/leibniz-institut.de\/archiv\/fischer_wolf_28_05_09.pdf\">http:\/\/leibniz-institut.de\/archiv\/fischer_wolf_28_05_09.pdf<\/a><\/div>\n<\/div>\n\n<div class=\"lifis-paper\"><div class=\"author\">Bertz, Andreas; Dittrich, Claus; Gessner, Thomas; Thieme, Torsten<\/div>\n<div class=\"title\">Eine neue Technologie zur Herstellung kosteng\u00fcnstiger Inertialsensoren<\/div>\n<div class=\"issued\">Eingereicht am 10.03.2009<\/div>\n<div class=\"cat\">Themenbereich: Sensor- und Aktorsysteme \/ Ubiquit\u00e4re Elektronik<\/div>\n<div class=\"doi\">DOI: <a href=\"http:\/\/dx.doi.org\/10.14625\/KXP:178632055X\">http:\/\/dx.doi.org\/10.14625\/KXP:178632055X<\/a><\/div>\n<div class=\"url\">Lokale URL: <a href=\"http:\/\/leibniz-institut.de\/archiv\/thieme_10_03_09.pdf\">http:\/\/leibniz-institut.de\/archiv\/thieme_10_03_09.pdf<\/a><\/div>\n<\/div>\n\n<div class=\"lifis-paper\"><div class=\"author\">Heuer, Henning; K\u00f6hler, Bernd; Kr\u00fcger, Peter; Meyendorf, Norbert; Netzelmann, Udo; Oppermann, Martin; Schubert, Frank; Striegler, Andr\u00e9; Wolter, Klaus-J\u00fcrgen<\/div>\n<div class=\"title\">Zerst\u00f6rungsfreie Pr\u00fcfverfahren f\u00fcr strukturintegrierte elektronische Systeme \u2013 Forderungen und M\u00f6glichkeiten<\/div>\n<div class=\"issued\">Eingereicht am 19.02.2008<\/div>\n<div class=\"cat\">Themenbereich: Sensor- und Aktorsysteme \/ Ubiquit\u00e4re Elektronik<\/div>\n<div class=\"doi\">DOI: <a href=\"http:\/\/dx.doi.org\/10.14625\/KXP:1786324997\">http:\/\/dx.doi.org\/10.14625\/KXP:1786324997<\/a><\/div>\n<div class=\"url\">Lokale URL: <a href=\"http:\/\/leibniz-institut.de\/archiv\/wolter_19_02_08.pdf\">http:\/\/leibniz-institut.de\/archiv\/wolter_19_02_08.pdf<\/a><\/div>\n<\/div>\n\n<div class=\"lifis-paper\"><div class=\"author\">Gessner, Thomas; Martin, J\u00f6rg; Otto, Thomas<\/div>\n<div class=\"title\">Nanotechnologie f\u00fcr polymerbasierte Sensor- und Aktorarrays<\/div>\n<div class=\"issued\">Eingereicht am 16.11.2007<\/div>\n<div class=\"cat\">Themenbereich: Sensor- und Aktorsysteme \/ Ubiquit\u00e4re Elektronik<\/div>\n<div class=\"doi\">DOI: <a href=\"http:\/\/dx.doi.org\/10.14625\/KXP:1786328070\">http:\/\/dx.doi.org\/10.14625\/KXP:1786328070<\/a><\/div>\n<div class=\"url\">Lokale URL: <a href=\"http:\/\/leibniz-institut.de\/archiv\/otto_16_11_07.pdf\">http:\/\/leibniz-institut.de\/archiv\/otto_16_11_07.pdf<\/a><\/div>\n<\/div>\n\n<div class=\"lifis-paper\"><div class=\"author\">Meyendorf, Norbert<\/div>\n<div class=\"title\">Neue Konzepte f\u00fcr Bauteil- und Material\u00fcberwachung in der Verkehrstechnik \u2013 speziell in Bahn und Flugzeug<\/div>\n<div class=\"issued\">Eingereicht am 04.05.2007<\/div>\n<div class=\"cat\">Themenbereich: Sensor- und Aktorsysteme \/ Ubiquit\u00e4re Elektronik<\/div>\n<div class=\"doi\">DOI: <a href=\"http:\/\/dx.doi.org\/10.14625\/KXP:1786329247\">http:\/\/dx.doi.org\/10.14625\/KXP:1786329247<\/a><\/div>\n<div class=\"url\">Lokale URL: <a href=\"http:\/\/leibniz-institut.de\/archiv\/meyendorf_04_05_07.pdf\">http:\/\/leibniz-institut.de\/archiv\/meyendorf_04_05_07.pdf<\/a><\/div>\n<\/div>\n\n","protected":false},"excerpt":{"rendered":"<p>\u0421\u0435\u043d\u0441\u043e\u0440\u043d\u044b\u0435 \u0441\u0438\u0441\u0442\u0435\u043c\u044b \u041a\u043e\u043e\u0440\u0434\u0438\u043d\u0430\u0442\u043e\u0440: \u043f\u0440\u043e\u0444. \u0411\u0435\u0440\u043d\u0434 \u042e\u043d\u0433\u0445\u0430\u043d\u0441 \u041f\u0440\u0435\u0434\u043f\u043e\u0441\u044b\u043b\u043a\u0438 \u0421\u0435\u043d\u0441\u043e\u0440\u043d\u044b\u0435 \u0441\u0438\u0441\u0442\u0435\u043c\u044b \u043f\u0440\u0435\u0434\u0441\u0442\u0430\u0432\u043b\u044f\u044e\u0442 \u0441\u043e\u0431\u043e\u0439 \u044f\u0434\u0440\u043e \u0442\u0435\u0445\u043d\u043e\u043b\u043e\u0433\u0438\u0447\u0435\u0441\u043a\u043e\u0439 \u0440\u0435\u0432\u043e\u043b\u044e\u0446\u0438\u0438, \u043e\u0431\u043e\u0437\u043d\u0430\u0447\u0430\u0435\u043c\u043e\u0439 \u043a\u0430\u043a \u043f\u0440\u043e\u043c\u044b\u0448\u043b\u0435\u043d\u043d\u043e\u0441\u0442\u044c 4.0, \u0438 \u043d\u0435\u0432\u043e\u0437\u043c\u043e\u0436\u043d\u043e \u043f\u0435\u0440\u0435\u043e\u0446\u0435\u043d\u0438\u0442\u044c \u0438\u0445 \u0432\u0441\u0435\u043e\u0445\u0432\u0430\u0442\u044b\u0432\u0430\u044e\u0449\u0435\u0435 \u0432\u043b\u0438\u044f\u043d\u0438\u0435 \u043d\u0430 \u043f\u0440\u043e\u0438\u0441\u0445\u043e\u0434\u044f\u0449\u0438\u0435 \u0432 \u043e\u0431\u0449\u0435\u0441\u0442\u0432\u0435 \u0438\u0437\u043c\u0435\u043d\u0435\u043d\u0438\u044f, \u043d\u0430 <a class=\"more-link\" href=\"https:\/\/leibniz-institut.de\/ru\/schwerpunktthemen\/weitere-themen\/sensorsysteme\/\">Weiterlesen \u2192<\/a><\/p>\n","protected":false},"author":2,"featured_media":0,"parent":1242,"menu_order":0,"comment_status":"closed","ping_status":"closed","template":"","meta":{"footnotes":""},"class_list":["post-564","page","type-page","status-publish","hentry"],"translation":{"provider":"WPGlobus","version":"3.0.2","language":"ru","enabled_languages":["de","en","ru"],"languages":{"de":{"title":true,"content":true,"excerpt":false},"en":{"title":false,"content":false,"excerpt":false},"ru":{"title":false,"content":true,"excerpt":false}}},"_links":{"self":[{"href":"https:\/\/leibniz-institut.de\/ru\/wp-json\/wp\/v2\/pages\/564","targetHints":{"allow":["GET"]}}],"collection":[{"href":"https:\/\/leibniz-institut.de\/ru\/wp-json\/wp\/v2\/pages"}],"about":[{"href":"https:\/\/leibniz-institut.de\/ru\/wp-json\/wp\/v2\/types\/page"}],"author":[{"embeddable":true,"href":"https:\/\/leibniz-institut.de\/ru\/wp-json\/wp\/v2\/users\/2"}],"replies":[{"embeddable":true,"href":"https:\/\/leibniz-institut.de\/ru\/wp-json\/wp\/v2\/comments?post=564"}],"version-history":[{"count":10,"href":"https:\/\/leibniz-institut.de\/ru\/wp-json\/wp\/v2\/pages\/564\/revisions"}],"predecessor-version":[{"id":1457,"href":"https:\/\/leibniz-institut.de\/ru\/wp-json\/wp\/v2\/pages\/564\/revisions\/1457"}],"up":[{"embeddable":true,"href":"https:\/\/leibniz-institut.de\/ru\/wp-json\/wp\/v2\/pages\/1242"}],"wp:attachment":[{"href":"https:\/\/leibniz-institut.de\/ru\/wp-json\/wp\/v2\/media?parent=564"}],"curies":[{"name":"wp","href":"https:\/\/api.w.org\/{rel}","templated":true}]}}