{"id":611,"date":"2016-08-21T15:47:21","date_gmt":"2016-08-21T15:47:21","guid":{"rendered":"http:\/\/leibniz-institut.de\/?page_id=611"},"modified":"2016-08-21T15:47:21","modified_gmt":"2016-08-21T15:47:21","slug":"digitaler-wandel","status":"publish","type":"page","link":"https:\/\/leibniz-institut.de\/ru\/lifis-online\/beitraege\/digitaler-wandel\/","title":{"rendered":"Digitaler Wandel"},"content":{"rendered":"<p><span style=\"color: #b71223;\"><strong><span style=\"font-size: large;\">LIFIS ONLINE<\/span><\/strong><br \/>\n<\/span><strong>Internet-Zeitschrift des Leibniz-Instituts f\u00fcr interdisziplin\u00e4re Studien e.V. (LIFIS)<br \/>\n[ ISSN 1864-6972 ]<\/strong><\/p>\n<h2>Beitr\u00e4ge zum Thema &#171;Digitaler Wandel&#187; (in revers chronologischer Ordnung)<\/h2>\n<div class=\"lifis-paper\"><div class=\"author\">Kleemann, Ken Pierre<\/div>\n<div class=\"title\">Privatheit, das Wissen des Ichs und die digitale Revolution<\/div>\n<div class=\"issued\">Eingereicht am 25.12.2018<\/div>\n<div class=\"cat\">Themenbereich: Digitaler Wandel<\/div>\n<div class=\"doi\">DOI: <a href=\"http:\/\/dx.doi.org\/10.14625\/kleemann_20181225\">http:\/\/dx.doi.org\/10.14625\/kleemann_20181225<\/a><\/div>\n<div class=\"url\">Lokale URL: <a href=\"http:\/\/leibniz-institut.de\/archiv\/kleemann_20181225.pdf\">http:\/\/leibniz-institut.de\/archiv\/kleemann_20181225.pdf<\/a><\/div>\n<div class=\"license\">Licensed under the terms of <a href=\"https:\/\/creativecommons.org\/licenses\/by\/3.0\/de\/\">CC-BY<\/a><\/div>\n<\/div>\n\n<div class=\"lifis-paper\"><div class=\"author\">Kleemann, Ken Pierre<\/div>\n<div class=\"title\">Probleme der Forschung zum digitalen Wandel \u2013 eine Prop\u00e4deutik der Digital Humanities<\/div>\n<div class=\"issued\">Eingereicht am 14.12.2018<\/div>\n<div class=\"cat\">Themenbereich: Digitaler Wandel<\/div>\n<div class=\"doi\">DOI: <a href=\"http:\/\/dx.doi.org\/10.14625\/kleemann_20181214\">http:\/\/dx.doi.org\/10.14625\/kleemann_20181214<\/a><\/div>\n<div class=\"url\">Lokale URL: <a href=\"http:\/\/leibniz-institut.de\/archiv\/kleemann_20181214.pdf\">http:\/\/leibniz-institut.de\/archiv\/kleemann_20181214.pdf<\/a><\/div>\n<div class=\"license\">Licensed under the terms of <a href=\"https:\/\/creativecommons.org\/licenses\/by\/3.0\/de\/\">CC-BY<\/a><\/div>\n<\/div>\n\n<div class=\"lifis-paper\"><div class=\"author\">Kleemann, Ken Pierre<\/div>\n<div class=\"title\">Trag\u00f6die der Soziologie oder die Schwierigkeit der Interdisziplinarit\u00e4t<\/div>\n<div class=\"issued\">Eingereicht am 06.07.2016<\/div>\n<div class=\"cat\">Themenbereich: Digitaler Wandel<\/div>\n<div class=\"doi\">DOI: <a href=\"http:\/\/dx.doi.org\/10.14625\/kleemann_20160706\">http:\/\/dx.doi.org\/10.14625\/kleemann_20160706<\/a><\/div>\n<div class=\"url\">Lokale URL: <a href=\"http:\/\/leibniz-institut.de\/archiv\/kleemann_20160706.pdf\">http:\/\/leibniz-institut.de\/archiv\/kleemann_20160706.pdf<\/a><\/div>\n<div class=\"license\">Licensed under the terms of <a href=\"https:\/\/creativecommons.org\/licenses\/by\/3.0\/de\/\">CC-BY<\/a><\/div>\n<\/div>\n\n<div class=\"lifis-paper\"><div class=\"author\">Fuhr, Alfred<\/div>\n<div class=\"title\">Das Abenteuer des medienvermittelten Vertrauens in der Hochmoderne<\/div>\n<div class=\"issued\">Eingereicht am 05.07.2016<\/div>\n<div class=\"cat\">Themenbereich: Digitaler Wandel<\/div>\n<div class=\"doi\">DOI: <a href=\"http:\/\/dx.doi.org\/10.14625\/fuhr_20160705\">http:\/\/dx.doi.org\/10.14625\/fuhr_20160705<\/a><\/div>\n<div class=\"url\">Lokale URL: <a href=\"http:\/\/leibniz-institut.de\/archiv\/fuhr_20160705.pdf\">http:\/\/leibniz-institut.de\/archiv\/fuhr_20160705.pdf<\/a><\/div>\n<div class=\"license\">Licensed under the terms of <a href=\"https:\/\/creativecommons.org\/licenses\/by\/3.0\/de\/\">CC-BY<\/a><\/div>\n<\/div>\n\n<div class=\"lifis-paper\"><div class=\"author\">Peters, Falk<\/div>\n<div class=\"title\">Data Leakage Prevention - Eine vergleichende Betrachtung zweier Bedrohungsszenarien, den Datenschutz sowie die Erw\u00e4gung m\u00f6glicher Abwehrma\u00dfnahmen betreffend<\/div>\n<div class=\"issued\">Eingereicht am 20.11.2013<\/div>\n<div class=\"cat\">Themenbereich: Digitaler Wandel<\/div>\n<div class=\"doi\">DOI: <a href=\"http:\/\/dx.doi.org\/10.14625\/KXP:1786294540\">http:\/\/dx.doi.org\/10.14625\/KXP:1786294540<\/a><\/div>\n<div class=\"url\">Lokale URL: <a href=\"http:\/\/leibniz-institut.de\/archiv\/peters_20_11_13.pdf\">http:\/\/leibniz-institut.de\/archiv\/peters_20_11_13.pdf<\/a><\/div>\n<\/div>\n\n<div class=\"lifis-paper\"><div class=\"author\">Grimmeiss, Hermann; Larsson, Mats; Lindgreen, Ingvar; Nilsson, Jan<\/div>\n<div class=\"title\">Creation and transfer of knowledge - the critical need for closer ties between the academic world and the private sector<\/div>\n<div class=\"issued\">Eingereicht am 15.03.2012<\/div>\n<div class=\"cat\">Themenbereich: Digitaler Wandel<\/div>\n<div class=\"doi\">DOI: <a href=\"http:\/\/dx.doi.org\/10.14625\/KXP:1786296136\">http:\/\/dx.doi.org\/10.14625\/KXP:1786296136<\/a><\/div>\n<div class=\"url\">Lokale URL: <a href=\"http:\/\/leibniz-institut.de\/archiv\/grimmeiss_15_03_12.pdf\">http:\/\/leibniz-institut.de\/archiv\/grimmeiss_15_03_12.pdf<\/a><\/div>\n<\/div>\n\n<div class=\"lifis-paper\"><div class=\"author\">Krause, Werner<\/div>\n<div class=\"title\">Menschliche Informationsverarbeitung interdisziplin\u00e4r<\/div>\n<div class=\"issued\">Eingereicht am 18.04.2011<\/div>\n<div class=\"cat\">Themenbereich: Digitaler Wandel<\/div>\n<div class=\"doi\">DOI: <a href=\"http:\/\/dx.doi.org\/10.14625\/KXP:1786297477\">http:\/\/dx.doi.org\/10.14625\/KXP:1786297477<\/a><\/div>\n<div class=\"url\">Lokale URL: <a href=\"http:\/\/leibniz-institut.de\/archiv\/krause_18_04_11.pdf\">http:\/\/leibniz-institut.de\/archiv\/krause_18_04_11.pdf<\/a><\/div>\n<\/div>\n\n<div class=\"lifis-paper\"><div class=\"author\">Petzold, Jana-Cordelia<\/div>\n<div class=\"title\">Interdisziplinarit\u00e4t in der Kommunikation - Chancen und Risiken f\u00fcr die Informations-, Wissens- und Mediengesellschaft<\/div>\n<div class=\"issued\">Eingereicht am 12.08.2010<\/div>\n<div class=\"cat\">Themenbereich: Digitaler Wandel<\/div>\n<div class=\"doi\">DOI: <a href=\"http:\/\/dx.doi.org\/10.14625\/KXP:1786304449\">http:\/\/dx.doi.org\/10.14625\/KXP:1786304449<\/a><\/div>\n<div class=\"url\">Lokale URL: <a href=\"http:\/\/leibniz-institut.de\/archiv\/petzold_12_08_10.pdf\">http:\/\/leibniz-institut.de\/archiv\/petzold_12_08_10.pdf<\/a><\/div>\n<\/div>\n\n<div class=\"lifis-paper\"><div class=\"author\">Peters, Falk<\/div>\n<div class=\"title\">Verfassungsgerechter Datenschutz in der digitalen Gesellschaft<\/div>\n<div class=\"issued\">Eingereicht am 29.06.2010<\/div>\n<div class=\"cat\">Themenbereich: Digitaler Wandel<\/div>\n<div class=\"doi\">DOI: <a href=\"http:\/\/dx.doi.org\/10.14625\/KXP:1786304929\">http:\/\/dx.doi.org\/10.14625\/KXP:1786304929<\/a><\/div>\n<div class=\"url\">Lokale URL: <a href=\"http:\/\/leibniz-institut.de\/archiv\/peters_29_06_10.pdf\">http:\/\/leibniz-institut.de\/archiv\/peters_29_06_10.pdf<\/a><\/div>\n<\/div>\n\n<div class=\"lifis-paper\"><div class=\"author\">Gessner, Thomas; Vogel, Martina<\/div>\n<div class=\"title\">Smart Systems Integration - Eine Herausforderung f\u00fcr zuk\u00fcnftige Mikro- und Nanosysteme<\/div>\n<div class=\"issued\">Eingereicht am 15.01.2010<\/div>\n<div class=\"cat\">Themenbereich: Digitaler Wandel<\/div>\n<div class=\"doi\">DOI: <a href=\"http:\/\/dx.doi.org\/10.14625\/KXP:1786318377\">http:\/\/dx.doi.org\/10.14625\/KXP:1786318377<\/a><\/div>\n<div class=\"url\">Lokale URL: <a href=\"http:\/\/leibniz-institut.de\/archiv\/gessner_15_01_10.pdf\">http:\/\/leibniz-institut.de\/archiv\/gessner_15_01_10.pdf<\/a><\/div>\n<\/div>\n\n<div class=\"lifis-paper\"><div class=\"author\">Banse, Gerhard<\/div>\n<div class=\"title\">Der gl\u00e4serne Mensch - RFID in der Diskussion<\/div>\n<div class=\"issued\">Eingereicht am 06.01.2009<\/div>\n<div class=\"cat\">Themenbereich: Digitaler Wandel<\/div>\n<div class=\"doi\">DOI: <a href=\"http:\/\/dx.doi.org\/10.14625\/KXP:1786321149\">http:\/\/dx.doi.org\/10.14625\/KXP:1786321149<\/a><\/div>\n<div class=\"url\">Lokale URL: <a href=\"http:\/\/leibniz-institut.de\/archiv\/banse_06_01_09.pdf\">http:\/\/leibniz-institut.de\/archiv\/banse_06_01_09.pdf<\/a><\/div>\n<\/div>\n\n<div class=\"lifis-paper\"><div class=\"author\">Nick, Harry<\/div>\n<div class=\"title\">Wirtschaftsfaktor Wissen<\/div>\n<div class=\"issued\">Eingereicht am 27.03.2008<\/div>\n<div class=\"cat\">Themenbereich: Digitaler Wandel<\/div>\n<div class=\"doi\">DOI: <a href=\"http:\/\/dx.doi.org\/10.14625\/KXP:1786323745\">http:\/\/dx.doi.org\/10.14625\/KXP:1786323745<\/a><\/div>\n<div class=\"url\">Lokale URL: <a href=\"http:\/\/leibniz-institut.de\/archiv\/nick_27_03_08.pdf\">http:\/\/leibniz-institut.de\/archiv\/nick_27_03_08.pdf<\/a><\/div>\n<\/div>\n\n<div class=\"lifis-paper\"><div class=\"author\">Balzer, Dietrich<\/div>\n<div class=\"title\">Technische, \u00f6konomische und soziale Probleme bei der Automatisierung von Produktionsprozessen<\/div>\n<div class=\"issued\">Eingereicht am 08.01.2008<\/div>\n<div class=\"cat\">Themenbereich: Digitaler Wandel<\/div>\n<div class=\"doi\">DOI: <a href=\"http:\/\/dx.doi.org\/10.14625\/KXP:1786326892\">http:\/\/dx.doi.org\/10.14625\/KXP:1786326892<\/a><\/div>\n<div class=\"url\">Lokale URL: <a href=\"http:\/\/leibniz-institut.de\/archiv\/balzer_08_01_08.pdf\">http:\/\/leibniz-institut.de\/archiv\/balzer_08_01_08.pdf<\/a><\/div>\n<\/div>\n\n<div class=\"lifis-paper\"><div class=\"author\">Banse, Gerhard<\/div>\n<div class=\"title\">Ubiquit\u00e4re Elektronik. Gesellschaftliche Aspekte<\/div>\n<div class=\"issued\">Eingereicht am 01.12.2007<\/div>\n<div class=\"cat\">Themenbereich: Digitaler Wandel<\/div>\n<div class=\"doi\">DOI: <a href=\"http:\/\/dx.doi.org\/10.14625\/KXP:1786327376\">http:\/\/dx.doi.org\/10.14625\/KXP:1786327376<\/a><\/div>\n<div class=\"url\">Lokale URL: <a href=\"http:\/\/leibniz-institut.de\/archiv\/banse_01_12_07.pdf\">http:\/\/leibniz-institut.de\/archiv\/banse_01_12_07.pdf<\/a><\/div>\n<\/div>\n\n<div class=\"lifis-paper\"><div class=\"author\">Meinberg, Uwe; Trebus, Jens<\/div>\n<div class=\"title\">Tracking and Tracing Systeme als Anwendungsdienstleistung<\/div>\n<div class=\"issued\">Eingereicht am 15.11.2007<\/div>\n<div class=\"cat\">Themenbereich: Digitaler Wandel<\/div>\n<div class=\"doi\">DOI: <a href=\"http:\/\/dx.doi.org\/10.14625\/KXP:1786328291\">http:\/\/dx.doi.org\/10.14625\/KXP:1786328291<\/a><\/div>\n<div class=\"url\">Lokale URL: <a href=\"http:\/\/leibniz-institut.de\/archiv\/meinberg_15_11_07.pdf\">http:\/\/leibniz-institut.de\/archiv\/meinberg_15_11_07.pdf<\/a><\/div>\n<\/div>\n\n<div class=\"lifis-paper\"><div class=\"author\">Junghans, Bernd<\/div>\n<div class=\"title\">Internet der Dinge \u2013 Auf dem Wege zur ubiquit\u00e4ren Elektronik<\/div>\n<div class=\"issued\">Eingereicht am 14.08.2007<\/div>\n<div class=\"cat\">Themenbereich: Digitaler Wandel<\/div>\n<div class=\"doi\">DOI: <a href=\"http:\/\/dx.doi.org\/10.14625\/KXP:178632881X\">http:\/\/dx.doi.org\/10.14625\/KXP:178632881X<\/a><\/div>\n<div class=\"url\">Lokale URL: <a href=\"http:\/\/leibniz-institut.de\/archiv\/junghans_14_08_07.pdf\">http:\/\/leibniz-institut.de\/archiv\/junghans_14_08_07.pdf<\/a><\/div>\n<\/div>\n\n","protected":false},"excerpt":{"rendered":"<p>LIFIS ONLINE Internet-Zeitschrift des Leibniz-Instituts f\u00fcr interdisziplin\u00e4re Studien e.V. (LIFIS) [ ISSN 1864-6972 ] Beitr\u00e4ge zum Thema &#171;Digitaler Wandel&#187; (in revers chronologischer Ordnung)<\/p>\n","protected":false},"author":2,"featured_media":0,"parent":20,"menu_order":2,"comment_status":"closed","ping_status":"closed","template":"","meta":{"footnotes":""},"class_list":["post-611","page","type-page","status-publish","hentry"],"translation":{"provider":"WPGlobus","version":"3.0.2","language":"ru","enabled_languages":["de","en","ru"],"languages":{"de":{"title":true,"content":true,"excerpt":false},"en":{"title":false,"content":false,"excerpt":false},"ru":{"title":false,"content":false,"excerpt":false}}},"_links":{"self":[{"href":"https:\/\/leibniz-institut.de\/ru\/wp-json\/wp\/v2\/pages\/611","targetHints":{"allow":["GET"]}}],"collection":[{"href":"https:\/\/leibniz-institut.de\/ru\/wp-json\/wp\/v2\/pages"}],"about":[{"href":"https:\/\/leibniz-institut.de\/ru\/wp-json\/wp\/v2\/types\/page"}],"author":[{"embeddable":true,"href":"https:\/\/leibniz-institut.de\/ru\/wp-json\/wp\/v2\/users\/2"}],"replies":[{"embeddable":true,"href":"https:\/\/leibniz-institut.de\/ru\/wp-json\/wp\/v2\/comments?post=611"}],"version-history":[{"count":1,"href":"https:\/\/leibniz-institut.de\/ru\/wp-json\/wp\/v2\/pages\/611\/revisions"}],"predecessor-version":[{"id":612,"href":"https:\/\/leibniz-institut.de\/ru\/wp-json\/wp\/v2\/pages\/611\/revisions\/612"}],"up":[{"embeddable":true,"href":"https:\/\/leibniz-institut.de\/ru\/wp-json\/wp\/v2\/pages\/20"}],"wp:attachment":[{"href":"https:\/\/leibniz-institut.de\/ru\/wp-json\/wp\/v2\/media?parent=611"}],"curies":[{"name":"wp","href":"https:\/\/api.w.org\/{rel}","templated":true}]}}