{"id":616,"date":"2016-08-21T15:51:25","date_gmt":"2016-08-21T15:51:25","guid":{"rendered":"http:\/\/leibniz-institut.de\/?page_id=616"},"modified":"2016-08-21T15:51:45","modified_gmt":"2016-08-21T15:51:45","slug":"isn","status":"publish","type":"page","link":"https:\/\/leibniz-institut.de\/ru\/lifis-online\/beitraege\/isn\/","title":{"rendered":"Innovation und Systematisches Erfinden"},"content":{"rendered":"<p><span style=\"color: #b71223;\"><strong><span style=\"font-size: large;\">LIFIS ONLINE<\/span><\/strong><br \/>\n<\/span><strong>Internet-Zeitschrift des Leibniz-Instituts f\u00fcr interdisziplin\u00e4re Studien e.V. (LIFIS)<br \/>\n[ ISSN 1864-6972 ]<\/strong><\/p>\n<h2>Beitr\u00e4ge zum Thema &#171;Innovation und Systematisches Erfinden&#187; (in revers chronologischer Ordnung)<\/h2>\n<div class=\"lifis-paper\"><div class=\"author\">Gr\u00e4be, Hans-Gert<\/div>\n<div class=\"title\">Nachruf auf Rainer Thiel<\/div>\n<div class=\"issued\">Eingereicht am 26.12.2021<\/div>\n<div class=\"cat\">Themenbereich: Innovation und Systematisches Erfinden<\/div>\n<div class=\"doi\">DOI: <a href=\"https:\/\/doi.org\/10.14625\/KXP:1786342723\">https:\/\/doi.org\/10.14625\/KXP:1786342723<\/a><\/div>\n<div class=\"url\">Lokale URL: <a href=\"http:\/\/leibniz-institut.de\/archiv\/graebe_20211226.pdf\">http:\/\/leibniz-institut.de\/archiv\/graebe_20211226.pdf<\/a><\/div>\n<div class=\"license\">Licensed under the terms of <a href=\"https:\/\/creativecommons.org\/licenses\/by\/3.0\/de\/\">CC-BY<\/a><\/div>\n<\/div>\n\n<div class=\"lifis-paper\"><div class=\"author\">Gr\u00e4be, Hans-Gert; Thiel, Rainer<\/div>\n<div class=\"title\">ProHEAL Basics \u2013 Extended Version<\/div>\n<div class=\"issued\">Eingereicht am 18.12.2021<\/div>\n<div class=\"cat\">Themenbereich: Innovation und Systematisches Erfinden<\/div>\n<div class=\"doi\">DOI: <a href=\"https:\/\/doi.org\/10.14625\/KXP:1786341522\">https:\/\/doi.org\/10.14625\/KXP:1786341522<\/a><\/div>\n<div class=\"url\">Lokale URL: <a href=\"http:\/\/leibniz-institut.de\/archiv\/graebe_thiel_20211218.pdf\">http:\/\/leibniz-institut.de\/archiv\/graebe_thiel_20211218.pdf<\/a><\/div>\n<div class=\"license\">Licensed under the terms of <a href=\"https:\/\/creativecommons.org\/licenses\/by\/3.0\/de\/\">CC-BY<\/a><\/div>\n<\/div>\n\n<div class=\"lifis-paper\"><div class=\"author\">Gr\u00e4be, Hans-Gert; Thiel, Rainer<\/div>\n<div class=\"title\">ProHEAL \u2013 Social Needs and Sustainability Aspects in the Methodology of the GDR Inventor Schools<\/div>\n<div class=\"issued\">Eingereicht am 15.08.2021<\/div>\n<div class=\"cat\">Themenbereich: Innovation und Systematisches Erfinden<\/div>\n<div class=\"doi\">DOI: <a href=\"http:\/\/dx.doi.org\/10.14625\/graebe_20210815\">http:\/\/dx.doi.org\/10.14625\/graebe_20210815<\/a><\/div>\n<div class=\"url\">Lokale URL: <a href=\"http:\/\/leibniz-institut.de\/archiv\/graebe_20210815.pdf\">http:\/\/leibniz-institut.de\/archiv\/graebe_20210815.pdf<\/a><\/div>\n<div class=\"license\">Licensed under the terms of <a href=\"https:\/\/creativecommons.org\/licenses\/by\/3.0\/de\/\">CC-BY<\/a><\/div>\n<\/div>\n\n<div class=\"lifis-paper\"><div class=\"author\">Gr\u00e4be, Hans-Gert<\/div>\n<div class=\"title\">Towards a Linked Open Data TRIZ Ontology<\/div>\n<div class=\"issued\">Eingereicht am 13.08.2021<\/div>\n<div class=\"cat\">Themenbereich: Innovation und Systematisches Erfinden<\/div>\n<div class=\"doi\">DOI: <a href=\"http:\/\/dx.doi.org\/10.14625\/graebe_20210813\">http:\/\/dx.doi.org\/10.14625\/graebe_20210813<\/a><\/div>\n<div class=\"url\">Lokale URL: <a href=\"http:\/\/leibniz-institut.de\/archiv\/graebe_20210813.pdf\">http:\/\/leibniz-institut.de\/archiv\/graebe_20210813.pdf<\/a><\/div>\n<div class=\"license\">Licensed under the terms of <a href=\"https:\/\/creativecommons.org\/licenses\/by\/3.0\/de\/\">CC-BY<\/a><\/div>\n<\/div>\n\n<div class=\"lifis-paper\"><div class=\"author\">Thiel, Rainer<\/div>\n<div class=\"title\">ProHEAL und TRIZ - Erfindemethodik seit 50 Jahren<\/div>\n<div class=\"issued\">Eingereicht am 26.01.2021<\/div>\n<div class=\"cat\">Themenbereich: Innovation und Systematisches Erfinden<\/div>\n<div class=\"doi\">DOI: <a href=\"http:\/\/dx.doi.org\/10.14625\/thiel_20210126\">http:\/\/dx.doi.org\/10.14625\/thiel_20210126<\/a><\/div>\n<div class=\"url\">Lokale URL: <a href=\"http:\/\/leibniz-institut.de\/archiv\/thiel_20210126.pdf\">http:\/\/leibniz-institut.de\/archiv\/thiel_20210126.pdf<\/a><\/div>\n<div class=\"license\">Licensed under the terms of <a href=\"https:\/\/creativecommons.org\/licenses\/by\/3.0\/de\/\">CC-BY<\/a><\/div>\n<\/div>\n\n<div class=\"lifis-paper\"><div class=\"author\">Fuchs-Kittowski, Klaus<\/div>\n<div class=\"title\">Die Allm\u00e4hlichkeit der Revolution. Zur Relativierung des Sprungs und Rettung der Qualit\u00e4ten<\/div>\n<div class=\"issued\">Eingereicht am 20.11.2020<\/div>\n<div class=\"cat\">Themenbereich: Innovation und Systematisches Erfinden<\/div>\n<div class=\"doi\">DOI: <a href=\"http:\/\/dx.doi.org\/10.14625\/fuchskittowski_20201120\">http:\/\/dx.doi.org\/10.14625\/fuchskittowski_20201120<\/a><\/div>\n<div class=\"url\">Lokale URL: <a href=\"http:\/\/leibniz-institut.de\/archiv\/fuchskittowski_20201120.pdf\">http:\/\/leibniz-institut.de\/archiv\/fuchskittowski_20201120.pdf<\/a><\/div>\n<div class=\"license\">Licensed under the terms of <a href=\"https:\/\/creativecommons.org\/licenses\/by\/3.0\/de\/\">CC-BY<\/a><\/div>\n<\/div>\n\n<div class=\"lifis-paper\"><div class=\"author\">Stanke, Klaus<\/div>\n<div class=\"title\">Innovationen mit Widerspruchsl\u00f6sungen als realisierte probleml\u00f6sende Kreativit\u00e4t<\/div>\n<div class=\"issued\">Eingereicht am 30.07.2020<\/div>\n<div class=\"cat\">Themenbereich: Innovation und Systematisches Erfinden<\/div>\n<div class=\"doi\">DOI: <a href=\"http:\/\/dx.doi.org\/10.14625\/stanke_20200730\">http:\/\/dx.doi.org\/10.14625\/stanke_20200730<\/a><\/div>\n<div class=\"url\">Lokale URL: <a href=\"http:\/\/leibniz-institut.de\/archiv\/stanke_20200730.pdf\">http:\/\/leibniz-institut.de\/archiv\/stanke_20200730.pdf<\/a><\/div>\n<div class=\"license\">Licensed under the terms of <a href=\"https:\/\/creativecommons.org\/licenses\/by\/3.0\/de\/\">CC-BY<\/a><\/div>\n<\/div>\n\n<div class=\"lifis-paper\"><div class=\"author\">Gr\u00e4be, Hans-Gert<\/div>\n<div class=\"title\">TRIZ und Transformationen sozio-technischer und sozio-\u00f6kologischer Systeme<\/div>\n<div class=\"issued\">Eingereicht am 27.06.2020<\/div>\n<div class=\"cat\">Themenbereich: Innovation und Systematisches Erfinden<\/div>\n<div class=\"doi\">DOI: <a href=\"http:\/\/dx.doi.org\/10.14625\/graebe_20200627\">http:\/\/dx.doi.org\/10.14625\/graebe_20200627<\/a><\/div>\n<div class=\"url\">Lokale URL: <a href=\"http:\/\/leibniz-institut.de\/archiv\/graebe_20200627.pdf\">http:\/\/leibniz-institut.de\/archiv\/graebe_20200627.pdf<\/a><\/div>\n<div class=\"license\">Licensed under the terms of <a href=\"https:\/\/creativecommons.org\/licenses\/by\/3.0\/de\/\">CC-BY<\/a><\/div>\n<\/div>\n\n<div class=\"lifis-paper\"><div class=\"author\">Gr\u00e4be, Hans-Gert<\/div>\n<div class=\"title\">Die Menschen und ihre technischen Systeme<\/div>\n<div class=\"issued\">Eingereicht am 19.05.2020<\/div>\n<div class=\"cat\">Themenbereich: Innovation und Systematisches Erfinden<\/div>\n<div class=\"doi\">DOI: <a href=\"http:\/\/dx.doi.org\/10.14625\/graebe_20200519\">http:\/\/dx.doi.org\/10.14625\/graebe_20200519<\/a><\/div>\n<div class=\"url\">Lokale URL: <a href=\"http:\/\/leibniz-institut.de\/archiv\/graebe_20200519.pdf\">http:\/\/leibniz-institut.de\/archiv\/graebe_20200519.pdf<\/a><\/div>\n<div class=\"license\">Licensed under the terms of <a href=\"https:\/\/creativecommons.org\/licenses\/by\/3.0\/de\/\">CC-BY<\/a><\/div>\n<\/div>\n\n<div class=\"lifis-paper\"><div class=\"author\">Thiel, Rainer<\/div>\n<div class=\"title\">Kreativit\u00e4t und Industrie 4.0. Interdisziplin\u00e4re Konsequenzen<\/div>\n<div class=\"issued\">Eingereicht am 20.01.2020<\/div>\n<div class=\"cat\">Themenbereich: Innovation und Systematisches Erfinden<\/div>\n<div class=\"doi\">DOI: <a href=\"http:\/\/dx.doi.org\/10.14625\/thiel_20200120\">http:\/\/dx.doi.org\/10.14625\/thiel_20200120<\/a><\/div>\n<div class=\"url\">Lokale URL: <a href=\"http:\/\/leibniz-institut.de\/archiv\/thiel_20200120.pdf\">http:\/\/leibniz-institut.de\/archiv\/thiel_20200120.pdf<\/a><\/div>\n<div class=\"license\">Licensed under the terms of <a href=\"https:\/\/creativecommons.org\/licenses\/by\/3.0\/de\/\">CC-BY<\/a><\/div>\n<\/div>\n\n<div class=\"lifis-paper\"><div class=\"author\">Zobel, Dietmar<\/div>\n<div class=\"title\">Beitr\u00e4ge zur Weiterentwicklung der TRIZ<\/div>\n<div class=\"issued\">Eingereicht am 19.01.2020<\/div>\n<div class=\"cat\">Themenbereich: Innovation und Systematisches Erfinden<\/div>\n<div class=\"doi\">DOI: <a href=\"http:\/\/dx.doi.org\/10.14625\/zobel_20200119\">http:\/\/dx.doi.org\/10.14625\/zobel_20200119<\/a><\/div>\n<div class=\"url\">Lokale URL: <a href=\"http:\/\/leibniz-institut.de\/archiv\/zobel_20200119.pdf\">http:\/\/leibniz-institut.de\/archiv\/zobel_20200119.pdf<\/a><\/div>\n<div class=\"license\">Licensed under the terms of <a href=\"https:\/\/creativecommons.org\/licenses\/by\/3.0\/de\/\">CC-BY<\/a><\/div>\n<\/div>\n\n<div class=\"lifis-paper\"><div class=\"author\">Balzer, Dietrich<\/div>\n<div class=\"title\">Gemeinsamkeiten und Unterschiede von TRIZ, k\u00fcnstlicher Intelligenz und Kybernetik als wissensbasierte Methoden f\u00fcr die L\u00f6sung technischer Probleme<\/div>\n<div class=\"issued\">Eingereicht am 10.01.2017<\/div>\n<div class=\"cat\">Themenbereich: Innovation und Systematisches Erfinden<\/div>\n<div class=\"doi\">DOI: <a href=\"http:\/\/dx.doi.org\/10.14625\/balzer_20170110\">http:\/\/dx.doi.org\/10.14625\/balzer_20170110<\/a><\/div>\n<div class=\"url\">Lokale URL: <a href=\"http:\/\/leibniz-institut.de\/archiv\/balzer_20170110.pdf\">http:\/\/leibniz-institut.de\/archiv\/balzer_20170110.pdf<\/a><\/div>\n<div class=\"license\">Licensed under the terms of <a href=\"https:\/\/creativecommons.org\/licenses\/by\/3.0\/de\/\">CC-BY<\/a><\/div>\n<\/div>\n\n<div class=\"lifis-paper\"><div class=\"author\">Thiel, Rainer<\/div>\n<div class=\"title\">Hegel, Altschuller, TRIZ. Zehn Anmerkungen<\/div>\n<div class=\"issued\">Eingereicht am 25.09.2016<\/div>\n<div class=\"cat\">Themenbereich: Innovation und Systematisches Erfinden<\/div>\n<div class=\"doi\">DOI: <a href=\"http:\/\/dx.doi.org\/10.14625\/thiel_20160925\">http:\/\/dx.doi.org\/10.14625\/thiel_20160925<\/a><\/div>\n<div class=\"url\">Lokale URL: <a href=\"http:\/\/leibniz-institut.de\/archiv\/thiel_20160925.pdf\">http:\/\/leibniz-institut.de\/archiv\/thiel_20160925.pdf<\/a><\/div>\n<div class=\"license\">Licensed under the terms of <a href=\"https:\/\/creativecommons.org\/licenses\/by\/3.0\/de\/\">CC-BY<\/a><\/div>\n<\/div>\n\n<div class=\"lifis-paper\"><div class=\"author\">Thiel, Rainer<\/div>\n<div class=\"title\">Erfinderschulen \u2013 Probleml\u00f6se-Workshops. Projekt und Praxis<\/div>\n<div class=\"issued\">Eingereicht am 03.07.2016<\/div>\n<div class=\"cat\">Themenbereich: Innovation und Systematisches Erfinden<\/div>\n<div class=\"doi\">DOI: <a href=\"http:\/\/dx.doi.org\/10.14625\/thiel_20160703\">http:\/\/dx.doi.org\/10.14625\/thiel_20160703<\/a><\/div>\n<div class=\"url\">Lokale URL: <a href=\"http:\/\/leibniz-institut.de\/archiv\/thiel_20160703.pdf\">http:\/\/leibniz-institut.de\/archiv\/thiel_20160703.pdf<\/a><\/div>\n<div class=\"license\">Licensed under the terms of <a href=\"https:\/\/creativecommons.org\/licenses\/by\/3.0\/de\/\">CC-BY<\/a><\/div>\n<\/div>\n\n<div class=\"lifis-paper\"><div class=\"author\">Stahl, J\u00fcrgen<\/div>\n<div class=\"title\">Konstruktion - Antizipation und gestaltende F\u00e4higkeit des Subjekts<\/div>\n<div class=\"issued\">Eingereicht am 22.07.2014<\/div>\n<div class=\"cat\">Themenbereich: Innovation und Systematisches Erfinden<\/div>\n<div class=\"doi\">DOI: <a href=\"http:\/\/dx.doi.org\/10.14625\/stahl_20140731\">http:\/\/dx.doi.org\/10.14625\/stahl_20140731<\/a><\/div>\n<div class=\"url\">Lokale URL: <a href=\"http:\/\/leibniz-institut.de\/archiv\/2014-07-31.pdf\">http:\/\/leibniz-institut.de\/archiv\/2014-07-31.pdf<\/a><\/div>\n<\/div>\n\n<div class=\"lifis-paper\"><div class=\"author\">Petzold, Jana-Cordelia<\/div>\n<div class=\"title\">Kompetenzentwicklung - Voraussetzung f\u00fcr F\u00fchrung und Zusammenarbeit<\/div>\n<div class=\"issued\">Eingereicht am 26.04.2011<\/div>\n<div class=\"cat\">Themenbereich: Innovation und Systematisches Erfinden<\/div>\n<div class=\"doi\">DOI: <a href=\"http:\/\/dx.doi.org\/10.14625\/KXP:178629740X\">http:\/\/dx.doi.org\/10.14625\/KXP:178629740X<\/a><\/div>\n<div class=\"url\">Lokale URL: <a href=\"http:\/\/leibniz-institut.de\/archiv\/petzold_26_04_11.pdf\">http:\/\/leibniz-institut.de\/archiv\/petzold_26_04_11.pdf<\/a><\/div>\n<\/div>\n\n","protected":false},"excerpt":{"rendered":"<p>LIFIS ONLINE Internet-Zeitschrift des Leibniz-Instituts f\u00fcr interdisziplin\u00e4re Studien e.V. (LIFIS) [ ISSN 1864-6972 ] Beitr\u00e4ge zum Thema &#171;Innovation und Systematisches Erfinden&#187; (in revers chronologischer Ordnung)<\/p>\n","protected":false},"author":2,"featured_media":0,"parent":20,"menu_order":0,"comment_status":"closed","ping_status":"closed","template":"","meta":{"footnotes":""},"class_list":["post-616","page","type-page","status-publish","hentry"],"translation":{"provider":"WPGlobus","version":"3.0.2","language":"ru","enabled_languages":["de","en","ru"],"languages":{"de":{"title":true,"content":true,"excerpt":false},"en":{"title":false,"content":false,"excerpt":false},"ru":{"title":false,"content":false,"excerpt":false}}},"_links":{"self":[{"href":"https:\/\/leibniz-institut.de\/ru\/wp-json\/wp\/v2\/pages\/616","targetHints":{"allow":["GET"]}}],"collection":[{"href":"https:\/\/leibniz-institut.de\/ru\/wp-json\/wp\/v2\/pages"}],"about":[{"href":"https:\/\/leibniz-institut.de\/ru\/wp-json\/wp\/v2\/types\/page"}],"author":[{"embeddable":true,"href":"https:\/\/leibniz-institut.de\/ru\/wp-json\/wp\/v2\/users\/2"}],"replies":[{"embeddable":true,"href":"https:\/\/leibniz-institut.de\/ru\/wp-json\/wp\/v2\/comments?post=616"}],"version-history":[{"count":2,"href":"https:\/\/leibniz-institut.de\/ru\/wp-json\/wp\/v2\/pages\/616\/revisions"}],"predecessor-version":[{"id":618,"href":"https:\/\/leibniz-institut.de\/ru\/wp-json\/wp\/v2\/pages\/616\/revisions\/618"}],"up":[{"embeddable":true,"href":"https:\/\/leibniz-institut.de\/ru\/wp-json\/wp\/v2\/pages\/20"}],"wp:attachment":[{"href":"https:\/\/leibniz-institut.de\/ru\/wp-json\/wp\/v2\/media?parent=616"}],"curies":[{"name":"wp","href":"https:\/\/api.w.org\/{rel}","templated":true}]}}