{"id":619,"date":"2016-08-21T15:52:50","date_gmt":"2016-08-21T15:52:50","guid":{"rendered":"http:\/\/leibniz-institut.de\/?page_id=619"},"modified":"2016-08-21T15:52:59","modified_gmt":"2016-08-21T15:52:59","slug":"kognitive-strukturen","status":"publish","type":"page","link":"https:\/\/leibniz-institut.de\/ru\/lifis-online\/beitraege\/kognitive-strukturen\/","title":{"rendered":"Kognitive Strukturen"},"content":{"rendered":"<p><span style=\"color: #b71223;\"><strong><span style=\"font-size: large;\">LIFIS ONLINE<\/span><\/strong><br \/>\n<\/span><strong>Internet-Zeitschrift des Leibniz-Instituts f\u00fcr interdisziplin\u00e4re Studien e.V. (LIFIS)<br \/>\n[ ISSN 1864-6972 ]<\/strong><\/p>\n<h2>Beitr\u00e4ge zum Thema &#171;Kognitive Strukturen&#187; (in revers chronologischer Ordnung)<\/h2>\n<div class=\"lifis-paper\"><div class=\"author\">D\u00f6rner, Dietrich<\/div>\n<div class=\"title\">Gibt es k\u00fcnstliche Intelligenz?<\/div>\n<div class=\"issued\">Eingereicht am 13.12.2013<\/div>\n<div class=\"cat\">Themenbereich: Kognitive Strukturen<\/div>\n<div class=\"doi\">DOI: <a href=\"http:\/\/dx.doi.org\/10.14625\/doerner_13_12_13\">http:\/\/dx.doi.org\/10.14625\/doerner_13_12_13<\/a><\/div>\n<div class=\"url\">Lokale URL: <a href=\"http:\/\/leibniz-institut.de\/archiv\/doerner_13_12_13.pdf\">http:\/\/leibniz-institut.de\/archiv\/doerner_13_12_13.pdf<\/a><\/div>\n<\/div>\n\n<div class=\"lifis-paper\"><div class=\"author\">Krause, Bodo<\/div>\n<div class=\"title\">Bedingungen und Formen kognitiven Lernens<\/div>\n<div class=\"issued\">Eingereicht am 16.03.2012<\/div>\n<div class=\"cat\">Themenbereich: Kognitive Strukturen<\/div>\n<div class=\"doi\">DOI: <a href=\"http:\/\/dx.doi.org\/10.14625\/KXP:1786296047\">http:\/\/dx.doi.org\/10.14625\/KXP:1786296047<\/a><\/div>\n<div class=\"url\">Lokale URL: <a href=\"http:\/\/leibniz-institut.de\/archiv\/krause_b_15_03_12.pdf\">http:\/\/leibniz-institut.de\/archiv\/krause_b_15_03_12.pdf<\/a><\/div>\n<\/div>\n\n<div class=\"lifis-paper\"><div class=\"author\">Bodrow, Andrej; Bodrow, Wladimir<\/div>\n<div class=\"title\">Kognitionswissenschaft und Wissensvisualisierung<\/div>\n<div class=\"issued\">Eingereicht am 13.02.2012<\/div>\n<div class=\"cat\">Themenbereich: Kognitive Strukturen<\/div>\n<div class=\"doi\">DOI: <a href=\"http:\/\/dx.doi.org\/10.14625\/KXP:1786296209\">http:\/\/dx.doi.org\/10.14625\/KXP:1786296209<\/a><\/div>\n<div class=\"url\">Lokale URL: <a href=\"http:\/\/leibniz-institut.de\/archiv\/bodrow_13_02_12.pdf\">http:\/\/leibniz-institut.de\/archiv\/bodrow_13_02_12.pdf<\/a><\/div>\n<\/div>\n\n<div class=\"lifis-paper\"><div class=\"author\">Lass, Uta; L\u00fcer, Gerd<\/div>\n<div class=\"title\">Das Problem kognitiver Invarianten bei der Diagnose geistiger Leistungen<\/div>\n<div class=\"issued\">Eingereicht am 23.01.2012<\/div>\n<div class=\"cat\">Themenbereich: Kognitive Strukturen<\/div>\n<div class=\"doi\">DOI: <a href=\"http:\/\/dx.doi.org\/10.14625\/KXP:1786296314\">http:\/\/dx.doi.org\/10.14625\/KXP:1786296314<\/a><\/div>\n<div class=\"url\">Lokale URL: <a href=\"http:\/\/leibniz-institut.de\/archiv\/luer_23_01_12.pdf\">http:\/\/leibniz-institut.de\/archiv\/luer_23_01_12.pdf<\/a><\/div>\n<\/div>\n\n<div class=\"lifis-paper\"><div class=\"author\">Clausen, Jens<\/div>\n<div class=\"title\">Neurotechnologien interdisziplin\u00e4r: Anthropologische und ethische \u00dcberlegungen<\/div>\n<div class=\"issued\">Eingereicht am 20.03.2011<\/div>\n<div class=\"cat\">Themenbereich: Kognitive Strukturen<\/div>\n<div class=\"doi\">DOI: <a href=\"http:\/\/dx.doi.org\/10.14625\/KXP:1786303329\">http:\/\/dx.doi.org\/10.14625\/KXP:1786303329<\/a><\/div>\n<div class=\"url\">Lokale URL: <a href=\"http:\/\/leibniz-institut.de\/archiv\/clausen_20_03_11.pdf\">http:\/\/leibniz-institut.de\/archiv\/clausen_20_03_11.pdf<\/a><\/div>\n<\/div>\n\n<div class=\"lifis-paper\"><div class=\"author\">Grunwald, Martin<\/div>\n<div class=\"title\">Der Tastsinn im Griff der Technikwissenschaften? Herausforderungen und Grenzen aktueller Haptikforschung<\/div>\n<div class=\"issued\">Eingereicht am 09.01.2009<\/div>\n<div class=\"cat\">Themenbereich: Kognitive Strukturen<\/div>\n<div class=\"doi\">DOI: <a href=\"http:\/\/dx.doi.org\/10.14625\/KXP:1786320940\">http:\/\/dx.doi.org\/10.14625\/KXP:1786320940<\/a><\/div>\n<div class=\"url\">Lokale URL: <a href=\"http:\/\/leibniz-institut.de\/archiv\/grunwald_martin_09_01_09.pdf\">http:\/\/leibniz-institut.de\/archiv\/grunwald_martin_09_01_09.pdf<\/a><\/div>\n<\/div>\n\n","protected":false},"excerpt":{"rendered":"<p>LIFIS ONLINE Internet-Zeitschrift des Leibniz-Instituts f\u00fcr interdisziplin\u00e4re Studien e.V. (LIFIS) [ ISSN 1864-6972 ] Beitr\u00e4ge zum Thema &#171;Kognitive Strukturen&#187; (in revers chronologischer Ordnung)<\/p>\n","protected":false},"author":2,"featured_media":0,"parent":20,"menu_order":0,"comment_status":"closed","ping_status":"closed","template":"","meta":{"footnotes":""},"class_list":["post-619","page","type-page","status-publish","hentry"],"translation":{"provider":"WPGlobus","version":"3.0.2","language":"ru","enabled_languages":["de","en","ru"],"languages":{"de":{"title":true,"content":true,"excerpt":false},"en":{"title":false,"content":false,"excerpt":false},"ru":{"title":false,"content":false,"excerpt":false}}},"_links":{"self":[{"href":"https:\/\/leibniz-institut.de\/ru\/wp-json\/wp\/v2\/pages\/619","targetHints":{"allow":["GET"]}}],"collection":[{"href":"https:\/\/leibniz-institut.de\/ru\/wp-json\/wp\/v2\/pages"}],"about":[{"href":"https:\/\/leibniz-institut.de\/ru\/wp-json\/wp\/v2\/types\/page"}],"author":[{"embeddable":true,"href":"https:\/\/leibniz-institut.de\/ru\/wp-json\/wp\/v2\/users\/2"}],"replies":[{"embeddable":true,"href":"https:\/\/leibniz-institut.de\/ru\/wp-json\/wp\/v2\/comments?post=619"}],"version-history":[{"count":1,"href":"https:\/\/leibniz-institut.de\/ru\/wp-json\/wp\/v2\/pages\/619\/revisions"}],"predecessor-version":[{"id":620,"href":"https:\/\/leibniz-institut.de\/ru\/wp-json\/wp\/v2\/pages\/619\/revisions\/620"}],"up":[{"embeddable":true,"href":"https:\/\/leibniz-institut.de\/ru\/wp-json\/wp\/v2\/pages\/20"}],"wp:attachment":[{"href":"https:\/\/leibniz-institut.de\/ru\/wp-json\/wp\/v2\/media?parent=619"}],"curies":[{"name":"wp","href":"https:\/\/api.w.org\/{rel}","templated":true}]}}