{"id":621,"date":"2016-08-21T15:54:32","date_gmt":"2016-08-21T15:54:32","guid":{"rendered":"http:\/\/leibniz-institut.de\/?page_id=621"},"modified":"2016-08-21T15:54:32","modified_gmt":"2016-08-21T15:54:32","slug":"nms","status":"publish","type":"page","link":"https:\/\/leibniz-institut.de\/ru\/lifis-online\/beitraege\/nms\/","title":{"rendered":"Nano- und Mikrostrukturen sowie Neue Materialien"},"content":{"rendered":"<p><span style=\"color: #b71223;\"><strong><span style=\"font-size: large;\">LIFIS ONLINE<\/span><\/strong><br \/>\n<\/span><strong>Internet-Zeitschrift des Leibniz-Instituts f\u00fcr interdisziplin\u00e4re Studien e.V. (LIFIS)<br \/>\n[ ISSN 1864-6972 ]<\/strong><\/p>\n<h2>Beitr\u00e4ge zum Thema &#171;Nano- und Mikrostrukturen sowie Neue Materialien&#187; (in revers chronologischer Ordnung)<\/h2>\n<div class=\"lifis-paper\"><div class=\"author\">Simmel, Friedrich C.<\/div>\n<div class=\"title\">DNA - Nanostrukturen und molekulare Maschinen aus DNA<\/div>\n<div class=\"issued\">Eingereicht am 26.01.2014<\/div>\n<div class=\"cat\">Themenbereich: Nano- und Mikrostrukturen \/ Neue Materialien<\/div>\n<div class=\"doi\">DOI: <a href=\"http:\/\/dx.doi.org\/10.14625\/simmel_26_01_14\">http:\/\/dx.doi.org\/10.14625\/simmel_26_01_14<\/a><\/div>\n<div class=\"url\">Lokale URL: <a href=\"http:\/\/leibniz-institut.de\/archiv\/simmel_26_01_14.pdf\">http:\/\/leibniz-institut.de\/archiv\/simmel_26_01_14.pdf<\/a><\/div>\n<\/div>\n\n<div class=\"lifis-paper\"><div class=\"author\">Michel, Bernd; Winkler, Thomas<\/div>\n<div class=\"title\">EUCEMAN - The European Center on MicroNanoRelability<\/div>\n<div class=\"issued\">Eingereicht am 06.09.2012<\/div>\n<div class=\"cat\">Themenbereich: Nano- und Mikrostrukturen \/ Neue Materialien<\/div>\n<div class=\"doi\">DOI: <a href=\"http:\/\/dx.doi.org\/10.14625\/KXP:1786295318\">http:\/\/dx.doi.org\/10.14625\/KXP:1786295318<\/a><\/div>\n<div class=\"url\">Lokale URL: <a href=\"http:\/\/leibniz-institut.de\/archiv\/michel_06_09_12.pdf\">http:\/\/leibniz-institut.de\/archiv\/michel_06_09_12.pdf<\/a><\/div>\n<\/div>\n\n<div class=\"lifis-paper\"><div class=\"author\">Schmidt, Christian; Sel, Saadettin; Storsberg, Joachim<\/div>\n<div class=\"title\">Artifical Cornea (Keratoprosthesis) - A Nanotechnologically Modified Biomaterial To Restore Eyesight To Ultimo Ratio Patients<\/div>\n<div class=\"issued\">Eingereicht am 29.08.2012<\/div>\n<div class=\"cat\">Themenbereich: Nano- und Mikrostrukturen \/ Neue Materialien<\/div>\n<div class=\"doi\">DOI: <a href=\"http:\/\/dx.doi.org\/10.14625\/KXP:1786295733\">http:\/\/dx.doi.org\/10.14625\/KXP:1786295733<\/a><\/div>\n<div class=\"url\">Lokale URL: <a href=\"http:\/\/leibniz-institut.de\/archiv\/storsberg_29_08_12.pdf\">http:\/\/leibniz-institut.de\/archiv\/storsberg_29_08_12.pdf<\/a><\/div>\n<\/div>\n\n<div class=\"lifis-paper\"><div class=\"author\">Peters, Falk<\/div>\n<div class=\"title\">Zur rechtlichen Haftung f\u00fcr sch\u00e4dliche Folgen der Verwendung von Nanomaterialien - ein Neuland unter rechtstheoretischer Betrachtung<\/div>\n<div class=\"issued\">Eingereicht am 11.04.2012<\/div>\n<div class=\"cat\">Themenbereich: Nano- und Mikrostrukturen \/ Neue Materialien<\/div>\n<div class=\"doi\">DOI: <a href=\"http:\/\/dx.doi.org\/10.14625\/KXP:1786296012\">http:\/\/dx.doi.org\/10.14625\/KXP:1786296012<\/a><\/div>\n<div class=\"url\">Lokale URL: <a href=\"http:\/\/leibniz-institut.de\/archiv\/peters_11_04_12.pdf\">http:\/\/leibniz-institut.de\/archiv\/peters_11_04_12.pdf<\/a><\/div>\n<\/div>\n\n<div class=\"lifis-paper\"><div class=\"author\">Kohlert, Christian<\/div>\n<div class=\"title\">Nanotechnologie zur Eigenschaftsvariation polymerer Folien<\/div>\n<div class=\"issued\">Eingereicht am 10.02.2011<\/div>\n<div class=\"cat\">Themenbereich: Nano- und Mikrostrukturen \/ Neue Materialien<\/div>\n<div class=\"doi\">DOI: <a href=\"http:\/\/dx.doi.org\/10.14625\/KXP:1786303434\">http:\/\/dx.doi.org\/10.14625\/KXP:1786303434<\/a><\/div>\n<div class=\"url\">Lokale URL: <a href=\"http:\/\/leibniz-institut.de\/archiv\/kohlert_10_02_11.pdf\">http:\/\/leibniz-institut.de\/archiv\/kohlert_10_02_11.pdf<\/a><\/div>\n<\/div>\n\n<div class=\"lifis-paper\"><div class=\"author\">Csaki, Andrea; Fritzsche, Wolfgang; Jahr, Norbert; Schneider, Thomas; Stranik, Ondrej<\/div>\n<div class=\"title\">Nanoparticles and DNA on Chips - Realization of a Nanobiotechnology Toolbox for Single Particle Bioanalysis<\/div>\n<div class=\"issued\">Eingereicht am 06.09.2010<\/div>\n<div class=\"cat\">Themenbereich: Nano- und Mikrostrukturen \/ Neue Materialien<\/div>\n<div class=\"doi\">DOI: <a href=\"http:\/\/dx.doi.org\/10.14625\/KXP:1786304244\">http:\/\/dx.doi.org\/10.14625\/KXP:1786304244<\/a><\/div>\n<div class=\"url\">Lokale URL: <a href=\"http:\/\/leibniz-institut.de\/archiv\/schneider_06_09_10.pdf\">http:\/\/leibniz-institut.de\/archiv\/schneider_06_09_10.pdf<\/a><\/div>\n<\/div>\n\n<div class=\"lifis-paper\"><div class=\"author\">K\u00f6hler, Michael<\/div>\n<div class=\"title\">Mikroreaktionstechnik als Instrumentarium f\u00fcr die Nanotechnologie. Von der kontinuierlichen Synthese von Nanopartikeln zum \"fluidischen Nano-Engineering\"<\/div>\n<div class=\"issued\">Eingereicht am 28.06.2010<\/div>\n<div class=\"cat\">Themenbereich: Nano- und Mikrostrukturen \/ Neue Materialien<\/div>\n<div class=\"doi\">DOI: <a href=\"http:\/\/dx.doi.org\/10.14625\/KXP:1786305062\">http:\/\/dx.doi.org\/10.14625\/KXP:1786305062<\/a><\/div>\n<div class=\"url\">Lokale URL: <a href=\"http:\/\/leibniz-institut.de\/archiv\/koehler_28_06_10.pdf\">http:\/\/leibniz-institut.de\/archiv\/koehler_28_06_10.pdf<\/a><\/div>\n<\/div>\n\n<div class=\"lifis-paper\"><div class=\"author\">Edtmaier, Christian; Januschewski, Judith; Kast, Michael; K\u00f6ck, Anton; Maier, Thomas; Stepper, Christoph; Tischner, Alexandra<\/div>\n<div class=\"title\">Metalloxid-Nanostrukturen f\u00fcr die Gassensorik<\/div>\n<div class=\"issued\">Eingereicht am 20.02.2008<\/div>\n<div class=\"cat\">Themenbereich: Nano- und Mikrostrukturen \/ Neue Materialien<\/div>\n<div class=\"doi\">DOI: <a href=\"http:\/\/dx.doi.org\/10.14625\/KXP:1786324563\">http:\/\/dx.doi.org\/10.14625\/KXP:1786324563<\/a><\/div>\n<div class=\"url\">Lokale URL: <a href=\"http:\/\/leibniz-institut.de\/archiv\/koeck_20_02_08.pdf\">http:\/\/leibniz-institut.de\/archiv\/koeck_20_02_08.pdf<\/a><\/div>\n<\/div>\n\n<div class=\"lifis-paper\"><div class=\"author\">K\u00f6hler, Michael<\/div>\n<div class=\"title\">Nanotechnologie \u2013 Realit\u00e4t und Visionen<\/div>\n<div class=\"issued\">Eingereicht am 01.02.2008<\/div>\n<div class=\"cat\">Themenbereich: Nano- und Mikrostrukturen \/ Neue Materialien<\/div>\n<div class=\"doi\">DOI: <a href=\"http:\/\/dx.doi.org\/10.14625\/KXP:178632668X\">http:\/\/dx.doi.org\/10.14625\/KXP:178632668X<\/a><\/div>\n<div class=\"url\">Lokale URL: <a href=\"http:\/\/leibniz-institut.de\/archiv\/koehler_01_02_08.pdf\">http:\/\/leibniz-institut.de\/archiv\/koehler_01_02_08.pdf<\/a><\/div>\n<\/div>\n\n<div class=\"lifis-paper\"><div class=\"author\">Werner, Matthias<\/div>\n<div class=\"title\">Wirtschaftliche Perspektiven der Nanotechnologie<\/div>\n<div class=\"issued\">Eingereicht am 23.11.2007<\/div>\n<div class=\"cat\">Themenbereich: Nano- und Mikrostrukturen \/ Neue Materialien<\/div>\n<div class=\"doi\">DOI: <a href=\"http:\/\/dx.doi.org\/10.14625\/KXP:1786327910\">http:\/\/dx.doi.org\/10.14625\/KXP:1786327910<\/a><\/div>\n<div class=\"url\">Lokale URL: <a href=\"http:\/\/leibniz-institut.de\/archiv\/werner_23_11_07.pdf\">http:\/\/leibniz-institut.de\/archiv\/werner_23_11_07.pdf<\/a><\/div>\n<\/div>\n\n<div class=\"lifis-paper\"><div class=\"author\">Bauer, Monika; Kahle, Olaf<\/div>\n<div class=\"title\">Von der Ellipsometrie zur Nano-TMA\/TGA\/DVS \u2013 Methode und Anwendungen<\/div>\n<div class=\"issued\">Eingereicht am 27.09.2007<\/div>\n<div class=\"cat\">Themenbereich: Nano- und Mikrostrukturen \/ Neue Materialien<\/div>\n<div class=\"doi\">DOI: <a href=\"http:\/\/dx.doi.org\/10.14625\/KXP:1786328631\">http:\/\/dx.doi.org\/10.14625\/KXP:1786328631<\/a><\/div>\n<div class=\"url\">Lokale URL: <a href=\"http:\/\/leibniz-institut.de\/archiv\/kahle_bauer_27_09_07.pdf\">http:\/\/leibniz-institut.de\/archiv\/kahle_bauer_27_09_07.pdf<\/a><\/div>\n<\/div>\n\n<div class=\"lifis-paper\"><div class=\"author\">Grimmeiss, Hermann<\/div>\n<div class=\"title\">Nanoscience: Vom Forschungsergebnis zum Industrieprodukt<\/div>\n<div class=\"issued\">Eingereicht am 23.02.2007<\/div>\n<div class=\"cat\">Themenbereich: Nano- und Mikrostrukturen \/ Neue Materialien<\/div>\n<div class=\"doi\">DOI: <a href=\"http:\/\/dx.doi.org\/10.14625\/KXP:1786329999\">http:\/\/dx.doi.org\/10.14625\/KXP:1786329999<\/a><\/div>\n<div class=\"url\">Lokale URL: <a href=\"http:\/\/leibniz-institut.de\/archiv\/grimmeiss_23_02_07.pdf\">http:\/\/leibniz-institut.de\/archiv\/grimmeiss_23_02_07.pdf<\/a><\/div>\n<\/div>\n\n<div class=\"lifis-paper\"><div class=\"author\">K\u00f6hler, Michael<\/div>\n<div class=\"title\">Nanotechnologie im chemischen und im biochemischen Labor: Mikrodurchflu\u00dfreaktoren und Nanolitersegmenttechnik<\/div>\n<div class=\"issued\">Eingereicht am 22.02.2007<\/div>\n<div class=\"cat\">Themenbereich: Nano- und Mikrostrukturen \/ Neue Materialien<\/div>\n<div class=\"doi\">DOI: <a href=\"http:\/\/dx.doi.org\/10.14625\/KXP:1786330202\">http:\/\/dx.doi.org\/10.14625\/KXP:1786330202<\/a><\/div>\n<div class=\"url\">Lokale URL: <a href=\"http:\/\/leibniz-institut.de\/archiv\/koehler_22_02_07.pdf\">http:\/\/leibniz-institut.de\/archiv\/koehler_22_02_07.pdf<\/a><\/div>\n<\/div>\n\n","protected":false},"excerpt":{"rendered":"<p>LIFIS ONLINE Internet-Zeitschrift des Leibniz-Instituts f\u00fcr interdisziplin\u00e4re Studien e.V. (LIFIS) [ ISSN 1864-6972 ] Beitr\u00e4ge zum Thema &#171;Nano- und Mikrostrukturen sowie Neue Materialien&#187; (in revers chronologischer Ordnung)<\/p>\n","protected":false},"author":2,"featured_media":0,"parent":20,"menu_order":0,"comment_status":"closed","ping_status":"closed","template":"","meta":{"footnotes":""},"class_list":["post-621","page","type-page","status-publish","hentry"],"translation":{"provider":"WPGlobus","version":"3.0.2","language":"ru","enabled_languages":["de","en","ru"],"languages":{"de":{"title":true,"content":true,"excerpt":false},"en":{"title":false,"content":false,"excerpt":false},"ru":{"title":false,"content":false,"excerpt":false}}},"_links":{"self":[{"href":"https:\/\/leibniz-institut.de\/ru\/wp-json\/wp\/v2\/pages\/621","targetHints":{"allow":["GET"]}}],"collection":[{"href":"https:\/\/leibniz-institut.de\/ru\/wp-json\/wp\/v2\/pages"}],"about":[{"href":"https:\/\/leibniz-institut.de\/ru\/wp-json\/wp\/v2\/types\/page"}],"author":[{"embeddable":true,"href":"https:\/\/leibniz-institut.de\/ru\/wp-json\/wp\/v2\/users\/2"}],"replies":[{"embeddable":true,"href":"https:\/\/leibniz-institut.de\/ru\/wp-json\/wp\/v2\/comments?post=621"}],"version-history":[{"count":2,"href":"https:\/\/leibniz-institut.de\/ru\/wp-json\/wp\/v2\/pages\/621\/revisions"}],"predecessor-version":[{"id":623,"href":"https:\/\/leibniz-institut.de\/ru\/wp-json\/wp\/v2\/pages\/621\/revisions\/623"}],"up":[{"embeddable":true,"href":"https:\/\/leibniz-institut.de\/ru\/wp-json\/wp\/v2\/pages\/20"}],"wp:attachment":[{"href":"https:\/\/leibniz-institut.de\/ru\/wp-json\/wp\/v2\/media?parent=621"}],"curies":[{"name":"wp","href":"https:\/\/api.w.org\/{rel}","templated":true}]}}