{"id":624,"date":"2016-08-21T15:55:50","date_gmt":"2016-08-21T15:55:50","guid":{"rendered":"http:\/\/leibniz-institut.de\/?page_id=624"},"modified":"2016-08-21T15:55:50","modified_gmt":"2016-08-21T15:55:50","slug":"sas","status":"publish","type":"page","link":"https:\/\/leibniz-institut.de\/ru\/lifis-online\/beitraege\/sas\/","title":{"rendered":"Sensor- und Aktorsysteme, Ubiquit\u00e4re Elektronik"},"content":{"rendered":"<p><span style=\"color: #b71223;\"><strong><span style=\"font-size: large;\">LIFIS ONLINE<\/span><\/strong><br \/>\n<\/span><strong>Internet-Zeitschrift des Leibniz-Instituts f\u00fcr interdisziplin\u00e4re Studien e.V. (LIFIS)<br \/>\n[ ISSN 1864-6972 ]<\/strong><\/p>\n<h2>Beitr\u00e4ge zum Thema &#171;Sensor- und Aktorsysteme, Ubiquit\u00e4re Elektronik&#187; (in revers chronologischer Ordnung)<\/h2>\n<div class=\"lifis-paper\"><div class=\"author\">Kempe, Volker<\/div>\n<div class=\"title\">Inertial MEMS - Winzlinge messen Tr\u00e4gheit<\/div>\n<div class=\"issued\">Eingereicht am 09.10.2013<\/div>\n<div class=\"cat\">Themenbereich: Sensor- und Aktorsysteme \/ Ubiquit\u00e4re Elektronik<\/div>\n<div class=\"doi\">DOI: <a href=\"http:\/\/dx.doi.org\/10.14625\/KXP:1786295121\">http:\/\/dx.doi.org\/10.14625\/KXP:1786295121<\/a><\/div>\n<div class=\"url\">Lokale URL: <a href=\"http:\/\/leibniz-institut.de\/archiv\/kempe_09_10_13.pdf\">http:\/\/leibniz-institut.de\/archiv\/kempe_09_10_13.pdf<\/a><\/div>\n<\/div>\n\n<div class=\"lifis-paper\"><div class=\"author\">Renneberg, Reinhard<\/div>\n<div class=\"title\">Biosensoren - Eine \u00dcbersicht<\/div>\n<div class=\"issued\">Eingereicht am 31.05.2013<\/div>\n<div class=\"cat\">Themenbereich: Sensor- und Aktorsysteme \/ Ubiquit\u00e4re Elektronik<\/div>\n<div class=\"doi\">DOI: <a href=\"http:\/\/dx.doi.org\/10.14625\/KXP:1786295288\">http:\/\/dx.doi.org\/10.14625\/KXP:1786295288<\/a><\/div>\n<div class=\"url\">Lokale URL: <a href=\"http:\/\/leibniz-institut.de\/archiv\/renneberg_31_05_13.pdf\">http:\/\/leibniz-institut.de\/archiv\/renneberg_31_05_13.pdf<\/a><\/div>\n<\/div>\n\n<div class=\"lifis-paper\"><div class=\"author\">Krause, Peter; Michels, Hendrik; Varma, Gyaneshwar<\/div>\n<div class=\"title\">Trends of Piezoresistive Sensor Technology<\/div>\n<div class=\"issued\">Eingereicht am 25.05.2011<\/div>\n<div class=\"cat\">Themenbereich: Sensor- und Aktorsysteme \/ Ubiquit\u00e4re Elektronik<\/div>\n<div class=\"doi\">DOI: <a href=\"http:\/\/dx.doi.org\/10.14625\/KXP:1786297329\">http:\/\/dx.doi.org\/10.14625\/KXP:1786297329<\/a><\/div>\n<div class=\"url\">Lokale URL: <a href=\"http:\/\/leibniz-institut.de\/archiv\/krause_p_25_05_11.pdf\">http:\/\/leibniz-institut.de\/archiv\/krause_p_25_05_11.pdf<\/a><\/div>\n<\/div>\n\n<div class=\"lifis-paper\"><div class=\"author\">Budzier, Helmut; Gerhard, Gerald<\/div>\n<div class=\"title\">Infrarot-Sensoren f\u00fcr die Thermografie - Stand und Tendenzen<\/div>\n<div class=\"issued\">Eingereicht am 22.03.2011<\/div>\n<div class=\"cat\">Themenbereich: Sensor- und Aktorsysteme \/ Ubiquit\u00e4re Elektronik<\/div>\n<div class=\"doi\">DOI: <a href=\"http:\/\/dx.doi.org\/10.14625\/KXP:1786303167\">http:\/\/dx.doi.org\/10.14625\/KXP:1786303167<\/a><\/div>\n<div class=\"url\">Lokale URL: <a href=\"http:\/\/leibniz-institut.de\/archiv\/budzier_22_03_11.pdf\">http:\/\/leibniz-institut.de\/archiv\/budzier_22_03_11.pdf<\/a><\/div>\n<\/div>\n\n<div class=\"lifis-paper\"><div class=\"author\">Junghans, Bernd<\/div>\n<div class=\"title\">Inter- und Transdisziplinarit\u00e4t als Voraussetzungen f\u00fcr den wissenschaftlichen und technischen Fortschritt<\/div>\n<div class=\"issued\">Eingereicht am 11.07.2010<\/div>\n<div class=\"cat\">Themenbereich: Sensor- und Aktorsysteme \/ Ubiquit\u00e4re Elektronik<\/div>\n<div class=\"doi\">DOI: <a href=\"http:\/\/dx.doi.org\/10.14625\/KXP:1786304600\">http:\/\/dx.doi.org\/10.14625\/KXP:1786304600<\/a><\/div>\n<div class=\"url\">Lokale URL: <a href=\"http:\/\/leibniz-institut.de\/archiv\/junghans_11_07_10.pdf\">http:\/\/leibniz-institut.de\/archiv\/junghans_11_07_10.pdf<\/a><\/div>\n<\/div>\n\n<div class=\"lifis-paper\"><div class=\"author\">Fischer, Wolf-Joachim; Heinig, Andreas; Steinert, Marian<\/div>\n<div class=\"title\">Langzeit-Bewegungsmonitoring und Energieumsatzbestimmung mittels eines portablen Diagnoseger\u00e4tes<\/div>\n<div class=\"issued\">Eingereicht am 28.05.2009<\/div>\n<div class=\"cat\">Themenbereich: Sensor- und Aktorsysteme \/ Ubiquit\u00e4re Elektronik<\/div>\n<div class=\"doi\">DOI: <a href=\"http:\/\/dx.doi.org\/10.14625\/KXP:1786320207\">http:\/\/dx.doi.org\/10.14625\/KXP:1786320207<\/a><\/div>\n<div class=\"url\">Lokale URL: <a href=\"http:\/\/leibniz-institut.de\/archiv\/fischer_wolf_28_05_09.pdf\">http:\/\/leibniz-institut.de\/archiv\/fischer_wolf_28_05_09.pdf<\/a><\/div>\n<\/div>\n\n<div class=\"lifis-paper\"><div class=\"author\">Bertz, Andreas; Dittrich, Claus; Gessner, Thomas; Thieme, Torsten<\/div>\n<div class=\"title\">Eine neue Technologie zur Herstellung kosteng\u00fcnstiger Inertialsensoren<\/div>\n<div class=\"issued\">Eingereicht am 10.03.2009<\/div>\n<div class=\"cat\">Themenbereich: Sensor- und Aktorsysteme \/ Ubiquit\u00e4re Elektronik<\/div>\n<div class=\"doi\">DOI: <a href=\"http:\/\/dx.doi.org\/10.14625\/KXP:178632055X\">http:\/\/dx.doi.org\/10.14625\/KXP:178632055X<\/a><\/div>\n<div class=\"url\">Lokale URL: <a href=\"http:\/\/leibniz-institut.de\/archiv\/thieme_10_03_09.pdf\">http:\/\/leibniz-institut.de\/archiv\/thieme_10_03_09.pdf<\/a><\/div>\n<\/div>\n\n<div class=\"lifis-paper\"><div class=\"author\">Heuer, Henning; K\u00f6hler, Bernd; Kr\u00fcger, Peter; Meyendorf, Norbert; Netzelmann, Udo; Oppermann, Martin; Schubert, Frank; Striegler, Andr\u00e9; Wolter, Klaus-J\u00fcrgen<\/div>\n<div class=\"title\">Zerst\u00f6rungsfreie Pr\u00fcfverfahren f\u00fcr strukturintegrierte elektronische Systeme \u2013 Forderungen und M\u00f6glichkeiten<\/div>\n<div class=\"issued\">Eingereicht am 19.02.2008<\/div>\n<div class=\"cat\">Themenbereich: Sensor- und Aktorsysteme \/ Ubiquit\u00e4re Elektronik<\/div>\n<div class=\"doi\">DOI: <a href=\"http:\/\/dx.doi.org\/10.14625\/KXP:1786324997\">http:\/\/dx.doi.org\/10.14625\/KXP:1786324997<\/a><\/div>\n<div class=\"url\">Lokale URL: <a href=\"http:\/\/leibniz-institut.de\/archiv\/wolter_19_02_08.pdf\">http:\/\/leibniz-institut.de\/archiv\/wolter_19_02_08.pdf<\/a><\/div>\n<\/div>\n\n<div class=\"lifis-paper\"><div class=\"author\">Gessner, Thomas; Martin, J\u00f6rg; Otto, Thomas<\/div>\n<div class=\"title\">Nanotechnologie f\u00fcr polymerbasierte Sensor- und Aktorarrays<\/div>\n<div class=\"issued\">Eingereicht am 16.11.2007<\/div>\n<div class=\"cat\">Themenbereich: Sensor- und Aktorsysteme \/ Ubiquit\u00e4re Elektronik<\/div>\n<div class=\"doi\">DOI: <a href=\"http:\/\/dx.doi.org\/10.14625\/KXP:1786328070\">http:\/\/dx.doi.org\/10.14625\/KXP:1786328070<\/a><\/div>\n<div class=\"url\">Lokale URL: <a href=\"http:\/\/leibniz-institut.de\/archiv\/otto_16_11_07.pdf\">http:\/\/leibniz-institut.de\/archiv\/otto_16_11_07.pdf<\/a><\/div>\n<\/div>\n\n<div class=\"lifis-paper\"><div class=\"author\">Meyendorf, Norbert<\/div>\n<div class=\"title\">Neue Konzepte f\u00fcr Bauteil- und Material\u00fcberwachung in der Verkehrstechnik \u2013 speziell in Bahn und Flugzeug<\/div>\n<div class=\"issued\">Eingereicht am 04.05.2007<\/div>\n<div class=\"cat\">Themenbereich: Sensor- und Aktorsysteme \/ Ubiquit\u00e4re Elektronik<\/div>\n<div class=\"doi\">DOI: <a href=\"http:\/\/dx.doi.org\/10.14625\/KXP:1786329247\">http:\/\/dx.doi.org\/10.14625\/KXP:1786329247<\/a><\/div>\n<div class=\"url\">Lokale URL: <a href=\"http:\/\/leibniz-institut.de\/archiv\/meyendorf_04_05_07.pdf\">http:\/\/leibniz-institut.de\/archiv\/meyendorf_04_05_07.pdf<\/a><\/div>\n<\/div>\n\n","protected":false},"excerpt":{"rendered":"<p>LIFIS ONLINE Internet-Zeitschrift des Leibniz-Instituts f\u00fcr interdisziplin\u00e4re Studien e.V. (LIFIS) [ ISSN 1864-6972 ] Beitr\u00e4ge zum Thema &#171;Sensor- und Aktorsysteme, Ubiquit\u00e4re Elektronik&#187; (in revers chronologischer Ordnung)<\/p>\n","protected":false},"author":2,"featured_media":0,"parent":20,"menu_order":0,"comment_status":"closed","ping_status":"closed","template":"","meta":{"footnotes":""},"class_list":["post-624","page","type-page","status-publish","hentry"],"translation":{"provider":"WPGlobus","version":"3.0.2","language":"ru","enabled_languages":["de","en","ru"],"languages":{"de":{"title":true,"content":true,"excerpt":false},"en":{"title":false,"content":false,"excerpt":false},"ru":{"title":false,"content":false,"excerpt":false}}},"_links":{"self":[{"href":"https:\/\/leibniz-institut.de\/ru\/wp-json\/wp\/v2\/pages\/624","targetHints":{"allow":["GET"]}}],"collection":[{"href":"https:\/\/leibniz-institut.de\/ru\/wp-json\/wp\/v2\/pages"}],"about":[{"href":"https:\/\/leibniz-institut.de\/ru\/wp-json\/wp\/v2\/types\/page"}],"author":[{"embeddable":true,"href":"https:\/\/leibniz-institut.de\/ru\/wp-json\/wp\/v2\/users\/2"}],"replies":[{"embeddable":true,"href":"https:\/\/leibniz-institut.de\/ru\/wp-json\/wp\/v2\/comments?post=624"}],"version-history":[{"count":1,"href":"https:\/\/leibniz-institut.de\/ru\/wp-json\/wp\/v2\/pages\/624\/revisions"}],"predecessor-version":[{"id":625,"href":"https:\/\/leibniz-institut.de\/ru\/wp-json\/wp\/v2\/pages\/624\/revisions\/625"}],"up":[{"embeddable":true,"href":"https:\/\/leibniz-institut.de\/ru\/wp-json\/wp\/v2\/pages\/20"}],"wp:attachment":[{"href":"https:\/\/leibniz-institut.de\/ru\/wp-json\/wp\/v2\/media?parent=624"}],"curies":[{"name":"wp","href":"https:\/\/api.w.org\/{rel}","templated":true}]}}