{"id":733,"date":"2016-12-04T16:19:28","date_gmt":"2016-12-04T16:19:28","guid":{"rendered":"http:\/\/leibniz-institut.de\/?page_id=733"},"modified":"2016-12-04T16:44:53","modified_gmt":"2016-12-04T16:44:53","slug":"lk21-detail","status":"publish","type":"page","link":"https:\/\/leibniz-institut.de\/ru\/konferenzen\/konferenz-archiv\/21-leibniz-konferenz-triz-systematisches-erfinden\/lk21-detail\/","title":{"rendered":"Programm der 21. Leibniz-Konferenz"},"content":{"rendered":"<h3>Beitr\u00e4ge<\/h3><div class=\"talks\">\n<div itemscope itemtype=\"http:\/\/schema.org\/CreativeWork\" class=\"talk\">\n  <h4 itemprop=\"title\" class=\"talktitle\">Mehr als ein Werkzeugkasten &ndash; wie TRIZ die Sichtweise auf die Produktentwicklung ver\u00e4ndert<\/h4>\n  <div class=\"referent\"><p><strong>Autor(en):<\/strong> <span itemprop=\"creator\"> Horst Thomas N\u00e4hler<\/span><\/p><\/div>\n  <div class=\"section\"><p><strong>Thema:<\/strong> TRIZ Erfahrungen<\/p><\/div>\n<\/div> <!-- end class talk -->\n<div itemscope itemtype=\"http:\/\/schema.org\/CreativeWork\" class=\"talk\">\n  <h4 itemprop=\"title\" class=\"talktitle\">Strategisches Entwickeln durch ein TRIZ-basiertes Vorgehensmodell<\/h4>\n  <div class=\"referent\"><p><strong>Autor(en):<\/strong> <span itemprop=\"creator\"> Reinhard Schmid<\/span><\/p><\/div>\n  <div class=\"section\"><p><strong>Thema:<\/strong> TRIZ Erfahrungen<\/p><\/div>\n  <div class=\"slides\"> <img decoding=\"async\" alt=\"\" src=\"https:\/\/www.leibniz-institut.de\/images\/13_icon_pdf.gif\" width=\"18px\"\/>&nbsp;<a href=\"http:\/\/leibniz-institut.de\/Konferenzen\/TRIZ-2016\/Schmid_Vorgehensmodell.pdf\">Vortragsfolien<\/a> <\/div>\n  <div class=\"paper\"> <img decoding=\"async\" alt=\"\" src=\"https:\/\/www.leibniz-institut.de\/images\/13_icon_pdf.gif\" width=\"18px\"\/>&nbsp;<a href=\"http:\/\/leibniz-institut.de\/Konferenzen\/TRIZ-2016\/Schmid_Reinhard_Abstract.pdf\">Aufsatz<\/a> <\/div>\n<\/div> <!-- end class talk -->\n<div itemscope itemtype=\"http:\/\/schema.org\/CreativeWork\" class=\"talk\">\n  <h4 itemprop=\"title\" class=\"talktitle\">Verantwortungsbewusst Produkte entwickeln mit TRIZ<\/h4>\n  <div class=\"referent\"><p><strong>Autor(en):<\/strong> <span itemprop=\"creator\">Dipl.-Kuturwiss. Barbara Gronauer<\/span><\/p><\/div>\n  <div class=\"section\"><p><strong>Thema:<\/strong> TRIZ Erfahrungen<\/p><\/div>\n  <div class=\"slides\"> <img decoding=\"async\" alt=\"\" src=\"https:\/\/www.leibniz-institut.de\/images\/13_icon_pdf.gif\" width=\"18px\"\/>&nbsp;<a href=\"http:\/\/leibniz-institut.de\/Konferenzen\/TRIZ-2016\/Gronauer_Nachhaltigkeit.pdf\">Vortragsfolien<\/a> <\/div>\n<\/div> <!-- end class talk -->\n<div itemscope itemtype=\"http:\/\/schema.org\/CreativeWork\" class=\"talk\">\n  <h4 itemprop=\"title\" class=\"talktitle\">Normung der TRIZ und die VDI-Richtlinie<\/h4>\n  <div class=\"referent\"><p><strong>Autor(en):<\/strong> <span itemprop=\"creator\">Prof. Dr. Kai Hiltmann<\/span><\/p><\/div>\n  <div class=\"section\"><p><strong>Thema:<\/strong> TRIZ Erfahrungen<\/p><\/div>\n  <div class=\"slides\"> <img decoding=\"async\" alt=\"\" src=\"https:\/\/www.leibniz-institut.de\/images\/13_icon_pdf.gif\" width=\"18px\"\/>&nbsp;<a href=\"http:\/\/leibniz-institut.de\/Konferenzen\/TRIZ-2016\/Hiltmann_VDI_4521.pdf\">Vortragsfolien<\/a> <\/div>\n<\/div> <!-- end class talk -->\n<div itemscope itemtype=\"http:\/\/schema.org\/CreativeWork\" class=\"talk\">\n  <h4 itemprop=\"title\" class=\"talktitle\">Die Geschichte der Erfinderschulen von ihren ersten Anf\u00e4ngen bis zu ihrem heutigen Fortbestehen in der &#8222Erfinderakademie&#8221<\/h4>\n  <div class=\"referent\"><p><strong>Autor(en):<\/strong> <span itemprop=\"creator\">Dr.-Ing. Michael Herrlich<\/span><\/p><\/div>\n  <div class=\"presenter\"><p><strong>Pr\u00e4sentiert von:<\/strong> <span itemprop=\"creator\">Justus Schollmeyer<\/span><\/p><\/div>\n  <div class=\"section\"><p><strong>Thema:<\/strong> Erfinderschulen und deren Einfluss auf TRIZ<\/p><\/div>\n  <div class=\"paper\"> <img decoding=\"async\" alt=\"\" src=\"https:\/\/www.leibniz-institut.de\/images\/13_icon_pdf.gif\" width=\"18px\"\/>&nbsp;<a href=\"http:\/\/leibniz-institut.de\/Konferenzen\/TRIZ-2016\/Schollmeyer_Herrlich.pdf\">Aufsatz<\/a> <\/div>\n<\/div> <!-- end class talk -->\n<div itemscope itemtype=\"http:\/\/schema.org\/CreativeWork\" class=\"talk\">\n  <h4 itemprop=\"title\" class=\"talktitle\">Neuheit und Bed\u00fcrfnis; Widerspr\u00fcche und ihre L\u00f6sung<\/h4>\n  <div class=\"referent\"><p><strong>Autor(en):<\/strong> <span itemprop=\"creator\">Dr. phil. habil. Rainer Thiel<\/span><\/p><\/div>\n  <div class=\"section\"><p><strong>Thema:<\/strong> Erfinderschulen und deren Einfluss auf TRIZ<\/p><\/div>\n  <div class=\"paper\"> <img decoding=\"async\" alt=\"\" src=\"https:\/\/www.leibniz-institut.de\/images\/13_icon_pdf.gif\" width=\"18px\"\/>&nbsp;<a href=\"http:\/\/leibniz-institut.de\/Konferenzen\/TRIZ-2016\/Thiel_R.pdf\">Aufsatz<\/a> <\/div>\n<\/div> <!-- end class talk -->\n<div itemscope itemtype=\"http:\/\/schema.org\/CreativeWork\" class=\"talk\">\n  <h4 itemprop=\"title\" class=\"talktitle\">WOIS, QFD und TRIZ<\/h4>\n  <div class=\"referent\"><p><strong>Autor(en):<\/strong> <span itemprop=\"creator\">Prof. Dr. Kai Hiltmann<\/span><\/p><\/div>\n  <div class=\"section\"><p><strong>Thema:<\/strong> TRIZ in der Ausbildung<\/p><\/div>\n  <div class=\"slides\"> <img decoding=\"async\" alt=\"\" src=\"https:\/\/www.leibniz-institut.de\/images\/13_icon_pdf.gif\" width=\"18px\"\/>&nbsp;<a href=\"http:\/\/leibniz-institut.de\/Konferenzen\/TRIZ-2016\/Hiltmann_WOIS-QFD-TRIZ.pdf\">Vortragsfolien<\/a> <\/div>\n<\/div> <!-- end class talk -->\n<div itemscope itemtype=\"http:\/\/schema.org\/CreativeWork\" class=\"talk\">\n  <h4 itemprop=\"title\" class=\"talktitle\">TRIZ als universelle Querschnittskompetenz<\/h4>\n  <div class=\"referent\"><p><strong>Autor(en):<\/strong> <span itemprop=\"creator\">Dipl.-Ing. (FH) Olaf Weber<\/span><\/p><\/div>\n  <div class=\"section\"><p><strong>Thema:<\/strong> TRIZ in der Ausbildung<\/p><\/div>\n  <div class=\"slides\"> <img decoding=\"async\" alt=\"\" src=\"https:\/\/www.leibniz-institut.de\/images\/13_icon_pdf.gif\" width=\"18px\"\/>&nbsp;<a href=\"http:\/\/leibniz-institut.de\/Konferenzen\/TRIZ-2016\/Weber_Querschnitt.pdf\">Vortragsfolien<\/a> <\/div>\n<\/div> <!-- end class talk -->\n<div itemscope itemtype=\"http:\/\/schema.org\/CreativeWork\" class=\"talk\">\n  <h4 itemprop=\"title\" class=\"talktitle\">Innovationen mit Widerspruchsl\u00f6sungen als realisierte probleml\u00f6sende Kreativit\u00e4t<\/h4>\n  <div class=\"referent\"><p><strong>Autor(en):<\/strong> <span itemprop=\"creator\">Dr. Klaus Stanke<\/span><\/p><\/div>\n  <div class=\"section\"><p><strong>Thema:<\/strong> TRIZ in der Ausbildung<\/p><\/div>\n  <div class=\"paper\"> <img decoding=\"async\" alt=\"\" src=\"https:\/\/www.leibniz-institut.de\/images\/13_icon_pdf.gif\" width=\"18px\"\/>&nbsp;<a href=\"http:\/\/leibniz-institut.de\/Konferenzen\/TRIZ-2016\/Stanke_Innovation.pdf\">Aufsatz<\/a> <\/div>\n<\/div> <!-- end class talk -->\n<div itemscope itemtype=\"http:\/\/schema.org\/CreativeWork\" class=\"talk\">\n  <h4 itemprop=\"title\" class=\"talktitle\">Leibniz &ndash; ein deutscher Leonardo da Vinci<\/h4>\n  <div class=\"referent\"><p><strong>Autor(en):<\/strong> <span itemprop=\"creator\">PD Dr. Hartmut Hecht<\/span><\/p><\/div>\n  <div class=\"section\"><p><strong>Thema:<\/strong> LIFIS-Veranstaltung zum Leibnizjahr<\/p><\/div>\n<\/div> <!-- end class talk -->\n<div itemscope itemtype=\"http:\/\/schema.org\/CreativeWork\" class=\"talk\">\n  <h4 itemprop=\"title\" class=\"talktitle\">Zum philosophiehistorischen Hintergrund der TRIZ. TRIZ als eine Form pragmatisch-idealistischer Dialektik<\/h4>\n  <div class=\"referent\"><p><strong>Autor(en):<\/strong> <span itemprop=\"creator\"> Justus Schollmeyer<\/span><\/p><\/div>\n  <div class=\"section\"><p><strong>Thema:<\/strong> Ideengeschichtliche Wurzeln der TRIZ<\/p><\/div>\n  <div class=\"slides\"> <img decoding=\"async\" alt=\"\" src=\"https:\/\/www.leibniz-institut.de\/images\/13_icon_pdf.gif\" width=\"18px\"\/>&nbsp;<a href=\"http:\/\/leibniz-institut.de\/Konferenzen\/TRIZ-2016\/Schollmeyer_Dialektik.pdf\">Vortragsfolien<\/a> <\/div>\n<\/div> <!-- end class talk -->\n<div itemscope itemtype=\"http:\/\/schema.org\/CreativeWork\" class=\"talk\">\n  <h4 itemprop=\"title\" class=\"talktitle\">Entwicklungsgesetze und Trends der Entwicklung technischer Systeme<\/h4>\n  <div class=\"referent\"><p><strong>Autor(en):<\/strong> <span itemprop=\"creator\"> Horst Thomas N\u00e4hler<\/span><\/p><\/div>\n  <div class=\"section\"><p><strong>Thema:<\/strong> Ideengeschichtliche Wurzeln der TRIZ<\/p><\/div>\n<\/div> <!-- end class talk -->\n<div itemscope itemtype=\"http:\/\/schema.org\/CreativeWork\" class=\"talk\">\n  <h4 itemprop=\"title\" class=\"talktitle\">Soziale Innovationen &ndash; Methodische Erweiterungen der Widerspruchsfelder in ProHEAL<\/h4>\n  <div class=\"referent\"><p><strong>Autor(en):<\/strong> <span itemprop=\"creator\">Dr. Axel Popp<\/span><\/p><\/div>\n  <div class=\"section\"><p><strong>Thema:<\/strong> Gesellschaftliche Potenziale der TRIZ<\/p><\/div>\n  <div class=\"slides\"> <img decoding=\"async\" alt=\"\" src=\"https:\/\/www.leibniz-institut.de\/images\/13_icon_pdf.gif\" width=\"18px\"\/>&nbsp;<a href=\"http:\/\/leibniz-institut.de\/Konferenzen\/TRIZ-2016\/Popp_Soziale_Innovationen.pdf\">Vortragsfolien<\/a> <\/div>\n<\/div> <!-- end class talk -->\n<div itemscope itemtype=\"http:\/\/schema.org\/CreativeWork\" class=\"talk\">\n  <h4 itemprop=\"title\" class=\"talktitle\">Gemeinsamkeiten und Unterschiede von TRIZ und K\u00fcnstlicher Intelligenz als wissensbasierte Methoden f\u00fcr die L\u00f6sung technischer Probleme<\/h4>\n  <div class=\"referent\"><p><strong>Autor(en):<\/strong> <span itemprop=\"creator\">Prof. Dr.-Ing. habil. Dietrich Balzer<\/span><\/p><\/div>\n  <div class=\"section\"><p><strong>Thema:<\/strong> Gesellschaftliche Potenziale der TRIZ<\/p><\/div>\n  <div class=\"slides\"> <img decoding=\"async\" alt=\"\" src=\"https:\/\/www.leibniz-institut.de\/images\/13_icon_pdf.gif\" width=\"18px\"\/>&nbsp;<a href=\"http:\/\/leibniz-institut.de\/Konferenzen\/TRIZ-2016\/Balzer_Kybernetik.pdf\">Vortragsfolien<\/a> <\/div>\n<\/div> <!-- end class talk -->\n<div itemscope itemtype=\"http:\/\/schema.org\/CreativeWork\" class=\"talk\">\n  <h4 itemprop=\"title\" class=\"talktitle\">Heuristiken<\/h4>\n  <div class=\"referent\"><p><strong>Autor(en):<\/strong> <span itemprop=\"creator\"> Dieter Skrobotz<\/span><\/p><\/div>\n  <div class=\"section\"><p><strong>Thema:<\/strong> Gesellschaftliche Potenziale der TRIZ<\/p><\/div>\n  <div class=\"slides\"> <img decoding=\"async\" alt=\"\" src=\"https:\/\/www.leibniz-institut.de\/images\/13_icon_pdf.gif\" width=\"18px\"\/>&nbsp;<a href=\"http:\/\/leibniz-institut.de\/Konferenzen\/TRIZ-2016\/Skrobotz_Heuristik.pdf\">Vortragsfolien<\/a> <\/div>\n  <div class=\"paper\"> <img decoding=\"async\" alt=\"\" src=\"https:\/\/www.leibniz-institut.de\/images\/13_icon_pdf.gif\" width=\"18px\"\/>&nbsp;<a href=\"http:\/\/leibniz-institut.de\/Konferenzen\/TRIZ-2016\/Skrobotz.pdf\">Aufsatz<\/a> <\/div>\n<\/div> <!-- end class talk -->\n<div itemscope itemtype=\"http:\/\/schema.org\/CreativeWork\" class=\"talk\">\n  <h4 itemprop=\"title\" class=\"talktitle\">TRIZ aus Sicht des aktiven Erfinders und erfindungsmethodisch interessierten Industriechemikers<\/h4>\n  <div class=\"referent\"><p><strong>Autor(en):<\/strong> <span itemprop=\"creator\">Dr. habil. Dietmar Zobel<\/span><\/p><\/div>\n  <div class=\"section\"><p><strong>Thema:<\/strong> TRIZ heute<\/p><\/div>\n  <div class=\"slides\"> <img decoding=\"async\" alt=\"\" src=\"https:\/\/www.leibniz-institut.de\/images\/13_icon_pdf.gif\" width=\"18px\"\/>&nbsp;<a href=\"http:\/\/leibniz-institut.de\/Konferenzen\/TRIZ-2016\/Zobel_TRIZ.pdf\">Vortragsfolien<\/a> <\/div>\n<\/div> <!-- end class talk -->\n<div itemscope itemtype=\"http:\/\/schema.org\/CreativeWork\" class=\"talk\">\n  <h4 itemprop=\"title\" class=\"talktitle\">Techoptimizer, Goldfire, Patentinspiration, Innovation Workbench und Directed EvolutionZ<\/h4>\n  <div class=\"referent\"><p><strong>Autor(en):<\/strong> <span itemprop=\"creator\">Prof. Dr. Kai Hiltmann<\/span><\/p><\/div>\n  <div class=\"section\"><p><strong>Thema:<\/strong> TRIZ heute<\/p><\/div>\n<\/div> <!-- end class talk -->\n<div itemscope itemtype=\"http:\/\/schema.org\/CreativeWork\" class=\"talk\">\n  <h4 itemprop=\"title\" class=\"talktitle\">Folgerungen f\u00fcr das Erkennen von Bed\u00fcrfnissen und f\u00fcr die L\u00f6sung herangereifter Widerspr\u00fcche<\/h4>\n  <div class=\"referent\"><p><strong>Autor(en):<\/strong> <span itemprop=\"creator\">Dr. phil. habil. Rainer Thiel<\/span><\/p><\/div>\n  <div class=\"section\"><p><strong>Thema:<\/strong> TRIZ heute<\/p><\/div>\n  <div class=\"paper\"> <img decoding=\"async\" alt=\"\" src=\"https:\/\/www.leibniz-institut.de\/images\/13_icon_pdf.gif\" width=\"18px\"\/>&nbsp;<a href=\"http:\/\/leibniz-institut.de\/Konferenzen\/TRIZ-2016\/Thiel_R.pdf\">Aufsatz<\/a> <\/div>\n<\/div> <!-- end class talk -->\n<div itemscope itemtype=\"http:\/\/schema.org\/CreativeWork\" class=\"talk\">\n  <h4 itemprop=\"title\" class=\"talktitle\">Die KDT-Erfinderschulen und Entwicklung der TRIZ heute<\/h4>\n  <div class=\"referent\"><p><strong>Autor(en):<\/strong> <span itemprop=\"creator\">Dr.-Ing. Bernd Thomas<\/span><\/p><\/div>\n  <div class=\"section\"><p><strong>Thema:<\/strong> Erfinderschulen und deren Einfluss auf TRIZ<\/p><\/div>\n  <div class=\"paper\"> <img decoding=\"async\" alt=\"\" src=\"https:\/\/www.leibniz-institut.de\/images\/13_icon_pdf.gif\" width=\"18px\"\/>&nbsp;<a href=\"http:\/\/leibniz-institut.de\/Konferenzen\/TRIZ-2016\/Vortrag_Bernd_Thomas.pdf\">Aufsatz<\/a> <\/div>\n<\/div> <!-- end class talk -->\n<\/div> <!-- end class talks --><h3>Referenten<\/h3>\n<div class=\"people\">\n<div itemscope itemtype=\"http:\/\/schema.org\/Person\" class=\"creator\"><p><span itemprop=\"name\" class=\"foaf:name\">Dietrich Balzer<\/span><br\/><span itemprop=\"affiliation\" class=\"foaf:affil\">Leibnizsoziet\u00e4t der Wissenschaften zu Berlin e.V., LIFIS<\/span><\/p><\/div>\n<div itemscope itemtype=\"http:\/\/schema.org\/Person\" class=\"creator\"><p><span itemprop=\"name\" class=\"foaf:name\">Barbara Gronauer<\/span><br\/><span itemprop=\"affiliation\" class=\"foaf:affil\">StrategieInnovation, H\u00fcnfeld<\/span><\/p><\/div>\n<div itemscope itemtype=\"http:\/\/schema.org\/Person\" class=\"creator\"><p><span itemprop=\"name\" class=\"foaf:name\">Hartmut Hecht<\/span><br\/><span itemprop=\"affiliation\" class=\"foaf:affil\">Leibnizsoziet\u00e4t der Wissenschaften zu Berlin e.V.<\/span><\/p><\/div>\n<div itemscope itemtype=\"http:\/\/schema.org\/Person\" class=\"creator\"><p><span itemprop=\"name\" class=\"foaf:name\">Michael Herrlich<\/span><br\/><span itemprop=\"affiliation\" class=\"foaf:affil\">Erfinder-Akademie, Leipzig<\/span><\/p><\/div>\n<div itemscope itemtype=\"http:\/\/schema.org\/Person\" class=\"creator\"><p><span itemprop=\"name\" class=\"foaf:name\">Kai Hiltmann<\/span><br\/><span itemprop=\"affiliation\" class=\"foaf:affil\">Hochschule f\u00fcr angewandte Wissenschaften, Coburg<\/span><\/p><\/div>\n<div itemscope itemtype=\"http:\/\/schema.org\/Person\" class=\"creator\"><p><span itemprop=\"name\" class=\"foaf:name\">Horst Thomas N\u00e4hler<\/span><br\/><span itemprop=\"affiliation\" class=\"foaf:affil\">c4pi &ndash; Center for Product-Innovation, H\u00fcnfeld<\/span><\/p><\/div>\n<div itemscope itemtype=\"http:\/\/schema.org\/Person\" class=\"creator\"><p><span itemprop=\"name\" class=\"foaf:name\">Axel Popp<\/span><br\/><span itemprop=\"affiliation\" class=\"foaf:affil\">LIFIS, Potsdam<\/span><\/p><\/div>\n<div itemscope itemtype=\"http:\/\/schema.org\/Person\" class=\"creator\"><p><span itemprop=\"name\" class=\"foaf:name\">Reinhard Schmid<\/span><br\/><span itemprop=\"affiliation\" class=\"foaf:affil\">Volkswagen AG, Wolfsburg<\/span><\/p><\/div>\n<div itemscope itemtype=\"http:\/\/schema.org\/Person\" class=\"creator\"><p><span itemprop=\"name\" class=\"foaf:name\">Justus Schollmeyer<\/span><br\/><span itemprop=\"affiliation\" class=\"foaf:affil\">Philosoph, LIFIS, Berlin<\/span><\/p><\/div>\n<div itemscope itemtype=\"http:\/\/schema.org\/Person\" class=\"creator\"><p><span itemprop=\"name\" class=\"foaf:name\">Dieter Skrobotz<\/span><br\/><span itemprop=\"affiliation\" class=\"foaf:affil\">Projektentwicklung und -beratung, Berlin<\/span><\/p><\/div>\n<div itemscope itemtype=\"http:\/\/schema.org\/Person\" class=\"creator\"><p><span itemprop=\"name\" class=\"foaf:name\">Klaus Stanke<\/span><br\/><span itemprop=\"affiliation\" class=\"foaf:affil\">Kreativit\u00e4tstrainer, Kleinr\u00f6hrsdorf<\/span><\/p><\/div>\n<div itemscope itemtype=\"http:\/\/schema.org\/Person\" class=\"creator\"><p><span itemprop=\"name\" class=\"foaf:name\">Rainer Thiel<\/span><br\/><span itemprop=\"affiliation\" class=\"foaf:affil\">LIFIS, Bugk bei Storkow<\/span><\/p><\/div>\n<div itemscope itemtype=\"http:\/\/schema.org\/Person\" class=\"creator\"><p><span itemprop=\"name\" class=\"foaf:name\">Bernd Thomas<\/span><br\/><span itemprop=\"affiliation\" class=\"foaf:affil\">Verein Brandenburgischer Ingenieure und Wirtschaftler e.V.<\/span><\/p><\/div>\n<div itemscope itemtype=\"http:\/\/schema.org\/Person\" class=\"creator\"><p><span itemprop=\"name\" class=\"foaf:name\">Olaf Weber<\/span><br\/><span itemprop=\"affiliation\" class=\"foaf:affil\">LIFIS, Initiator &#8222Next Generation Education\u201d, Berlin<\/span><\/p><\/div>\n<div itemscope itemtype=\"http:\/\/schema.org\/Person\" class=\"creator\"><p><span itemprop=\"name\" class=\"foaf:name\">Dietmar Zobel<\/span><br\/><span itemprop=\"affiliation\" class=\"foaf:affil\">LIFIS, Ingenieurb\u00fcro f\u00fcr Systemtechnik, Wittenberg<\/span><\/p><\/div>\n<\/div> <!-- end class people -->\n","protected":false},"excerpt":{"rendered":"","protected":false},"author":2,"featured_media":0,"parent":405,"menu_order":0,"comment_status":"closed","ping_status":"closed","template":"","meta":{"footnotes":""},"class_list":["post-733","page","type-page","status-publish","hentry"],"translation":{"provider":"WPGlobus","version":"3.0.2","language":"ru","enabled_languages":["de","en","ru"],"languages":{"de":{"title":true,"content":true,"excerpt":false},"en":{"title":false,"content":false,"excerpt":false},"ru":{"title":false,"content":false,"excerpt":false}}},"_links":{"self":[{"href":"https:\/\/leibniz-institut.de\/ru\/wp-json\/wp\/v2\/pages\/733","targetHints":{"allow":["GET"]}}],"collection":[{"href":"https:\/\/leibniz-institut.de\/ru\/wp-json\/wp\/v2\/pages"}],"about":[{"href":"https:\/\/leibniz-institut.de\/ru\/wp-json\/wp\/v2\/types\/page"}],"author":[{"embeddable":true,"href":"https:\/\/leibniz-institut.de\/ru\/wp-json\/wp\/v2\/users\/2"}],"replies":[{"embeddable":true,"href":"https:\/\/leibniz-institut.de\/ru\/wp-json\/wp\/v2\/comments?post=733"}],"version-history":[{"count":3,"href":"https:\/\/leibniz-institut.de\/ru\/wp-json\/wp\/v2\/pages\/733\/revisions"}],"predecessor-version":[{"id":736,"href":"https:\/\/leibniz-institut.de\/ru\/wp-json\/wp\/v2\/pages\/733\/revisions\/736"}],"up":[{"embeddable":true,"href":"https:\/\/leibniz-institut.de\/ru\/wp-json\/wp\/v2\/pages\/405"}],"wp:attachment":[{"href":"https:\/\/leibniz-institut.de\/ru\/wp-json\/wp\/v2\/media?parent=733"}],"curies":[{"name":"wp","href":"https:\/\/api.w.org\/{rel}","templated":true}]}}