{"id":806,"date":"2017-09-16T10:08:58","date_gmt":"2017-09-16T10:08:58","guid":{"rendered":"https:\/\/leibniz-institut.de\/?page_id=806"},"modified":"2019-01-10T14:10:09","modified_gmt":"2019-01-10T14:10:09","slug":"23-leibniz-konferenz-2018-lokalisierung-im-internet-der-dinge","status":"publish","type":"page","link":"https:\/\/leibniz-institut.de\/ru\/konferenzen\/23-leibniz-konferenz-2018-lokalisierung-im-internet-der-dinge\/","title":{"rendered":"23. Leibniz-Konferenz 2018 &#8212; Lokalisierungstechniken f\u00fcr IoT, Telematik und Industrie 4.0"},"content":{"rendered":"<p>22.-23. November 2018<br \/>\n<a href=\"\/tagungshotel-lichtenwalde\/\">Best Western Hotel am Schlosspark<\/a><br \/>\nAugust Bebel Stra\u00dfe 1<br \/>\n09577 Lichtenwalde (Sachsen)<\/p>\n<h3>Veranstalter<\/h3>\n<p>LEIBNIZ-INSTITUT<br \/>\nf\u00fcr interdisziplin\u00e4re Studien e.V. (LIFIS)<br \/>\nBerlin-Adlershof<\/p>\n<p>LIFIS organisiert Leibniz-Konferenzen zu verschiedenen wissenschaftlichen Themen mit interdiszi\u00adplin\u00e4rem Zuschnitt, um den Austausch \u00fcber Fachgrenzen hinweg zu bef\u00f6rdern. Das Tagungshotel in Lichtenwalde bietet hierf\u00fcr eine angenehme Seminaratmosph\u00e4re f\u00fcr bis zu 50 Teilnehmer.<\/p>\n<h3>Programminhalte<\/h3>\n<p>Die digitale Revolution umgibt uns t\u00e4glich, wobei heute Internet und Mobilkommunikation zu unseren Grundbed\u00fcrfnissen z\u00e4hlen. Gerade in den Anwendungsdom\u00e4nen von IoT, Telematik und Industrie 4.0 bildet die Vernetzung eine tragende Rolle innerhalb des gesamten Digitalisierungsprozesses. Sind aber dar\u00fcber hinaus auch georeferenzierte Lokalisierungsfunktionen verf\u00fcgbar, so kann damit die Dienstequalit\u00e4t ma\u00dfgeblich verbessert werden oder es sind sogar v\u00f6llig neue Dienste etablierbar. Jedoch erfordern die hierf\u00fcr geltenden, stark differenzierenden Anwendungsumgebungen, wie beispielsweise die Ortung von Personen, Fahrzeugen, G\u00fctern und Maschinen innerhalb von Umgebungsszenarien wie Wohnraum, Parkhaus, Fahrgastzelle und Fabrik angepasste Lokalisierungstechniken. Genau diesem Problemfeld widmet sich die Leibniz-Konferenz als Diskussionsplattform f\u00fcr Herausforderungen und passende L\u00f6sungsans\u00e4tze, gespiegelt an aktuellen Anforderungsfeldern aus Forschung und Technik.<\/p>\n<h3>Schwerpunkte der Konferenz<\/h3>\n<ul>\n<li>Satellitengest\u00fctzte Ortung (Vorsitz: Prof. Michler)<\/li>\n<li>Funksensorgest\u00fctzte Ortung (Vorsitz: Dr. Eggert)<\/li>\n<li>Bildgebende Ortungsverfahren (Vorsitz: Prof. Trautmann)<\/li>\n<li>Datenfusion (Vorsitz: Prof. Beyer)<\/li>\n<li>Geoinformationen und Mapping (Vorsitz: Prof. Bernard)<\/li>\n<li>Anwendungsfelder (Vorsitz: Prof. Junghans)<\/li>\n<\/ul>\n<h3>Programmkomitee<\/h3>\n<ul>\n<li>Prof. Dr.-Ing. Oliver Michler, TU Dresden, Vorsitz<\/li>\n<li>Prof. Dr. Lars Bernard, TU Dresden<\/li>\n<li>Prof. Dr. J\u00fcrgen Beyer, TU Darmstadt und Fa. Nav42<\/li>\n<li>Dr. Dietmar Eggert, Metirionic GmbH Dresden<\/li>\n<li>Prof. Dr. Bernd Junghans, LIFIS e.V.<\/li>\n<li>Prof. Dr. Toralf Trautmann, HTW Dresden<\/li>\n<\/ul>\n<h3>Organisatorisches<\/h3>\n<ul>\n<li><a href=\"http:\/\/leibniz-institut.de\/Konferenzen\/Lokalisierung-2018\/Abstractbook.pdf\">Programm und Abstracts<\/a><\/li>\n<li><a href=\"http:\/\/leibniz-institut.de\/lk23-detail\/\">Abstracts zur Konferenz<\/a> mit Downloadoption der Folien zu den Beitr\u00e4gen.<\/li>\n<\/ul>\n","protected":false},"excerpt":{"rendered":"<p>22.-23. November 2018 Best Western Hotel am Schlosspark August Bebel Stra\u00dfe 1 09577 Lichtenwalde (Sachsen) Veranstalter LEIBNIZ-INSTITUT f\u00fcr interdisziplin\u00e4re Studien e.V. (LIFIS) Berlin-Adlershof LIFIS organisiert Leibniz-Konferenzen zu verschiedenen wissenschaftlichen Themen <a class=\"more-link\" href=\"https:\/\/leibniz-institut.de\/ru\/konferenzen\/23-leibniz-konferenz-2018-lokalisierung-im-internet-der-dinge\/\">Weiterlesen \u2192<\/a><\/p>\n","protected":false},"author":2,"featured_media":0,"parent":31,"menu_order":24,"comment_status":"closed","ping_status":"closed","template":"","meta":{"footnotes":""},"class_list":["post-806","page","type-page","status-publish","hentry"],"translation":{"provider":"WPGlobus","version":"3.0.2","language":"ru","enabled_languages":["de","en","ru"],"languages":{"de":{"title":true,"content":true,"excerpt":false},"en":{"title":true,"content":true,"excerpt":false},"ru":{"title":false,"content":false,"excerpt":false}}},"_links":{"self":[{"href":"https:\/\/leibniz-institut.de\/ru\/wp-json\/wp\/v2\/pages\/806","targetHints":{"allow":["GET"]}}],"collection":[{"href":"https:\/\/leibniz-institut.de\/ru\/wp-json\/wp\/v2\/pages"}],"about":[{"href":"https:\/\/leibniz-institut.de\/ru\/wp-json\/wp\/v2\/types\/page"}],"author":[{"embeddable":true,"href":"https:\/\/leibniz-institut.de\/ru\/wp-json\/wp\/v2\/users\/2"}],"replies":[{"embeddable":true,"href":"https:\/\/leibniz-institut.de\/ru\/wp-json\/wp\/v2\/comments?post=806"}],"version-history":[{"count":19,"href":"https:\/\/leibniz-institut.de\/ru\/wp-json\/wp\/v2\/pages\/806\/revisions"}],"predecessor-version":[{"id":1097,"href":"https:\/\/leibniz-institut.de\/ru\/wp-json\/wp\/v2\/pages\/806\/revisions\/1097"}],"up":[{"embeddable":true,"href":"https:\/\/leibniz-institut.de\/ru\/wp-json\/wp\/v2\/pages\/31"}],"wp:attachment":[{"href":"https:\/\/leibniz-institut.de\/ru\/wp-json\/wp\/v2\/media?parent=806"}],"curies":[{"name":"wp","href":"https:\/\/api.w.org\/{rel}","templated":true}]}}