{"id":812,"date":"2017-09-16T10:58:35","date_gmt":"2017-09-16T10:58:35","guid":{"rendered":"https:\/\/leibniz-institut.de\/?page_id=812"},"modified":"2017-10-30T15:10:39","modified_gmt":"2017-10-30T15:10:39","slug":"zertifikationsstudium","status":"publish","type":"page","link":"https:\/\/leibniz-institut.de\/ru\/schwerpunktthemen\/bildung\/zertifikationsstudium\/","title":{"rendered":"Zertifikationsstudium"},"content":{"rendered":"<p>LIFIS bietet in Zusammenarbeit mit der &#171;dbi Akademisches Studienzentrum Sch\u00f6nau GmbH&#187; Zertifikationsstudieng\u00e4nge mit dem <strong>Abschluss als Fachingenieur<\/strong> als zugelassene Weiterbildungsma\u00dfnahme f\u00fcr die F\u00f6rderung der beruflichen Weiterbildung auf folgenden Gebieten an:<\/p>\n<ul>\n<li><a href=\"https:\/\/leibniz-institut.de\/usr_files\/Automatisierung-Produktion.pdf\">Automatisierung \/ Industrie 4.0<\/a><\/li>\n<li>Sicherheitsengineering \/ Industrie 4.0<\/li>\n<li>Interdisziplin\u00e4res Innovationsmanagement<\/li>\n<\/ul>\n<p>Die n\u00e4chste Immatrikulation ist zum November 2017 m\u00f6glich. Die Bildungsangebote sind besonders auf die Bed\u00fcrfnisse innovativer kleiner und mittlerer Unternehmen ausgerichtet.<\/p>\n","protected":false},"excerpt":{"rendered":"<p>LIFIS bietet in Zusammenarbeit mit der &#171;dbi Akademisches Studienzentrum Sch\u00f6nau GmbH&#187; Zertifikationsstudieng\u00e4nge mit dem Abschluss als Fachingenieur als zugelassene Weiterbildungsma\u00dfnahme f\u00fcr die F\u00f6rderung der beruflichen Weiterbildung auf folgenden Gebieten an: <a class=\"more-link\" href=\"https:\/\/leibniz-institut.de\/ru\/schwerpunktthemen\/bildung\/zertifikationsstudium\/\">Weiterlesen \u2192<\/a><\/p>\n","protected":false},"author":2,"featured_media":0,"parent":2,"menu_order":0,"comment_status":"closed","ping_status":"closed","template":"","meta":{"footnotes":""},"class_list":["post-812","page","type-page","status-publish","hentry"],"translation":{"provider":"WPGlobus","version":"3.0.2","language":"ru","enabled_languages":["de","en","ru"],"languages":{"de":{"title":true,"content":true,"excerpt":false},"en":{"title":false,"content":false,"excerpt":false},"ru":{"title":false,"content":false,"excerpt":false}}},"_links":{"self":[{"href":"https:\/\/leibniz-institut.de\/ru\/wp-json\/wp\/v2\/pages\/812","targetHints":{"allow":["GET"]}}],"collection":[{"href":"https:\/\/leibniz-institut.de\/ru\/wp-json\/wp\/v2\/pages"}],"about":[{"href":"https:\/\/leibniz-institut.de\/ru\/wp-json\/wp\/v2\/types\/page"}],"author":[{"embeddable":true,"href":"https:\/\/leibniz-institut.de\/ru\/wp-json\/wp\/v2\/users\/2"}],"replies":[{"embeddable":true,"href":"https:\/\/leibniz-institut.de\/ru\/wp-json\/wp\/v2\/comments?post=812"}],"version-history":[{"count":4,"href":"https:\/\/leibniz-institut.de\/ru\/wp-json\/wp\/v2\/pages\/812\/revisions"}],"predecessor-version":[{"id":872,"href":"https:\/\/leibniz-institut.de\/ru\/wp-json\/wp\/v2\/pages\/812\/revisions\/872"}],"up":[{"embeddable":true,"href":"https:\/\/leibniz-institut.de\/ru\/wp-json\/wp\/v2\/pages\/2"}],"wp:attachment":[{"href":"https:\/\/leibniz-institut.de\/ru\/wp-json\/wp\/v2\/media?parent=812"}],"curies":[{"name":"wp","href":"https:\/\/api.w.org\/{rel}","templated":true}]}}